{"id":7281,"date":"2024-11-22T01:38:20","date_gmt":"2024-11-21T22:38:20","guid":{"rendered":"https:\/\/lavenderblush-sheep-125930.hostingersite.com\/?post_type=product&#038;p=7281"},"modified":"2024-11-22T01:40:36","modified_gmt":"2024-11-21T22:40:36","slug":"cikolata-hediye-kutusu-ebat29-21-5-6-cm-7","status":"publish","type":"product","link":"https:\/\/toptanhediyekutu.com\/?product=cikolata-hediye-kutusu-ebat29-21-5-6-cm-7","title":{"rendered":"\u00c7ikolata Hediye Kutusu Ebat:29\/21\/5.6 cm"},"content":{"rendered":"<p><strong>\u00c7ikolata Hediye Kutusu Ebat:29\/21\/5.6 cm<\/strong><\/p>\n<p class=\"p2\"><span class=\"s1\"><b>50 Adet Ve \u00dczeri Al\u0131mlarda <\/b><\/span><\/p>\n<p class=\"p2\"><span class=\"s1\"><b>Fatih Kayadan \u00d6zel Toptan Fiyat \u0130stemel\u0131s\u0131n\u0131z <\/b><\/span><\/p>\n<p class=\"p2\"><span class=\"s1\"><b>150 Adet Ve \u00dczeri Al\u0131mlarda Logo Bask\u0131l\u0131 \u00dcretimimiz Vard\u0131r<\/b><\/span><\/p>\n<p class=\"p2\"><span class=\"s1\"><b>Fatih Kaya Onl\u0131ne Bilgi WhatsApp + 90 536 431 72 02 <\/b><\/span><\/p>\n<p class=\"p2\"><span class=\"s1\"><b>Magza : 0 212 531 79 58 <\/b><\/span><\/p>\n","protected":false},"excerpt":{"rendered":"<p>https:\/\/youtube.com\/shorts\/r2lH5Nr4XE0?si=mHeDRST0u76m0c65<\/p>\n","protected":false},"featured_media":7172,"template":"","meta":{"_joinchat":[]},"product_brand":[],"product_cat":[1395,594],"product_tag":[1702,1701,1704,1703,1705],"class_list":{"0":"post-7281","1":"product","2":"type-product","3":"status-publish","4":"has-post-thumbnail","6":"product_cat-cikolata-hediye-kutulari","7":"product_cat-dikdortgen-hediye-kutulari","8":"product_tag-1-kg-madlen-cikolata-kac-adet-olur","9":"product_tag-24-yuvali-madlen-cikolata-kutusu-beyaz","10":"product_tag-cikolata-cesitleri-ve-fiyatlari","11":"product_tag-en-iyi-madlen-cikolata","12":"product_tag-en-ucuzu","14":"first","15":"instock","16":"taxable","17":"shipping-taxable","18":"product-type-simple"},"_links":{"self":[{"href":"https:\/\/toptanhediyekutu.com\/index.php?rest_route=\/wp\/v2\/product\/7281","targetHints":{"allow":["GET"]}}],"collection":[{"href":"https:\/\/toptanhediyekutu.com\/index.php?rest_route=\/wp\/v2\/product"}],"about":[{"href":"https:\/\/toptanhediyekutu.com\/index.php?rest_route=\/wp\/v2\/types\/product"}],"version-history":[{"count":1,"href":"https:\/\/toptanhediyekutu.com\/index.php?rest_route=\/wp\/v2\/product\/7281\/revisions"}],"predecessor-version":[{"id":7282,"href":"https:\/\/toptanhediyekutu.com\/index.php?rest_route=\/wp\/v2\/product\/7281\/revisions\/7282"}],"wp:featuredmedia":[{"embeddable":true,"href":"https:\/\/toptanhediyekutu.com\/index.php?rest_route=\/wp\/v2\/media\/7172"}],"wp:attachment":[{"href":"https:\/\/toptanhediyekutu.com\/index.php?rest_route=%2Fwp%2Fv2%2Fmedia&parent=7281"}],"wp:term":[{"taxonomy":"product_brand","embeddable":true,"href":"https:\/\/toptanhediyekutu.com\/index.php?rest_route=%2Fwp%2Fv2%2Fproduct_brand&post=7281"},{"taxonomy":"product_cat","embeddable":true,"href":"https:\/\/toptanhediyekutu.com\/index.php?rest_route=%2Fwp%2Fv2%2Fproduct_cat&post=7281"},{"taxonomy":"product_tag","embeddable":true,"href":"https:\/\/toptanhediyekutu.com\/index.php?rest_route=%2Fwp%2Fv2%2Fproduct_tag&post=7281"}],"curies":[{"name":"wp","href":"https:\/\/api.w.org\/{rel}","templated":true}]}}