{"id":7268,"date":"2024-11-22T01:17:59","date_gmt":"2024-11-21T22:17:59","guid":{"rendered":"https:\/\/lavenderblush-sheep-125930.hostingersite.com\/?post_type=product&#038;p=7268"},"modified":"2025-01-18T19:03:44","modified_gmt":"2025-01-18T16:03:44","slug":"cikolata-hediye-kutusu-ebat21-20-5-cm-2","status":"publish","type":"product","link":"https:\/\/toptanhediyekutu.com\/?product=cikolata-hediye-kutusu-ebat21-20-5-cm-2","title":{"rendered":"\u00c7ikolata Hediye Kutusu Ebat:21\/20\/5 cm"},"content":{"rendered":"<p>M\u0131knat\u0131s Kapak 500 GR \u00c7ikolata Hediye Kutu Ebat : 21\/20\/5 cm<\/p>\n<p>M\u0131knat\u0131s Kapak Hediye Kutusu Ag\u0131rl\u0131k 305 GR<\/p>\n<p class=\"p2\"><span class=\"s1\"><b>50 Adet Ve \u00dczeri Al\u0131mlarda <\/b><\/span><\/p>\n<p class=\"p2\"><span class=\"s1\"><b>Fatih Kayadan \u00d6zel Toptan Fiyat \u0130stemel\u0131s\u0131n\u0131z <\/b><\/span><\/p>\n<p class=\"p2\"><span class=\"s1\"><b>150 Adet Ve \u00dczeri Al\u0131mlarda Logo Bask\u0131l\u0131 \u00dcretimimiz Vard\u0131r<\/b><\/span><\/p>\n<p class=\"p2\"><span class=\"s1\"><b>Fatih Kaya Onl\u0131ne Bilgi WhatsApp + 90 536 431 72 02 <\/b><\/span><\/p>\n<p class=\"p2\"><span class=\"s1\"><b>Magza : 0 212 531 79 58 <\/b><\/span><\/p>\n","protected":false},"excerpt":{"rendered":"<p>https:\/\/youtube.com\/shorts\/u75nfu3V7Mc?si=3QbbiPokbXV9ntO2<\/p>\n<p>M\u0131knat\u0131s Kapak 500 GR \u00c7ikolata Hediye Kutu Ebat : 21\/20\/5 cm<\/p>\n<p>M\u0131knat\u0131s Kapak Hediye Kutusu Ag\u0131rl\u0131k 305 GR<\/p>\n","protected":false},"featured_media":7269,"template":"","meta":{"_joinchat":[]},"product_brand":[],"product_cat":[1395],"product_tag":[1285,667,1730,1733,568,1561,1734],"class_list":{"0":"post-7268","1":"product","2":"type-product","3":"status-publish","4":"has-post-thumbnail","6":"product_cat-cikolata-hediye-kutulari","7":"product_tag-cicek","8":"product_tag-cikolata","9":"product_tag-draje","10":"product_tag-logolu-cikolata","11":"product_tag-tablet-cikolata","12":"product_tag-toptan-cicek","13":"product_tag-toptan-cikolata","15":"first","16":"instock","17":"taxable","18":"shipping-taxable","19":"product-type-simple"},"_links":{"self":[{"href":"https:\/\/toptanhediyekutu.com\/index.php?rest_route=\/wp\/v2\/product\/7268","targetHints":{"allow":["GET"]}}],"collection":[{"href":"https:\/\/toptanhediyekutu.com\/index.php?rest_route=\/wp\/v2\/product"}],"about":[{"href":"https:\/\/toptanhediyekutu.com\/index.php?rest_route=\/wp\/v2\/types\/product"}],"version-history":[{"count":1,"href":"https:\/\/toptanhediyekutu.com\/index.php?rest_route=\/wp\/v2\/product\/7268\/revisions"}],"predecessor-version":[{"id":7270,"href":"https:\/\/toptanhediyekutu.com\/index.php?rest_route=\/wp\/v2\/product\/7268\/revisions\/7270"}],"wp:featuredmedia":[{"embeddable":true,"href":"https:\/\/toptanhediyekutu.com\/index.php?rest_route=\/wp\/v2\/media\/7269"}],"wp:attachment":[{"href":"https:\/\/toptanhediyekutu.com\/index.php?rest_route=%2Fwp%2Fv2%2Fmedia&parent=7268"}],"wp:term":[{"taxonomy":"product_brand","embeddable":true,"href":"https:\/\/toptanhediyekutu.com\/index.php?rest_route=%2Fwp%2Fv2%2Fproduct_brand&post=7268"},{"taxonomy":"product_cat","embeddable":true,"href":"https:\/\/toptanhediyekutu.com\/index.php?rest_route=%2Fwp%2Fv2%2Fproduct_cat&post=7268"},{"taxonomy":"product_tag","embeddable":true,"href":"https:\/\/toptanhediyekutu.com\/index.php?rest_route=%2Fwp%2Fv2%2Fproduct_tag&post=7268"}],"curies":[{"name":"wp","href":"https:\/\/api.w.org\/{rel}","templated":true}]}}