{"id":7258,"date":"2024-11-22T00:47:02","date_gmt":"2024-11-21T21:47:02","guid":{"rendered":"https:\/\/lavenderblush-sheep-125930.hostingersite.com\/?post_type=product&#038;p=7258"},"modified":"2026-03-12T15:47:36","modified_gmt":"2026-03-12T12:47:36","slug":"cikolata-hediye-kutusu-ebat29-21-5-6-cm-4","status":"publish","type":"product","link":"https:\/\/toptanhediyekutu.com\/?product=cikolata-hediye-kutusu-ebat29-21-5-6-cm-4","title":{"rendered":"\u00c7ikolata Hediye Kutusu Ebat:29\/21\/5.6 cm"},"content":{"rendered":"<p>M\u0131knat\u0131s Kapak 750 GR \u00c7<\/p>\n<p>Hediye Kutusu Ebat:29\/21\/5.6 cm<\/p>\n<p>M\u0131knat\u0131s Kapak Hediye Kutusu Ag\u0131rl\u0131k 430 GR<\/p>\n","protected":false},"excerpt":{"rendered":"<p>&nbsp;<\/p>\n<p>https:\/\/youtube.com\/shorts\/eQcJw3Nitu0?si=NFZsbpJir7YJR3Mb<\/p>\n<p>&nbsp;<\/p>\n<p>M\u0131knat\u0131s Kapak 750 GR<\/p>\n<p>Hediye Kutusu Ebat:29\/21\/5.6 cm<\/p>\n<p>M\u0131knat\u0131s Kapak Hediye Kutusu Ag\u0131rl\u0131k 430 GR<\/p>\n","protected":false},"featured_media":7177,"template":"","meta":{"_joinchat":[]},"product_brand":[],"product_cat":[1395],"product_tag":[561,563,562,181,564,568],"class_list":{"0":"post-7258","1":"product","2":"type-product","3":"status-publish","4":"has-post-thumbnail","6":"product_cat-cikolata-hediye-kutulari","7":"product_tag-cikolata-cesitleri","8":"product_tag-cikolata-sepeti","9":"product_tag-cikolata-siparisi","10":"product_tag-hediyelik-cikolata","11":"product_tag-hediyelik-cikolatalar","12":"product_tag-tablet-cikolata","14":"first","15":"instock","16":"taxable","17":"shipping-taxable","18":"product-type-simple"},"_links":{"self":[{"href":"https:\/\/toptanhediyekutu.com\/index.php?rest_route=\/wp\/v2\/product\/7258","targetHints":{"allow":["GET"]}}],"collection":[{"href":"https:\/\/toptanhediyekutu.com\/index.php?rest_route=\/wp\/v2\/product"}],"about":[{"href":"https:\/\/toptanhediyekutu.com\/index.php?rest_route=\/wp\/v2\/types\/product"}],"version-history":[{"count":1,"href":"https:\/\/toptanhediyekutu.com\/index.php?rest_route=\/wp\/v2\/product\/7258\/revisions"}],"predecessor-version":[{"id":7259,"href":"https:\/\/toptanhediyekutu.com\/index.php?rest_route=\/wp\/v2\/product\/7258\/revisions\/7259"}],"wp:featuredmedia":[{"embeddable":true,"href":"https:\/\/toptanhediyekutu.com\/index.php?rest_route=\/wp\/v2\/media\/7177"}],"wp:attachment":[{"href":"https:\/\/toptanhediyekutu.com\/index.php?rest_route=%2Fwp%2Fv2%2Fmedia&parent=7258"}],"wp:term":[{"taxonomy":"product_brand","embeddable":true,"href":"https:\/\/toptanhediyekutu.com\/index.php?rest_route=%2Fwp%2Fv2%2Fproduct_brand&post=7258"},{"taxonomy":"product_cat","embeddable":true,"href":"https:\/\/toptanhediyekutu.com\/index.php?rest_route=%2Fwp%2Fv2%2Fproduct_cat&post=7258"},{"taxonomy":"product_tag","embeddable":true,"href":"https:\/\/toptanhediyekutu.com\/index.php?rest_route=%2Fwp%2Fv2%2Fproduct_tag&post=7258"}],"curies":[{"name":"wp","href":"https:\/\/api.w.org\/{rel}","templated":true}]}}