{"id":7245,"date":"2024-11-22T00:24:10","date_gmt":"2024-11-21T21:24:10","guid":{"rendered":"https:\/\/lavenderblush-sheep-125930.hostingersite.com\/?post_type=product&#038;p=7245"},"modified":"2026-03-12T15:47:28","modified_gmt":"2026-03-12T12:47:28","slug":"hediye-kutusu-ebat29-21-5-6-cm","status":"publish","type":"product","link":"https:\/\/toptanhediyekutu.com\/?product=hediye-kutusu-ebat29-21-5-6-cm","title":{"rendered":"\u00c7ikolata Hediye Kutusu Ebat:29\/21\/5.6 cm"},"content":{"rendered":"<p><iframe title=\"\u00c7ikolata Hediye Kutusu Ebat 21\/20\/5 cm\" width=\"1140\" height=\"641\" src=\"https:\/\/www.youtube.com\/embed\/lVi-To7Cyc8?feature=oembed\" frameborder=\"0\" allow=\"accelerometer; autoplay; clipboard-write; encrypted-media; gyroscope; picture-in-picture; web-share\" referrerpolicy=\"strict-origin-when-cross-origin\" allowfullscreen><\/iframe><\/p>\n<p>M\u0131knat\u0131s Kapak 750 GR \u00c7<\/p>\n<p>Hediye Kutusu Ebat:29\/21\/5.6 cm<\/p>\n<p>M\u0131knat\u0131s Kapak Hediye Kutusu Ag\u0131rl\u0131k 430 GR<\/p>\n","protected":false},"excerpt":{"rendered":"<p>https:\/\/youtu.be\/lVi-To7Cyc8<\/p>\n<p>M\u0131knat\u0131s Kapak 750 GR \u00c7ikolata Hediye Kutu Ebat : 28.50\/20\/5 cm<\/p>\n<p>M\u0131knat\u0131s Kapak Hediye Kutusu Ag\u0131rl\u0131k 430 GR<\/p>\n","protected":false},"featured_media":7167,"template":"","meta":{"_joinchat":[]},"product_brand":[],"product_cat":[1395],"product_tag":[80,82,81,83,87,88,89,71,72],"class_list":{"0":"post-7245","1":"product","2":"type-product","3":"status-publish","4":"has-post-thumbnail","6":"product_cat-cikolata-hediye-kutulari","7":"product_tag-bos-hediye-kutu","8":"product_tag-bos-hediye-kutulari","9":"product_tag-bos-hediye-kutusu","10":"product_tag-hediye-kutulari","11":"product_tag-hediye-kutusu","12":"product_tag-hediyelik-esya","13":"product_tag-hediyelik-esya-kutusu","14":"product_tag-toptan-bos-hediye-kutu","15":"product_tag-toptan-bos-hediye-kutusu","17":"first","18":"instock","19":"taxable","20":"shipping-taxable","21":"product-type-simple"},"_links":{"self":[{"href":"https:\/\/toptanhediyekutu.com\/index.php?rest_route=\/wp\/v2\/product\/7245","targetHints":{"allow":["GET"]}}],"collection":[{"href":"https:\/\/toptanhediyekutu.com\/index.php?rest_route=\/wp\/v2\/product"}],"about":[{"href":"https:\/\/toptanhediyekutu.com\/index.php?rest_route=\/wp\/v2\/types\/product"}],"version-history":[{"count":2,"href":"https:\/\/toptanhediyekutu.com\/index.php?rest_route=\/wp\/v2\/product\/7245\/revisions"}],"predecessor-version":[{"id":7253,"href":"https:\/\/toptanhediyekutu.com\/index.php?rest_route=\/wp\/v2\/product\/7245\/revisions\/7253"}],"wp:featuredmedia":[{"embeddable":true,"href":"https:\/\/toptanhediyekutu.com\/index.php?rest_route=\/wp\/v2\/media\/7167"}],"wp:attachment":[{"href":"https:\/\/toptanhediyekutu.com\/index.php?rest_route=%2Fwp%2Fv2%2Fmedia&parent=7245"}],"wp:term":[{"taxonomy":"product_brand","embeddable":true,"href":"https:\/\/toptanhediyekutu.com\/index.php?rest_route=%2Fwp%2Fv2%2Fproduct_brand&post=7245"},{"taxonomy":"product_cat","embeddable":true,"href":"https:\/\/toptanhediyekutu.com\/index.php?rest_route=%2Fwp%2Fv2%2Fproduct_cat&post=7245"},{"taxonomy":"product_tag","embeddable":true,"href":"https:\/\/toptanhediyekutu.com\/index.php?rest_route=%2Fwp%2Fv2%2Fproduct_tag&post=7245"}],"curies":[{"name":"wp","href":"https:\/\/api.w.org\/{rel}","templated":true}]}}