{"id":7150,"date":"2024-11-21T22:41:54","date_gmt":"2024-11-21T19:41:54","guid":{"rendered":"https:\/\/lavenderblush-sheep-125930.hostingersite.com\/?post_type=product&#038;p=7150"},"modified":"2026-03-12T15:47:08","modified_gmt":"2026-03-12T12:47:08","slug":"cikolata-hediye-kutusu-ebat29-21-5-6-cm","status":"publish","type":"product","link":"https:\/\/toptanhediyekutu.com\/?product=cikolata-hediye-kutusu-ebat29-21-5-6-cm","title":{"rendered":"\u00c7ikolata Hediye Kutusu Ebat:29\/21\/5.6 cm"},"content":{"rendered":"<p><strong>\u00c7ikolata Hediye Kutusu Ebat:29\/21\/5.6 cm<\/strong><\/p>\n<p class=\"p2\"><span class=\"s1\"><b>50 Adet Ve \u00dczeri Al\u0131mlarda <\/b><\/span><\/p>\n<p class=\"p2\"><span class=\"s1\"><b>Fatih Kayadan \u00d6zel Toptan Fiyat \u0130stemel\u0131s\u0131n\u0131z <\/b><\/span><\/p>\n<p class=\"p2\"><span class=\"s1\"><b>150 Adet Ve \u00dczeri Al\u0131mlarda Logo Bask\u0131l\u0131 \u00dcretimimiz Vard\u0131r<\/b><\/span><\/p>\n<p class=\"p2\"><span class=\"s1\"><b>Fatih Kaya Onl\u0131ne Bilgi WhatsApp + 90 536 431 72 02 <\/b><\/span><\/p>\n<p class=\"p2\"><span class=\"s1\"><b>Magza : 0 212 531 79 58 <\/b><\/span><\/p>\n","protected":false},"excerpt":{"rendered":"<p>\u00c7ikolata Hediye Kutusu Ebat:29\/21\/5.6 cm 50 Adet Ve \u00dczeri Al\u0131mlarda Fatih Kayadan \u00d6zel Toptan Fiyat \u0130stemel\u0131s\u0131n\u0131z 150 Adet Ve \u00dczeri Al\u0131mlarda Logo Bask\u0131l\u0131 \u00dcretimimiz Vard\u0131r Fatih Kaya Onl\u0131ne Bilgi WhatsApp [&hellip;]<\/p>\n","protected":false},"featured_media":7168,"template":"","meta":{"_joinchat":[]},"product_brand":[],"product_cat":[1395,594],"product_tag":[1702,163,164,561,399,403,1705,560,559],"class_list":{"0":"post-7150","1":"product","2":"type-product","3":"status-publish","4":"has-post-thumbnail","6":"product_cat-cikolata-hediye-kutulari","7":"product_cat-dikdortgen-hediye-kutulari","8":"product_tag-1-kg-madlen-cikolata-kac-adet-olur","9":"product_tag-chocolate","10":"product_tag-chocolates","11":"product_tag-cikolata-cesitleri","12":"product_tag-cikolata-kutusu","13":"product_tag-cikolata-kutusu-toptan","14":"product_tag-en-ucuzu","15":"product_tag-ozel-tasarim-butik-cikolatalar","16":"product_tag-uretim","18":"first","19":"outofstock","20":"taxable","21":"shipping-taxable","22":"product-type-simple"},"_links":{"self":[{"href":"https:\/\/toptanhediyekutu.com\/index.php?rest_route=\/wp\/v2\/product\/7150","targetHints":{"allow":["GET"]}}],"collection":[{"href":"https:\/\/toptanhediyekutu.com\/index.php?rest_route=\/wp\/v2\/product"}],"about":[{"href":"https:\/\/toptanhediyekutu.com\/index.php?rest_route=\/wp\/v2\/types\/product"}],"version-history":[{"count":2,"href":"https:\/\/toptanhediyekutu.com\/index.php?rest_route=\/wp\/v2\/product\/7150\/revisions"}],"predecessor-version":[{"id":7153,"href":"https:\/\/toptanhediyekutu.com\/index.php?rest_route=\/wp\/v2\/product\/7150\/revisions\/7153"}],"wp:featuredmedia":[{"embeddable":true,"href":"https:\/\/toptanhediyekutu.com\/index.php?rest_route=\/wp\/v2\/media\/7168"}],"wp:attachment":[{"href":"https:\/\/toptanhediyekutu.com\/index.php?rest_route=%2Fwp%2Fv2%2Fmedia&parent=7150"}],"wp:term":[{"taxonomy":"product_brand","embeddable":true,"href":"https:\/\/toptanhediyekutu.com\/index.php?rest_route=%2Fwp%2Fv2%2Fproduct_brand&post=7150"},{"taxonomy":"product_cat","embeddable":true,"href":"https:\/\/toptanhediyekutu.com\/index.php?rest_route=%2Fwp%2Fv2%2Fproduct_cat&post=7150"},{"taxonomy":"product_tag","embeddable":true,"href":"https:\/\/toptanhediyekutu.com\/index.php?rest_route=%2Fwp%2Fv2%2Fproduct_tag&post=7150"}],"curies":[{"name":"wp","href":"https:\/\/api.w.org\/{rel}","templated":true}]}}