{"id":7081,"date":"2024-08-11T22:17:01","date_gmt":"2024-08-11T19:17:01","guid":{"rendered":"https:\/\/lavenderblush-sheep-125930.hostingersite.com\/?post_type=product&#038;p=7081"},"modified":"2026-03-14T22:42:00","modified_gmt":"2026-03-14T19:42:00","slug":"silindir-hediye-kutu-cap-20-cm-derinlik-12-cm-13","status":"publish","type":"product","link":"https:\/\/toptanhediyekutu.com\/?product=silindir-hediye-kutu-cap-20-cm-derinlik-12-cm-13","title":{"rendered":"Silindir Hediye Kutu C\u0327ap 20 cm Derinlik 12 cm"},"content":{"rendered":"<p class=\"p2\"><span class=\"s1\">50 Adet Ve \u00dczeri Al\u0131mlarda <\/span><\/p>\n<p class=\"p2\"><span class=\"s1\">Mahza 0 212 531 70 58 <\/span><\/p>\n<p class=\"p2\"><span class=\"s1\">Toptan Fiyat \u0130steml\u0131s\u0131n\u0131z <\/span><\/p>\n","protected":false},"excerpt":{"rendered":"<p>https:\/\/youtube.com\/shorts\/9VEWRvTfpnY?si=kwu63T1m-U_mRFac<\/p>\n","protected":false},"featured_media":7070,"template":"","meta":{"_joinchat":[]},"product_brand":[],"product_cat":[1397,595],"product_tag":[1682,1686,1681,1692,1670],"class_list":{"0":"post-7081","1":"product","2":"type-product","3":"status-publish","4":"has-post-thumbnail","6":"product_cat-cicek-kutusu","7":"product_cat-silindir-hediye-kutulari","8":"product_tag-balon","9":"product_tag-dekoratif-mum-cesitleri","10":"product_tag-dogum-gunu-susleri","11":"product_tag-tum-kategoriler","12":"product_tag-yuvarlak-karton-kutu","14":"first","15":"instock","16":"taxable","17":"shipping-taxable","18":"product-type-simple"},"_links":{"self":[{"href":"https:\/\/toptanhediyekutu.com\/index.php?rest_route=\/wp\/v2\/product\/7081","targetHints":{"allow":["GET"]}}],"collection":[{"href":"https:\/\/toptanhediyekutu.com\/index.php?rest_route=\/wp\/v2\/product"}],"about":[{"href":"https:\/\/toptanhediyekutu.com\/index.php?rest_route=\/wp\/v2\/types\/product"}],"version-history":[{"count":3,"href":"https:\/\/toptanhediyekutu.com\/index.php?rest_route=\/wp\/v2\/product\/7081\/revisions"}],"predecessor-version":[{"id":33642,"href":"https:\/\/toptanhediyekutu.com\/index.php?rest_route=\/wp\/v2\/product\/7081\/revisions\/33642"}],"wp:featuredmedia":[{"embeddable":true,"href":"https:\/\/toptanhediyekutu.com\/index.php?rest_route=\/wp\/v2\/media\/7070"}],"wp:attachment":[{"href":"https:\/\/toptanhediyekutu.com\/index.php?rest_route=%2Fwp%2Fv2%2Fmedia&parent=7081"}],"wp:term":[{"taxonomy":"product_brand","embeddable":true,"href":"https:\/\/toptanhediyekutu.com\/index.php?rest_route=%2Fwp%2Fv2%2Fproduct_brand&post=7081"},{"taxonomy":"product_cat","embeddable":true,"href":"https:\/\/toptanhediyekutu.com\/index.php?rest_route=%2Fwp%2Fv2%2Fproduct_cat&post=7081"},{"taxonomy":"product_tag","embeddable":true,"href":"https:\/\/toptanhediyekutu.com\/index.php?rest_route=%2Fwp%2Fv2%2Fproduct_tag&post=7081"}],"curies":[{"name":"wp","href":"https:\/\/api.w.org\/{rel}","templated":true}]}}