{"id":6944,"date":"2024-08-10T21:59:58","date_gmt":"2024-08-10T18:59:58","guid":{"rendered":"https:\/\/lavenderblush-sheep-125930.hostingersite.com\/?post_type=product&#038;p=6944"},"modified":"2026-03-15T00:35:39","modified_gmt":"2026-03-14T21:35:39","slug":"silindir-hediye-kutu-cap-20-cm-derinlik-20-cm-10","status":"publish","type":"product","link":"https:\/\/toptanhediyekutu.com\/?product=silindir-hediye-kutu-cap-20-cm-derinlik-20-cm-10","title":{"rendered":"Silindir Hediye Kutu C\u0327ap 20 cm Derinlik 20 cm"},"content":{"rendered":"<p class=\"p2\"><span class=\"s1\">50 Adet Ve \u00dczeri Al\u0131mlarda <\/span><\/p>\n<p class=\"p2\"><span class=\"s1\">Magza 0 212 531 70 58 <\/span><\/p>\n<p class=\"p2\"><span class=\"s1\">Toptan Fiyat \u0130steml\u0131s\u0131n\u0131z <\/span><\/p>\n","protected":false},"excerpt":{"rendered":"<p>https:\/\/youtube.com\/shorts\/auP5McyXyV4?si=QnwmbrncHMY8YTB4<\/p>\n","protected":false},"featured_media":6945,"template":"","meta":{"_joinchat":[]},"product_brand":[],"product_cat":[1397,595],"product_tag":[83,87,822,77],"class_list":{"0":"post-6944","1":"product","2":"type-product","3":"status-publish","4":"has-post-thumbnail","6":"product_cat-cicek-kutusu","7":"product_cat-silindir-hediye-kutulari","8":"product_tag-hediye-kutulari","9":"product_tag-hediye-kutusu","10":"product_tag-silindir-hediye-kutusu","11":"product_tag-toptan-hediye-kutusu","13":"first","14":"instock","15":"taxable","16":"shipping-taxable","17":"product-type-simple"},"_links":{"self":[{"href":"https:\/\/toptanhediyekutu.com\/index.php?rest_route=\/wp\/v2\/product\/6944","targetHints":{"allow":["GET"]}}],"collection":[{"href":"https:\/\/toptanhediyekutu.com\/index.php?rest_route=\/wp\/v2\/product"}],"about":[{"href":"https:\/\/toptanhediyekutu.com\/index.php?rest_route=\/wp\/v2\/types\/product"}],"version-history":[{"count":3,"href":"https:\/\/toptanhediyekutu.com\/index.php?rest_route=\/wp\/v2\/product\/6944\/revisions"}],"predecessor-version":[{"id":33680,"href":"https:\/\/toptanhediyekutu.com\/index.php?rest_route=\/wp\/v2\/product\/6944\/revisions\/33680"}],"wp:featuredmedia":[{"embeddable":true,"href":"https:\/\/toptanhediyekutu.com\/index.php?rest_route=\/wp\/v2\/media\/6945"}],"wp:attachment":[{"href":"https:\/\/toptanhediyekutu.com\/index.php?rest_route=%2Fwp%2Fv2%2Fmedia&parent=6944"}],"wp:term":[{"taxonomy":"product_brand","embeddable":true,"href":"https:\/\/toptanhediyekutu.com\/index.php?rest_route=%2Fwp%2Fv2%2Fproduct_brand&post=6944"},{"taxonomy":"product_cat","embeddable":true,"href":"https:\/\/toptanhediyekutu.com\/index.php?rest_route=%2Fwp%2Fv2%2Fproduct_cat&post=6944"},{"taxonomy":"product_tag","embeddable":true,"href":"https:\/\/toptanhediyekutu.com\/index.php?rest_route=%2Fwp%2Fv2%2Fproduct_tag&post=6944"}],"curies":[{"name":"wp","href":"https:\/\/api.w.org\/{rel}","templated":true}]}}