{"id":6905,"date":"2024-08-09T20:46:42","date_gmt":"2024-08-09T17:46:42","guid":{"rendered":"https:\/\/lavenderblush-sheep-125930.hostingersite.com\/?post_type=product&#038;p=6905"},"modified":"2026-03-15T00:52:46","modified_gmt":"2026-03-14T21:52:46","slug":"silindir-hediye-kutusu-cap-20-cm-derinlik-20-cm-2","status":"publish","type":"product","link":"https:\/\/toptanhediyekutu.com\/?product=silindir-hediye-kutusu-cap-20-cm-derinlik-20-cm-2","title":{"rendered":"Silindir Hediye Kutu C\u0327ap 20 cm Derinlik 20 cm"},"content":{"rendered":"<p class=\"p2\"><span class=\"s1\">50 Adet Ve \u00dczeri Al\u0131mlarda <\/span><\/p>\n<p class=\"p2\"><span class=\"s1\">Magza 0 212 531 70 58 <\/span><\/p>\n<p class=\"p2\"><span class=\"s1\">Toptan Fiyat \u0130steml\u0131s\u0131n\u0131z <\/span><\/p>\n","protected":false},"excerpt":{"rendered":"<p>https:\/\/youtube.com\/shorts\/dqM0Y1OzkSs?si=6oevfRS4zSwzrsCM<\/p>\n","protected":false},"featured_media":6902,"template":"","meta":{"_joinchat":[]},"product_brand":[],"product_cat":[1397,595],"product_tag":[406,71],"class_list":{"0":"post-6905","1":"product","2":"type-product","3":"status-publish","4":"has-post-thumbnail","6":"product_cat-cicek-kutusu","7":"product_cat-silindir-hediye-kutulari","8":"product_tag-cicek-kutusu","9":"product_tag-toptan-bos-hediye-kutu","11":"first","12":"outofstock","13":"taxable","14":"shipping-taxable","15":"product-type-simple"},"_links":{"self":[{"href":"https:\/\/toptanhediyekutu.com\/index.php?rest_route=\/wp\/v2\/product\/6905","targetHints":{"allow":["GET"]}}],"collection":[{"href":"https:\/\/toptanhediyekutu.com\/index.php?rest_route=\/wp\/v2\/product"}],"about":[{"href":"https:\/\/toptanhediyekutu.com\/index.php?rest_route=\/wp\/v2\/types\/product"}],"version-history":[{"count":4,"href":"https:\/\/toptanhediyekutu.com\/index.php?rest_route=\/wp\/v2\/product\/6905\/revisions"}],"predecessor-version":[{"id":33699,"href":"https:\/\/toptanhediyekutu.com\/index.php?rest_route=\/wp\/v2\/product\/6905\/revisions\/33699"}],"wp:featuredmedia":[{"embeddable":true,"href":"https:\/\/toptanhediyekutu.com\/index.php?rest_route=\/wp\/v2\/media\/6902"}],"wp:attachment":[{"href":"https:\/\/toptanhediyekutu.com\/index.php?rest_route=%2Fwp%2Fv2%2Fmedia&parent=6905"}],"wp:term":[{"taxonomy":"product_brand","embeddable":true,"href":"https:\/\/toptanhediyekutu.com\/index.php?rest_route=%2Fwp%2Fv2%2Fproduct_brand&post=6905"},{"taxonomy":"product_cat","embeddable":true,"href":"https:\/\/toptanhediyekutu.com\/index.php?rest_route=%2Fwp%2Fv2%2Fproduct_cat&post=6905"},{"taxonomy":"product_tag","embeddable":true,"href":"https:\/\/toptanhediyekutu.com\/index.php?rest_route=%2Fwp%2Fv2%2Fproduct_tag&post=6905"}],"curies":[{"name":"wp","href":"https:\/\/api.w.org\/{rel}","templated":true}]}}