{"id":6893,"date":"2024-08-09T20:37:06","date_gmt":"2024-08-09T17:37:06","guid":{"rendered":"https:\/\/lavenderblush-sheep-125930.hostingersite.com\/?post_type=product&#038;p=6893"},"modified":"2026-03-15T00:55:42","modified_gmt":"2026-03-14T21:55:42","slug":"silindir-hediye-kutu-cap-15-cm-derinlik-18-cm-13","status":"publish","type":"product","link":"https:\/\/toptanhediyekutu.com\/?product=silindir-hediye-kutu-cap-15-cm-derinlik-18-cm-13","title":{"rendered":"Silindir Hediye Kutu C\u0327ap 15 cm Derinlik 18 cm"},"content":{"rendered":"<p class=\"p2\"><span class=\"s1\">50 Adet Ve \u00dczeri Al\u0131mlarda <\/span><\/p>\n<p class=\"p2\"><span class=\"s1\">Magza 0 212 531 70 58 <\/span><\/p>\n<p class=\"p2\"><span class=\"s1\">Toptan Fiyat \u0130steml\u0131s\u0131n\u0131z <\/span><\/p>\n","protected":false},"excerpt":{"rendered":"<p>https:\/\/youtube.com\/shorts\/A2Mmp23F4ww?si=yLCfje3evq8_R3o0<\/p>\n","protected":false},"featured_media":6883,"template":"","meta":{"_joinchat":[]},"product_brand":[],"product_cat":[1397,595],"product_tag":[1580,1584,1581],"class_list":{"0":"post-6893","1":"product","2":"type-product","3":"status-publish","4":"has-post-thumbnail","6":"product_cat-cicek-kutusu","7":"product_cat-silindir-hediye-kutulari","8":"product_tag-cicek-kutusu-toptan","9":"product_tag-karton-cicek-kutusu","10":"product_tag-silindir-cicek-kutusu","12":"first","13":"instock","14":"taxable","15":"shipping-taxable","16":"product-type-simple"},"_links":{"self":[{"href":"https:\/\/toptanhediyekutu.com\/index.php?rest_route=\/wp\/v2\/product\/6893","targetHints":{"allow":["GET"]}}],"collection":[{"href":"https:\/\/toptanhediyekutu.com\/index.php?rest_route=\/wp\/v2\/product"}],"about":[{"href":"https:\/\/toptanhediyekutu.com\/index.php?rest_route=\/wp\/v2\/types\/product"}],"version-history":[{"count":3,"href":"https:\/\/toptanhediyekutu.com\/index.php?rest_route=\/wp\/v2\/product\/6893\/revisions"}],"predecessor-version":[{"id":33703,"href":"https:\/\/toptanhediyekutu.com\/index.php?rest_route=\/wp\/v2\/product\/6893\/revisions\/33703"}],"wp:featuredmedia":[{"embeddable":true,"href":"https:\/\/toptanhediyekutu.com\/index.php?rest_route=\/wp\/v2\/media\/6883"}],"wp:attachment":[{"href":"https:\/\/toptanhediyekutu.com\/index.php?rest_route=%2Fwp%2Fv2%2Fmedia&parent=6893"}],"wp:term":[{"taxonomy":"product_brand","embeddable":true,"href":"https:\/\/toptanhediyekutu.com\/index.php?rest_route=%2Fwp%2Fv2%2Fproduct_brand&post=6893"},{"taxonomy":"product_cat","embeddable":true,"href":"https:\/\/toptanhediyekutu.com\/index.php?rest_route=%2Fwp%2Fv2%2Fproduct_cat&post=6893"},{"taxonomy":"product_tag","embeddable":true,"href":"https:\/\/toptanhediyekutu.com\/index.php?rest_route=%2Fwp%2Fv2%2Fproduct_tag&post=6893"}],"curies":[{"name":"wp","href":"https:\/\/api.w.org\/{rel}","templated":true}]}}