{"id":6798,"date":"2024-04-14T17:49:31","date_gmt":"2024-04-14T14:49:31","guid":{"rendered":"https:\/\/lavenderblush-sheep-125930.hostingersite.com\/?post_type=product&#038;p=6798"},"modified":"2024-08-10T12:44:40","modified_gmt":"2024-08-10T09:44:40","slug":"karma-ozel-satis","status":"publish","type":"product","link":"https:\/\/toptanhediyekutu.com\/?product=karma-ozel-satis","title":{"rendered":"Karma \u00d6zel Sat\u0131\u015f"},"content":{"rendered":"<p>Karma \u00d6zel Sat\u0131\u015f<\/p>\n","protected":false},"excerpt":{"rendered":"<p>Karma \u00d6zel Sat\u0131\u015f<\/p>\n","protected":false},"featured_media":5527,"template":"","meta":{"_joinchat":[]},"product_brand":[],"product_cat":[1517],"product_tag":[500,1630,1629,1631,1577,1579,1578,551],"class_list":{"0":"post-6798","1":"product","2":"type-product","3":"status-publish","4":"has-post-thumbnail","6":"product_cat-kutu-atolyeniz","7":"product_tag-bos-hediye-kutusu-nereden-alinir","8":"product_tag-hazir-hediye-ambalajlari","9":"product_tag-hediye-ambalaj-kagidi","10":"product_tag-hediye-poseti-nereden-alinir","11":"product_tag-karma","12":"product_tag-l-satis","13":"product_tag-oze","14":"product_tag-toptan","16":"first","17":"instock","18":"taxable","19":"shipping-taxable","20":"product-type-simple"},"_links":{"self":[{"href":"https:\/\/toptanhediyekutu.com\/index.php?rest_route=\/wp\/v2\/product\/6798","targetHints":{"allow":["GET"]}}],"collection":[{"href":"https:\/\/toptanhediyekutu.com\/index.php?rest_route=\/wp\/v2\/product"}],"about":[{"href":"https:\/\/toptanhediyekutu.com\/index.php?rest_route=\/wp\/v2\/types\/product"}],"version-history":[{"count":1,"href":"https:\/\/toptanhediyekutu.com\/index.php?rest_route=\/wp\/v2\/product\/6798\/revisions"}],"predecessor-version":[{"id":6799,"href":"https:\/\/toptanhediyekutu.com\/index.php?rest_route=\/wp\/v2\/product\/6798\/revisions\/6799"}],"wp:featuredmedia":[{"embeddable":true,"href":"https:\/\/toptanhediyekutu.com\/index.php?rest_route=\/wp\/v2\/media\/5527"}],"wp:attachment":[{"href":"https:\/\/toptanhediyekutu.com\/index.php?rest_route=%2Fwp%2Fv2%2Fmedia&parent=6798"}],"wp:term":[{"taxonomy":"product_brand","embeddable":true,"href":"https:\/\/toptanhediyekutu.com\/index.php?rest_route=%2Fwp%2Fv2%2Fproduct_brand&post=6798"},{"taxonomy":"product_cat","embeddable":true,"href":"https:\/\/toptanhediyekutu.com\/index.php?rest_route=%2Fwp%2Fv2%2Fproduct_cat&post=6798"},{"taxonomy":"product_tag","embeddable":true,"href":"https:\/\/toptanhediyekutu.com\/index.php?rest_route=%2Fwp%2Fv2%2Fproduct_tag&post=6798"}],"curies":[{"name":"wp","href":"https:\/\/api.w.org\/{rel}","templated":true}]}}