{"id":6778,"date":"2024-02-05T00:21:49","date_gmt":"2024-02-04T21:21:49","guid":{"rendered":"https:\/\/lavenderblush-sheep-125930.hostingersite.com\/?post_type=product&#038;p=6778"},"modified":"2025-01-18T21:32:38","modified_gmt":"2025-01-18T18:32:38","slug":"pleksi-16-gulluk-hediye-kutusu-ebat-22-derinlik-16-cm","status":"publish","type":"product","link":"https:\/\/toptanhediyekutu.com\/?product=pleksi-16-gulluk-hediye-kutusu-ebat-22-derinlik-16-cm","title":{"rendered":"Pleksi 16 G\u00fcll\u00fck Hediye Kutusu Ebat 22 Derinlik 16 cm"},"content":{"rendered":"<p><iframe title=\"Pleksi Kutu B\u00fcy\u00fck Boy, Kapakl\u0131 Pleksi Kutu,\" width=\"1140\" height=\"641\" src=\"https:\/\/www.youtube.com\/embed\/wSrxUAf-Cf8?feature=oembed\" frameborder=\"0\" allow=\"accelerometer; autoplay; clipboard-write; encrypted-media; gyroscope; picture-in-picture; web-share\" allowfullscreen><\/iframe><\/p>\n<p>&nbsp;<\/p>\n<p>&nbsp;<\/p>\n<p>Pleksi 16 G\u00fcll\u00fck Hediye Kutusu Ebat 22 Derinlik 16 cm<\/p>\n","protected":false},"excerpt":{"rendered":"<p>https:\/\/youtube.com\/shorts\/EMZgtfPtUic?si=AiI3__TNU9N9Ba-W<\/p>\n","protected":false},"featured_media":6782,"template":"","meta":{"_joinchat":[]},"product_brand":[],"product_cat":[1397,1393,595],"product_tag":[1555,1560,1563,1557,1558,1559,1562,1561],"class_list":{"0":"post-6778","1":"product","2":"type-product","3":"status-publish","4":"has-post-thumbnail","6":"product_cat-cicek-kutusu","7":"product_cat-plexsi-hediye-kutulari","8":"product_cat-silindir-hediye-kutulari","9":"product_tag-bursa-toptan-cicek","10":"product_tag-gul-nasil-soklanir","11":"product_tag-izmir-soklanmis-gul","12":"product_tag-soklanmis-cicek-toptan","13":"product_tag-soklanmis-gul-fiyatlari","14":"product_tag-solmayan-gul-toptan","15":"product_tag-toptan-canli-gul-fiyatlari","16":"product_tag-toptan-cicek","18":"first","19":"instock","20":"taxable","21":"shipping-taxable","22":"product-type-simple"},"_links":{"self":[{"href":"https:\/\/toptanhediyekutu.com\/index.php?rest_route=\/wp\/v2\/product\/6778","targetHints":{"allow":["GET"]}}],"collection":[{"href":"https:\/\/toptanhediyekutu.com\/index.php?rest_route=\/wp\/v2\/product"}],"about":[{"href":"https:\/\/toptanhediyekutu.com\/index.php?rest_route=\/wp\/v2\/types\/product"}],"version-history":[{"count":3,"href":"https:\/\/toptanhediyekutu.com\/index.php?rest_route=\/wp\/v2\/product\/6778\/revisions"}],"predecessor-version":[{"id":6786,"href":"https:\/\/toptanhediyekutu.com\/index.php?rest_route=\/wp\/v2\/product\/6778\/revisions\/6786"}],"wp:featuredmedia":[{"embeddable":true,"href":"https:\/\/toptanhediyekutu.com\/index.php?rest_route=\/wp\/v2\/media\/6782"}],"wp:attachment":[{"href":"https:\/\/toptanhediyekutu.com\/index.php?rest_route=%2Fwp%2Fv2%2Fmedia&parent=6778"}],"wp:term":[{"taxonomy":"product_brand","embeddable":true,"href":"https:\/\/toptanhediyekutu.com\/index.php?rest_route=%2Fwp%2Fv2%2Fproduct_brand&post=6778"},{"taxonomy":"product_cat","embeddable":true,"href":"https:\/\/toptanhediyekutu.com\/index.php?rest_route=%2Fwp%2Fv2%2Fproduct_cat&post=6778"},{"taxonomy":"product_tag","embeddable":true,"href":"https:\/\/toptanhediyekutu.com\/index.php?rest_route=%2Fwp%2Fv2%2Fproduct_tag&post=6778"}],"curies":[{"name":"wp","href":"https:\/\/api.w.org\/{rel}","templated":true}]}}