{"id":6728,"date":"2024-02-04T02:02:28","date_gmt":"2024-02-03T23:02:28","guid":{"rendered":"https:\/\/lavenderblush-sheep-125930.hostingersite.com\/?post_type=product&#038;p=6728"},"modified":"2025-01-18T21:34:04","modified_gmt":"2025-01-18T18:34:04","slug":"pleksi-solmayan-gul-kutusu-ebat-8-8-8-cm","status":"publish","type":"product","link":"https:\/\/toptanhediyekutu.com\/?product=pleksi-solmayan-gul-kutusu-ebat-8-8-8-cm","title":{"rendered":"Pleksi Solmayan G\u00fcl Kutusu Ebat 8\/8\/8 CM"},"content":{"rendered":"<p><iframe title=\"Solmayan #g\u00fclkutusu #pleksikutu #\u00e7i\u00e7ekkutusu\" width=\"1140\" height=\"855\" src=\"https:\/\/www.youtube.com\/embed\/9HbSm4OGRj0?feature=oembed\" frameborder=\"0\" allow=\"accelerometer; autoplay; clipboard-write; encrypted-media; gyroscope; picture-in-picture; web-share\" allowfullscreen><\/iframe><\/p>\n<p>Pleksi Solmayan G\u00fcl Kutusu Ebat 8\/8\/8 CM<\/p>\n","protected":false},"excerpt":{"rendered":"<p>https:\/\/youtube.com\/shorts\/9HbSm4OGRj0?si=sVlv3iDQojoU60tX<\/p>\n","protected":false},"featured_media":6725,"template":"","meta":{"_joinchat":[]},"product_brand":[],"product_cat":[1397,1395,1393],"product_tag":[1545,1546,1544,1542,1543],"class_list":{"0":"post-6728","1":"product","2":"type-product","3":"status-publish","4":"has-post-thumbnail","6":"product_cat-cicek-kutusu","7":"product_cat-cikolata-hediye-kutulari","8":"product_cat-plexsi-hediye-kutulari","9":"product_tag-kapakli-pleksi-kutu","10":"product_tag-pleksi-kutu-eminonu","11":"product_tag-pleksi-kutu-fiyatlari","12":"product_tag-pleksi-kutu-satin-al","13":"product_tag-pleksi-kutu-susleme","15":"first","16":"instock","17":"taxable","18":"shipping-taxable","19":"product-type-simple"},"_links":{"self":[{"href":"https:\/\/toptanhediyekutu.com\/index.php?rest_route=\/wp\/v2\/product\/6728","targetHints":{"allow":["GET"]}}],"collection":[{"href":"https:\/\/toptanhediyekutu.com\/index.php?rest_route=\/wp\/v2\/product"}],"about":[{"href":"https:\/\/toptanhediyekutu.com\/index.php?rest_route=\/wp\/v2\/types\/product"}],"version-history":[{"count":3,"href":"https:\/\/toptanhediyekutu.com\/index.php?rest_route=\/wp\/v2\/product\/6728\/revisions"}],"predecessor-version":[{"id":6731,"href":"https:\/\/toptanhediyekutu.com\/index.php?rest_route=\/wp\/v2\/product\/6728\/revisions\/6731"}],"wp:featuredmedia":[{"embeddable":true,"href":"https:\/\/toptanhediyekutu.com\/index.php?rest_route=\/wp\/v2\/media\/6725"}],"wp:attachment":[{"href":"https:\/\/toptanhediyekutu.com\/index.php?rest_route=%2Fwp%2Fv2%2Fmedia&parent=6728"}],"wp:term":[{"taxonomy":"product_brand","embeddable":true,"href":"https:\/\/toptanhediyekutu.com\/index.php?rest_route=%2Fwp%2Fv2%2Fproduct_brand&post=6728"},{"taxonomy":"product_cat","embeddable":true,"href":"https:\/\/toptanhediyekutu.com\/index.php?rest_route=%2Fwp%2Fv2%2Fproduct_cat&post=6728"},{"taxonomy":"product_tag","embeddable":true,"href":"https:\/\/toptanhediyekutu.com\/index.php?rest_route=%2Fwp%2Fv2%2Fproduct_tag&post=6728"}],"curies":[{"name":"wp","href":"https:\/\/api.w.org\/{rel}","templated":true}]}}