{"id":6625,"date":"2024-01-19T22:07:28","date_gmt":"2024-01-19T19:07:28","guid":{"rendered":"https:\/\/lavenderblush-sheep-125930.hostingersite.com\/?post_type=product&#038;p=6625"},"modified":"2024-11-21T18:48:08","modified_gmt":"2024-11-21T15:48:08","slug":"hediye-kutusu-ebat30-5-23-13-cm","status":"publish","type":"product","link":"https:\/\/toptanhediyekutu.com\/?product=hediye-kutusu-ebat30-5-23-13-cm","title":{"rendered":"Hediye Kutusu Ebat:30.5\/23\/13 cm"},"content":{"rendered":"<p>Hediye Kutusu Ebat : 30.5\/23\/13 cm<\/p>\n<p>Kullan\u0131lan Malzeme : 1.8 MM L\u00fcx Sert Kal\u0131n Mukavva \u00dczeri Taslama Usul\u00fc \u00dczeri L\u00fcx Fantazi Kag\u0131t S\u0131vama Kaplama )<\/p>\n","protected":false},"excerpt":{"rendered":"<p>https:\/\/youtube.com\/shorts\/3XwEIEJm4LY?si=vv7oH4l0p6Kjwm82<\/p>\n<p>&nbsp;<\/p>\n<p>Hediye Kutusu Ebat : 30.5\/23\/13 cm<\/p>\n<p>Kullan\u0131lan Malzeme : 1.8 MM L\u00fcx Sert Kal\u0131n Mukavva \u00dczeri Taslama Usul\u00fc \u00dczeri L\u00fcx Fantazi Kag\u0131t S\u0131vama Kaplama )<\/p>\n","protected":false},"featured_media":6643,"template":"","meta":{"_joinchat":[]},"product_brand":[],"product_cat":[594],"product_tag":[87,85,544,181,1182,1181,1184,91,1183,75],"class_list":{"0":"post-6625","1":"product","2":"type-product","3":"status-publish","4":"has-post-thumbnail","6":"product_cat-dikdortgen-hediye-kutulari","7":"product_tag-hediye-kutusu","8":"product_tag-hediyelik","9":"product_tag-hediyelik-bos-kutu","10":"product_tag-hediyelik-cikolata","11":"product_tag-hediyelik-kahve","12":"product_tag-hediyelik-lokum","13":"product_tag-kahve-dunyasi-hediyelik","14":"product_tag-kurumsal-hediyelik","15":"product_tag-otantik-hediyelik","16":"product_tag-toptan-hediyelik","18":"first","19":"instock","20":"taxable","21":"shipping-taxable","22":"product-type-simple"},"_links":{"self":[{"href":"https:\/\/toptanhediyekutu.com\/index.php?rest_route=\/wp\/v2\/product\/6625","targetHints":{"allow":["GET"]}}],"collection":[{"href":"https:\/\/toptanhediyekutu.com\/index.php?rest_route=\/wp\/v2\/product"}],"about":[{"href":"https:\/\/toptanhediyekutu.com\/index.php?rest_route=\/wp\/v2\/types\/product"}],"version-history":[{"count":1,"href":"https:\/\/toptanhediyekutu.com\/index.php?rest_route=\/wp\/v2\/product\/6625\/revisions"}],"predecessor-version":[{"id":6644,"href":"https:\/\/toptanhediyekutu.com\/index.php?rest_route=\/wp\/v2\/product\/6625\/revisions\/6644"}],"wp:featuredmedia":[{"embeddable":true,"href":"https:\/\/toptanhediyekutu.com\/index.php?rest_route=\/wp\/v2\/media\/6643"}],"wp:attachment":[{"href":"https:\/\/toptanhediyekutu.com\/index.php?rest_route=%2Fwp%2Fv2%2Fmedia&parent=6625"}],"wp:term":[{"taxonomy":"product_brand","embeddable":true,"href":"https:\/\/toptanhediyekutu.com\/index.php?rest_route=%2Fwp%2Fv2%2Fproduct_brand&post=6625"},{"taxonomy":"product_cat","embeddable":true,"href":"https:\/\/toptanhediyekutu.com\/index.php?rest_route=%2Fwp%2Fv2%2Fproduct_cat&post=6625"},{"taxonomy":"product_tag","embeddable":true,"href":"https:\/\/toptanhediyekutu.com\/index.php?rest_route=%2Fwp%2Fv2%2Fproduct_tag&post=6625"}],"curies":[{"name":"wp","href":"https:\/\/api.w.org\/{rel}","templated":true}]}}