{"id":6090,"date":"2024-01-04T00:03:30","date_gmt":"2024-01-03T21:03:30","guid":{"rendered":"https:\/\/lavenderblush-sheep-125930.hostingersite.com\/?post_type=product&#038;p=6090"},"modified":"2025-01-18T21:26:58","modified_gmt":"2025-01-18T18:26:58","slug":"premium-vip-hediye-kutusu-31-22-yuseklik-20-cm","status":"publish","type":"product","link":"https:\/\/toptanhediyekutu.com\/?product=premium-vip-hediye-kutusu-31-22-yuseklik-20-cm","title":{"rendered":"Premium Vip Hediye Kutusu 31\/22 Y\u00fcsekl\u0131k 20 cm"},"content":{"rendered":"<p>Premium Vip Hediye Kutusu 31\/22 Y\u00fcsekl\u0131k 20 cm <\/p>\n<p>\u00dcst B\u00f6l\u00fcm Kullan\u0131m Alan\u0131 29.60 \/21.50\/Derinlik 24 cm <\/p>\n<p>Alt \u00c7ekmece Kullan\u0131m Alan\u0131 :29.50\/21\/4 cm l<\/p>\n<p>Hediye Kutusu Bo\u015f A\u011f\u0131rl\u0131k 1364 Gr<\/p>\n<p>Bo\u015f Hediye Kutusu Bizden <\/p>\n<p>Size \u00d6zel Kendi \u00dcr\u00fcnlerinizle Tasar\u0131m Dizay Sunum Sizden <\/p>\n","protected":false},"excerpt":{"rendered":"<p>https:\/\/youtube.com\/shorts\/YCbkykqykAk?si=Kf7DTvinCt7-uoGJ<\/p>\n<p>Size \u00dcr\u00fcnlerinizle Bi Cok Farkl\u0131 Tasar\u0131m Ve Sunumlar\u0131n\u0131zda Kullan\u0131labilir  <\/p>\n<p>Premium Vip Hediye Kutusu 31\/22 Y\u00fcsekl\u0131k 20 cm <\/p>\n<p>\u00dcst B\u00f6l\u00fcm Kullan\u0131m Alan\u0131 29.60 \/21.50\/Derinlik 24 cm <\/p>\n<p>Alt \u00c7ekmece Kullan\u0131m Alan\u0131 :29.50\/21\/4 cm l<\/p>\n<p>Hediye Kutusu Bo\u015f A\u011f\u0131rl\u0131k 1364 Gr<\/p>\n<p>Bo\u015f Hediye Kutusu Bizden <\/p>\n<p>Size \u00d6zel Kendi \u00dcr\u00fcnlerinizle Tasar\u0131m Dizay Sunum Sizden <\/p>\n","protected":false},"featured_media":6091,"template":"","meta":{"_joinchat":[]},"product_brand":[],"product_cat":[1397,1395,594,1393],"product_tag":[],"class_list":{"0":"post-6090","1":"product","2":"type-product","3":"status-publish","4":"has-post-thumbnail","6":"product_cat-cicek-kutusu","7":"product_cat-cikolata-hediye-kutulari","8":"product_cat-dikdortgen-hediye-kutulari","9":"product_cat-plexsi-hediye-kutulari","11":"first","12":"instock","13":"taxable","14":"shipping-taxable","15":"product-type-simple"},"_links":{"self":[{"href":"https:\/\/toptanhediyekutu.com\/index.php?rest_route=\/wp\/v2\/product\/6090","targetHints":{"allow":["GET"]}}],"collection":[{"href":"https:\/\/toptanhediyekutu.com\/index.php?rest_route=\/wp\/v2\/product"}],"about":[{"href":"https:\/\/toptanhediyekutu.com\/index.php?rest_route=\/wp\/v2\/types\/product"}],"version-history":[{"count":3,"href":"https:\/\/toptanhediyekutu.com\/index.php?rest_route=\/wp\/v2\/product\/6090\/revisions"}],"predecessor-version":[{"id":6103,"href":"https:\/\/toptanhediyekutu.com\/index.php?rest_route=\/wp\/v2\/product\/6090\/revisions\/6103"}],"wp:featuredmedia":[{"embeddable":true,"href":"https:\/\/toptanhediyekutu.com\/index.php?rest_route=\/wp\/v2\/media\/6091"}],"wp:attachment":[{"href":"https:\/\/toptanhediyekutu.com\/index.php?rest_route=%2Fwp%2Fv2%2Fmedia&parent=6090"}],"wp:term":[{"taxonomy":"product_brand","embeddable":true,"href":"https:\/\/toptanhediyekutu.com\/index.php?rest_route=%2Fwp%2Fv2%2Fproduct_brand&post=6090"},{"taxonomy":"product_cat","embeddable":true,"href":"https:\/\/toptanhediyekutu.com\/index.php?rest_route=%2Fwp%2Fv2%2Fproduct_cat&post=6090"},{"taxonomy":"product_tag","embeddable":true,"href":"https:\/\/toptanhediyekutu.com\/index.php?rest_route=%2Fwp%2Fv2%2Fproduct_tag&post=6090"}],"curies":[{"name":"wp","href":"https:\/\/api.w.org\/{rel}","templated":true}]}}