{"id":6054,"date":"2024-01-03T21:36:10","date_gmt":"2024-01-03T18:36:10","guid":{"rendered":"https:\/\/lavenderblush-sheep-125930.hostingersite.com\/?post_type=product&#038;p=6054"},"modified":"2025-01-18T21:24:59","modified_gmt":"2025-01-18T18:24:59","slug":"premium-vip-hediye-kutusu-31-22-yuseklik-35-cm","status":"publish","type":"product","link":"https:\/\/toptanhediyekutu.com\/?product=premium-vip-hediye-kutusu-31-22-yuseklik-35-cm","title":{"rendered":"Premium Vip Hediye Kutusu 23\/23\/ Y\u00fcsekl\u0131k 35 cm"},"content":{"rendered":"<p>Premium Vip Hediye Kutusu 23\/23\/ Y\u00fcsekl\u0131k 35 cm<\/p>\n<p>\u00dcst B\u00f6l\u00fcm Kullan\u0131m Alan\u0131 22\/22\/Derinlik 30 cm <\/p>\n<p>Alt \u00c7ekmece Kullan\u0131m Alan\u0131 22\/22\/ Derinlik 4 cm <\/p>\n<p>Hediye Kutusu Bo\u015f A\u011f\u0131rl\u0131k 1590 Gr<\/p>\n<p>Bo\u015f Hediye Kutusu Bizden <\/p>\n<p>Size \u00d6zel Kendi \u00dcr\u00fcnlerinizle Tasar\u0131m Dizay Sunum Sizden <\/p>\n<p>Hediye Kutu Bahane<\/p>\n<p>Hediyenin Sunumu \u015eahane Olmas\u0131n m\u0131<\/p>\n","protected":false},"excerpt":{"rendered":"<p>Premium Vip Hediye Kutusu 23\/23\/ Y\u00fcsekl\u0131k 35 cm<\/p>\n<p>\u00dcst B\u00f6l\u00fcm Kullan\u0131m Alan\u0131 22\/22\/Derinlik 30 cm <\/p>\n<p>Alt \u00c7ekmece Kullan\u0131m Alan\u0131 22\/22\/ Derinlik 4 cm <\/p>\n<p>Hediye Kutusu Bo\u015f A\u011f\u0131rl\u0131k 1590 Gr<\/p>\n<p>Bo\u015f Hediye Kutusu Bizden <\/p>\n<p>Size \u00d6zel Kendi \u00dcr\u00fcnlerinizle Tasar\u0131m Dizay Sunum Sizden <\/p>\n<p>Hediye Kutu Bahane<\/p>\n<p>Hediyenin Sunumu \u015eahane Olmas\u0131n m\u0131<\/p>\n","protected":false},"featured_media":6063,"template":"","meta":{"_joinchat":[]},"product_brand":[],"product_cat":[1397,1395,1393],"product_tag":[86,83,87,115,85,88,76,78,77,75,94],"class_list":{"0":"post-6054","1":"product","2":"type-product","3":"status-publish","4":"has-post-thumbnail","6":"product_cat-cicek-kutusu","7":"product_cat-cikolata-hediye-kutulari","8":"product_cat-plexsi-hediye-kutulari","9":"product_tag-hediye-kutu","10":"product_tag-hediye-kutulari","11":"product_tag-hediye-kutusu","12":"product_tag-hediye-paketi","13":"product_tag-hediyelik","14":"product_tag-hediyelik-esya","15":"product_tag-toptan-hediye-kutu","16":"product_tag-toptan-hediye-kutulari","17":"product_tag-toptan-hediye-kutusu","18":"product_tag-toptan-hediyelik","19":"product_tag-toptan-hediyelik-esya-kutusu","21":"first","22":"instock","23":"taxable","24":"shipping-taxable","25":"product-type-simple"},"_links":{"self":[{"href":"https:\/\/toptanhediyekutu.com\/index.php?rest_route=\/wp\/v2\/product\/6054","targetHints":{"allow":["GET"]}}],"collection":[{"href":"https:\/\/toptanhediyekutu.com\/index.php?rest_route=\/wp\/v2\/product"}],"about":[{"href":"https:\/\/toptanhediyekutu.com\/index.php?rest_route=\/wp\/v2\/types\/product"}],"version-history":[{"count":2,"href":"https:\/\/toptanhediyekutu.com\/index.php?rest_route=\/wp\/v2\/product\/6054\/revisions"}],"predecessor-version":[{"id":6088,"href":"https:\/\/toptanhediyekutu.com\/index.php?rest_route=\/wp\/v2\/product\/6054\/revisions\/6088"}],"wp:featuredmedia":[{"embeddable":true,"href":"https:\/\/toptanhediyekutu.com\/index.php?rest_route=\/wp\/v2\/media\/6063"}],"wp:attachment":[{"href":"https:\/\/toptanhediyekutu.com\/index.php?rest_route=%2Fwp%2Fv2%2Fmedia&parent=6054"}],"wp:term":[{"taxonomy":"product_brand","embeddable":true,"href":"https:\/\/toptanhediyekutu.com\/index.php?rest_route=%2Fwp%2Fv2%2Fproduct_brand&post=6054"},{"taxonomy":"product_cat","embeddable":true,"href":"https:\/\/toptanhediyekutu.com\/index.php?rest_route=%2Fwp%2Fv2%2Fproduct_cat&post=6054"},{"taxonomy":"product_tag","embeddable":true,"href":"https:\/\/toptanhediyekutu.com\/index.php?rest_route=%2Fwp%2Fv2%2Fproduct_tag&post=6054"}],"curies":[{"name":"wp","href":"https:\/\/api.w.org\/{rel}","templated":true}]}}