{"id":6024,"date":"2024-01-03T20:42:59","date_gmt":"2024-01-03T17:42:59","guid":{"rendered":"https:\/\/lavenderblush-sheep-125930.hostingersite.com\/?post_type=product&#038;p=6024"},"modified":"2025-01-18T21:26:11","modified_gmt":"2025-01-18T18:26:11","slug":"premium-vip-hediye-kutu-ebat-23-23-derinlik-20-cm","status":"publish","type":"product","link":"https:\/\/toptanhediyekutu.com\/?product=premium-vip-hediye-kutu-ebat-23-23-derinlik-20-cm","title":{"rendered":"Premium Vip Hediye Kutu Ebat 23\/23\/Derinlik 20 cm"},"content":{"rendered":"<p>Premium Vip Hediye Kutu Ebat 23\/23\/Derinlik 20 cm<\/p>\n<p>\u00dcst B\u00f6l\u00fcm Kullan\u0131m Alan\u0131 22\/22\/Derinlik 15 cm<\/p>\n<p>Alt \u00c7ekmece Kullan\u0131m Alan\u0131 22\/22\/ Derinlik 4 cm<\/p>\n<p>Hediye Kutusu Bo\u015f A\u011f\u0131rl\u0131k 1055 Gr<\/p>\n<p>Bo\u015f Hediye Kutusu Bizden <\/p>\n<p>Size \u00d6zel Kendi \u00dcr\u00fcnlerinizle Tasar\u0131m Dizay Sunum Sizden <\/p>\n","protected":false},"excerpt":{"rendered":"<p>Premium Vip Hediye Kutu Ebat 23\/23\/Derinlik 20 cm<\/p>\n<p>\u00dcst B\u00f6l\u00fcm Kullan\u0131m Alan\u0131 22\/22\/Derinlik 15 cm<\/p>\n<p>Alt \u00c7ekmece Kullan\u0131m Alan\u0131 22\/22\/ Derinlik 4 cm<\/p>\n<p>Hediye Kutusu Bo\u015f A\u011f\u0131rl\u0131k 1055 Gr<\/p>\n","protected":false},"featured_media":6028,"template":"","meta":{"_joinchat":[]},"product_brand":[],"product_cat":[1397,1395,1393],"product_tag":[86,83,87,85,88,89,76,78,77,75,79,94],"class_list":{"0":"post-6024","1":"product","2":"type-product","3":"status-publish","4":"has-post-thumbnail","6":"product_cat-cicek-kutusu","7":"product_cat-cikolata-hediye-kutulari","8":"product_cat-plexsi-hediye-kutulari","9":"product_tag-hediye-kutu","10":"product_tag-hediye-kutulari","11":"product_tag-hediye-kutusu","12":"product_tag-hediyelik","13":"product_tag-hediyelik-esya","14":"product_tag-hediyelik-esya-kutusu","15":"product_tag-toptan-hediye-kutu","16":"product_tag-toptan-hediye-kutulari","17":"product_tag-toptan-hediye-kutusu","18":"product_tag-toptan-hediyelik","19":"product_tag-toptan-hediyelik-esya","20":"product_tag-toptan-hediyelik-esya-kutusu","22":"first","23":"instock","24":"taxable","25":"shipping-taxable","26":"product-type-simple"},"_links":{"self":[{"href":"https:\/\/toptanhediyekutu.com\/index.php?rest_route=\/wp\/v2\/product\/6024","targetHints":{"allow":["GET"]}}],"collection":[{"href":"https:\/\/toptanhediyekutu.com\/index.php?rest_route=\/wp\/v2\/product"}],"about":[{"href":"https:\/\/toptanhediyekutu.com\/index.php?rest_route=\/wp\/v2\/types\/product"}],"version-history":[{"count":1,"href":"https:\/\/toptanhediyekutu.com\/index.php?rest_route=\/wp\/v2\/product\/6024\/revisions"}],"predecessor-version":[{"id":6043,"href":"https:\/\/toptanhediyekutu.com\/index.php?rest_route=\/wp\/v2\/product\/6024\/revisions\/6043"}],"wp:featuredmedia":[{"embeddable":true,"href":"https:\/\/toptanhediyekutu.com\/index.php?rest_route=\/wp\/v2\/media\/6028"}],"wp:attachment":[{"href":"https:\/\/toptanhediyekutu.com\/index.php?rest_route=%2Fwp%2Fv2%2Fmedia&parent=6024"}],"wp:term":[{"taxonomy":"product_brand","embeddable":true,"href":"https:\/\/toptanhediyekutu.com\/index.php?rest_route=%2Fwp%2Fv2%2Fproduct_brand&post=6024"},{"taxonomy":"product_cat","embeddable":true,"href":"https:\/\/toptanhediyekutu.com\/index.php?rest_route=%2Fwp%2Fv2%2Fproduct_cat&post=6024"},{"taxonomy":"product_tag","embeddable":true,"href":"https:\/\/toptanhediyekutu.com\/index.php?rest_route=%2Fwp%2Fv2%2Fproduct_tag&post=6024"}],"curies":[{"name":"wp","href":"https:\/\/api.w.org\/{rel}","templated":true}]}}