{"id":6008,"date":"2024-01-03T14:31:37","date_gmt":"2024-01-03T11:31:37","guid":{"rendered":"https:\/\/lavenderblush-sheep-125930.hostingersite.com\/?post_type=product&#038;p=6008"},"modified":"2025-01-18T21:35:11","modified_gmt":"2025-01-18T18:35:11","slug":"premium-hediye-kutu-ebat-17-14-derinlik-21-cm","status":"publish","type":"product","link":"https:\/\/toptanhediyekutu.com\/?product=premium-hediye-kutu-ebat-17-14-derinlik-21-cm","title":{"rendered":"Premium Hediye Kutu Ebat : 17\/14\/Derinlik 21 cm"},"content":{"rendered":"<p>Premium Hediye Kutu Ebat : 17\/14\/Derinlik 21 cm<\/p>\n<p>Premium Hediye Kutu Ebat : 17\/14\/Derinlik 21 cm<\/p>\n<p>\u00dcst Kullan\u0131m Alan\u0131 :16\/12\/15 cm<\/p>\n<p>Alt \u00c7ekmece Kullan\u0131m Alan\u0131\u00a0 16.50\/11.50\/3.5 cm\u00a0<\/p>\n","protected":false},"excerpt":{"rendered":"<p>Premium Hediye Kutu Ebat : 17\/14\/Derinlik 16 cm<\/p>\n<p>\u00dcst Kullan\u0131m Alan\u0131 :16\/12\/10 cm<\/p>\n<p>Alt \u00c7ekmece Kullan\u0131m Alan\u0131\u00a0 16.50\/11.50\/3.5 cm\u00a0<\/p>\n","protected":false},"featured_media":5961,"template":"","meta":{"_joinchat":[]},"product_brand":[],"product_cat":[1397,1395,594,1393],"product_tag":[86,83,87,85,88,89,76,78,77,75,79,94],"class_list":{"0":"post-6008","1":"product","2":"type-product","3":"status-publish","4":"has-post-thumbnail","6":"product_cat-cicek-kutusu","7":"product_cat-cikolata-hediye-kutulari","8":"product_cat-dikdortgen-hediye-kutulari","9":"product_cat-plexsi-hediye-kutulari","10":"product_tag-hediye-kutu","11":"product_tag-hediye-kutulari","12":"product_tag-hediye-kutusu","13":"product_tag-hediyelik","14":"product_tag-hediyelik-esya","15":"product_tag-hediyelik-esya-kutusu","16":"product_tag-toptan-hediye-kutu","17":"product_tag-toptan-hediye-kutulari","18":"product_tag-toptan-hediye-kutusu","19":"product_tag-toptan-hediyelik","20":"product_tag-toptan-hediyelik-esya","21":"product_tag-toptan-hediyelik-esya-kutusu","23":"first","24":"instock","25":"taxable","26":"shipping-taxable","27":"product-type-simple"},"_links":{"self":[{"href":"https:\/\/toptanhediyekutu.com\/index.php?rest_route=\/wp\/v2\/product\/6008","targetHints":{"allow":["GET"]}}],"collection":[{"href":"https:\/\/toptanhediyekutu.com\/index.php?rest_route=\/wp\/v2\/product"}],"about":[{"href":"https:\/\/toptanhediyekutu.com\/index.php?rest_route=\/wp\/v2\/types\/product"}],"version-history":[{"count":1,"href":"https:\/\/toptanhediyekutu.com\/index.php?rest_route=\/wp\/v2\/product\/6008\/revisions"}],"predecessor-version":[{"id":6009,"href":"https:\/\/toptanhediyekutu.com\/index.php?rest_route=\/wp\/v2\/product\/6008\/revisions\/6009"}],"wp:featuredmedia":[{"embeddable":true,"href":"https:\/\/toptanhediyekutu.com\/index.php?rest_route=\/wp\/v2\/media\/5961"}],"wp:attachment":[{"href":"https:\/\/toptanhediyekutu.com\/index.php?rest_route=%2Fwp%2Fv2%2Fmedia&parent=6008"}],"wp:term":[{"taxonomy":"product_brand","embeddable":true,"href":"https:\/\/toptanhediyekutu.com\/index.php?rest_route=%2Fwp%2Fv2%2Fproduct_brand&post=6008"},{"taxonomy":"product_cat","embeddable":true,"href":"https:\/\/toptanhediyekutu.com\/index.php?rest_route=%2Fwp%2Fv2%2Fproduct_cat&post=6008"},{"taxonomy":"product_tag","embeddable":true,"href":"https:\/\/toptanhediyekutu.com\/index.php?rest_route=%2Fwp%2Fv2%2Fproduct_tag&post=6008"}],"curies":[{"name":"wp","href":"https:\/\/api.w.org\/{rel}","templated":true}]}}