{"id":5989,"date":"2024-01-03T13:53:33","date_gmt":"2024-01-03T10:53:33","guid":{"rendered":"https:\/\/lavenderblush-sheep-125930.hostingersite.com\/?post_type=product&#038;p=5989"},"modified":"2024-11-21T20:12:32","modified_gmt":"2024-11-21T17:12:32","slug":"premium-hediye-kutu-ebat-17-14-derinlik-16-cm-3","status":"publish","type":"product","link":"https:\/\/toptanhediyekutu.com\/?product=premium-hediye-kutu-ebat-17-14-derinlik-16-cm-3","title":{"rendered":"Premium Hediye Kutu Ebat : 17\/14\/Derinlik 16 cm"},"content":{"rendered":"<p><iframe title=\"Hediye Kutusu 17.50\/13\/Y\u00fcksekl\u0131k 15 cm\" width=\"1140\" height=\"641\" src=\"https:\/\/www.youtube.com\/embed\/vXE-wJ3mKyY?feature=oembed\" frameborder=\"0\" allow=\"accelerometer; autoplay; clipboard-write; encrypted-media; gyroscope; picture-in-picture; web-share\" allowfullscreen><\/iframe><\/p>\n<p>Premium Hediye Kutu Ebat : 17\/14\/Derinlik 16 cm<br \/>\nHediye Kutu Ebat : 17\/14\/Derinlik 16 cm<\/p>\n<p>\u00dcst Kullan\u0131m Alan\u0131 :16\/12\/10 cm<\/p>\n<p>Alt \u00c7ekmece Kullan\u0131m Alan\u0131\u00a0 16.50\/11.50\/3.5 cm\u00a0<\/p>\n","protected":false},"excerpt":{"rendered":"<p>https:\/\/youtube.com\/shorts\/vXE-wJ3mKyY?si=qf2hfhW4cawujPBK<\/p>\n","protected":false},"featured_media":5978,"template":"","meta":{"_joinchat":[]},"product_brand":[],"product_cat":[1396,1393],"product_tag":[],"class_list":{"0":"post-5989","1":"product","2":"type-product","3":"status-publish","4":"has-post-thumbnail","6":"product_cat-kadife-hediye-kutulari","7":"product_cat-plexsi-hediye-kutulari","9":"first","10":"instock","11":"taxable","12":"shipping-taxable","13":"product-type-simple"},"_links":{"self":[{"href":"https:\/\/toptanhediyekutu.com\/index.php?rest_route=\/wp\/v2\/product\/5989","targetHints":{"allow":["GET"]}}],"collection":[{"href":"https:\/\/toptanhediyekutu.com\/index.php?rest_route=\/wp\/v2\/product"}],"about":[{"href":"https:\/\/toptanhediyekutu.com\/index.php?rest_route=\/wp\/v2\/types\/product"}],"version-history":[{"count":2,"href":"https:\/\/toptanhediyekutu.com\/index.php?rest_route=\/wp\/v2\/product\/5989\/revisions"}],"predecessor-version":[{"id":6114,"href":"https:\/\/toptanhediyekutu.com\/index.php?rest_route=\/wp\/v2\/product\/5989\/revisions\/6114"}],"wp:featuredmedia":[{"embeddable":true,"href":"https:\/\/toptanhediyekutu.com\/index.php?rest_route=\/wp\/v2\/media\/5978"}],"wp:attachment":[{"href":"https:\/\/toptanhediyekutu.com\/index.php?rest_route=%2Fwp%2Fv2%2Fmedia&parent=5989"}],"wp:term":[{"taxonomy":"product_brand","embeddable":true,"href":"https:\/\/toptanhediyekutu.com\/index.php?rest_route=%2Fwp%2Fv2%2Fproduct_brand&post=5989"},{"taxonomy":"product_cat","embeddable":true,"href":"https:\/\/toptanhediyekutu.com\/index.php?rest_route=%2Fwp%2Fv2%2Fproduct_cat&post=5989"},{"taxonomy":"product_tag","embeddable":true,"href":"https:\/\/toptanhediyekutu.com\/index.php?rest_route=%2Fwp%2Fv2%2Fproduct_tag&post=5989"}],"curies":[{"name":"wp","href":"https:\/\/api.w.org\/{rel}","templated":true}]}}