{"id":5682,"date":"2023-11-21T00:46:18","date_gmt":"2023-11-20T21:46:18","guid":{"rendered":"https:\/\/lavenderblush-sheep-125930.hostingersite.com\/?post_type=product&#038;p=5682"},"modified":"2024-08-21T14:23:02","modified_gmt":"2024-08-21T11:23:02","slug":"pembe-siyah-kirpik-kagit-2-5-kg-toptan-fiyat","status":"publish","type":"product","link":"https:\/\/toptanhediyekutu.com\/?product=pembe-siyah-kirpik-kagit-2-5-kg-toptan-fiyat","title":{"rendered":"Pembe Renk K\u0131rp\u0131k Kag\u0131t 2.5 KG Toptan Fiyat"},"content":{"rendered":"<p><iframe title=\"Babaya Do\u011fum G\u00fcn\u00fc Hediyesi ,E\u015fe Do\u011fum G\u00fcn\u00fc Hediyesi ,\" width=\"1140\" height=\"641\" src=\"https:\/\/www.youtube.com\/embed\/-r4lSKCEUek?feature=oembed\" frameborder=\"0\" allow=\"accelerometer; autoplay; clipboard-write; encrypted-media; gyroscope; picture-in-picture; web-share\" allowfullscreen><\/iframe><\/p>\n<p>&nbsp;<\/p>\n<p>Her Renk K\u0131rp\u0131k Kag\u0131t 2.5 KG olarak \u00fcretilmektedir<\/p>\n","protected":false},"excerpt":{"rendered":"<p>https:\/\/youtube.com\/shorts\/wmCL0KvAq0Y?si=vJpVzKcFKk7Ny6vC<\/p>\n<p>Her Renk K\u0131rp\u0131k Kag\u0131t 2.5 KG olarak \u00fcretilmektedir<\/p>\n","protected":false},"featured_media":5673,"template":"","meta":{"_joinchat":[]},"product_brand":[],"product_cat":[1496],"product_tag":[1515,1514],"class_list":{"0":"post-5682","1":"product","2":"type-product","3":"status-publish","4":"has-post-thumbnail","6":"product_cat-kirpik-kagit","7":"product_tag-dolgu-malzemesi","8":"product_tag-zikzak-kirpik-kagit","10":"first","11":"instock","12":"taxable","13":"shipping-taxable","14":"product-type-simple"},"_links":{"self":[{"href":"https:\/\/toptanhediyekutu.com\/index.php?rest_route=\/wp\/v2\/product\/5682","targetHints":{"allow":["GET"]}}],"collection":[{"href":"https:\/\/toptanhediyekutu.com\/index.php?rest_route=\/wp\/v2\/product"}],"about":[{"href":"https:\/\/toptanhediyekutu.com\/index.php?rest_route=\/wp\/v2\/types\/product"}],"version-history":[{"count":2,"href":"https:\/\/toptanhediyekutu.com\/index.php?rest_route=\/wp\/v2\/product\/5682\/revisions"}],"predecessor-version":[{"id":5708,"href":"https:\/\/toptanhediyekutu.com\/index.php?rest_route=\/wp\/v2\/product\/5682\/revisions\/5708"}],"wp:featuredmedia":[{"embeddable":true,"href":"https:\/\/toptanhediyekutu.com\/index.php?rest_route=\/wp\/v2\/media\/5673"}],"wp:attachment":[{"href":"https:\/\/toptanhediyekutu.com\/index.php?rest_route=%2Fwp%2Fv2%2Fmedia&parent=5682"}],"wp:term":[{"taxonomy":"product_brand","embeddable":true,"href":"https:\/\/toptanhediyekutu.com\/index.php?rest_route=%2Fwp%2Fv2%2Fproduct_brand&post=5682"},{"taxonomy":"product_cat","embeddable":true,"href":"https:\/\/toptanhediyekutu.com\/index.php?rest_route=%2Fwp%2Fv2%2Fproduct_cat&post=5682"},{"taxonomy":"product_tag","embeddable":true,"href":"https:\/\/toptanhediyekutu.com\/index.php?rest_route=%2Fwp%2Fv2%2Fproduct_tag&post=5682"}],"curies":[{"name":"wp","href":"https:\/\/api.w.org\/{rel}","templated":true}]}}