{"id":5525,"date":"2023-11-19T19:32:11","date_gmt":"2023-11-19T16:32:11","guid":{"rendered":"https:\/\/lavenderblush-sheep-125930.hostingersite.com\/?post_type=product&#038;p=5525"},"modified":"2025-07-04T14:24:47","modified_gmt":"2025-07-04T11:24:47","slug":"kurdelali-hediye-kutusu-ebat35-25-6-cm-4","status":"publish","type":"product","link":"https:\/\/toptanhediyekutu.com\/?product=kurdelali-hediye-kutusu-ebat35-25-6-cm-4","title":{"rendered":"Kurdelal\u0131 Hediye Kutusu Ebat:35\/25\/6 cm"},"content":{"rendered":"<p>Kurdelal\u0131 Hediye Kutusu Ebat:35\/25\/6 cm<\/p>\n<p>&nbsp;<\/p>\n<p class=\"p1\"><strong><span class=\"s1\">Elbette 150 Adet Ve \u00dczeri Al\u0131mlarda Logo Bask\u0131l\u0131 \u00fcretim yap\u0131lmaktad\u0131r<\/span><\/strong><\/p>\n<p class=\"p1\"><strong><span class=\"s1\">vE\u00a0Bask\u0131l\u0131 Fiyat Fatih Kayadan \u00d6grenebilirsiniz <\/span><\/strong><\/p>\n<p class=\"p1\"><strong><span class=\"s1\">Bu \u00dcR\u00dcN\u00dcM\u00dcZDEN 100 ADET VE \u00dcZER\u0130 ALINACAK \u0130SE Fatih Kaydan<span class=\"Apple-converted-space\">\u00a0 <\/span>\u0130ND\u0130R\u0130ML\u0130 F\u0130YAT TALEP ETMELISINIZ<\/span><\/strong><\/p>\n","protected":false},"excerpt":{"rendered":"<p>https:\/\/youtube.com\/shorts\/C8n7gTmUOtQ?si=wICHpcAonc5w4lII<\/p>\n","protected":false},"featured_media":5482,"template":"","meta":{"_joinchat":[]},"product_brand":[],"product_cat":[594],"product_tag":[],"class_list":{"0":"post-5525","1":"product","2":"type-product","3":"status-publish","4":"has-post-thumbnail","6":"product_cat-dikdortgen-hediye-kutulari","8":"first","9":"outofstock","10":"taxable","11":"shipping-taxable","12":"product-type-simple"},"_links":{"self":[{"href":"https:\/\/toptanhediyekutu.com\/index.php?rest_route=\/wp\/v2\/product\/5525","targetHints":{"allow":["GET"]}}],"collection":[{"href":"https:\/\/toptanhediyekutu.com\/index.php?rest_route=\/wp\/v2\/product"}],"about":[{"href":"https:\/\/toptanhediyekutu.com\/index.php?rest_route=\/wp\/v2\/types\/product"}],"version-history":[{"count":1,"href":"https:\/\/toptanhediyekutu.com\/index.php?rest_route=\/wp\/v2\/product\/5525\/revisions"}],"predecessor-version":[{"id":5526,"href":"https:\/\/toptanhediyekutu.com\/index.php?rest_route=\/wp\/v2\/product\/5525\/revisions\/5526"}],"wp:featuredmedia":[{"embeddable":true,"href":"https:\/\/toptanhediyekutu.com\/index.php?rest_route=\/wp\/v2\/media\/5482"}],"wp:attachment":[{"href":"https:\/\/toptanhediyekutu.com\/index.php?rest_route=%2Fwp%2Fv2%2Fmedia&parent=5525"}],"wp:term":[{"taxonomy":"product_brand","embeddable":true,"href":"https:\/\/toptanhediyekutu.com\/index.php?rest_route=%2Fwp%2Fv2%2Fproduct_brand&post=5525"},{"taxonomy":"product_cat","embeddable":true,"href":"https:\/\/toptanhediyekutu.com\/index.php?rest_route=%2Fwp%2Fv2%2Fproduct_cat&post=5525"},{"taxonomy":"product_tag","embeddable":true,"href":"https:\/\/toptanhediyekutu.com\/index.php?rest_route=%2Fwp%2Fv2%2Fproduct_tag&post=5525"}],"curies":[{"name":"wp","href":"https:\/\/api.w.org\/{rel}","templated":true}]}}