{"id":5351,"date":"2023-11-19T14:53:09","date_gmt":"2023-11-19T11:53:09","guid":{"rendered":"https:\/\/lavenderblush-sheep-125930.hostingersite.com\/?post_type=product&#038;p=5351"},"modified":"2026-01-28T21:01:46","modified_gmt":"2026-01-28T18:01:46","slug":"buyuk-boy-kurdelali-kalpli-hediye-kutu-ebat28-22-11-cm","status":"publish","type":"product","link":"https:\/\/toptanhediyekutu.com\/?product=buyuk-boy-kurdelali-kalpli-hediye-kutu-ebat28-22-11-cm","title":{"rendered":"Tek Boy Kurdelal\u0131 Kalpli Hediye Kutu Ebat:28\/22\/11 cm"},"content":{"rendered":"<p><iframe title=\"Kurdelal\u0131 Ve Fiyonklu Kalpli B\u00fcy\u00fck Boy Hediye Kutusu Ebat 28\/22\/11 cm #hediyekutusu\" width=\"1140\" height=\"641\" src=\"https:\/\/www.youtube.com\/embed\/VznpSd8UUD0?feature=oembed\" frameborder=\"0\" allow=\"accelerometer; autoplay; clipboard-write; encrypted-media; gyroscope; picture-in-picture; web-share\" allowfullscreen><\/iframe><\/p>\n<p>&nbsp;<\/p>\n<p>B\u00fcy\u00fck Boy Kurdelal\u0131 Kalpli Hediye Kutu Ebat:28\/22\/11 cm<\/p>\n<p class=\"p1\"><span class=\"s1\">Elbette 150 Adet Ve \u00dczeri Al\u0131mlarda Logo Bask\u0131l\u0131 \u00fcretim yap\u0131lmaktad\u0131r<\/span><\/p>\n<p class=\"p1\"><span class=\"s1\">vE\u00a0Bask\u0131l\u0131 Fiyat Fatih Kayadan \u00d6grenebilirsiniz <\/span><\/p>\n<p class=\"p1\"><span class=\"s1\">Bu \u00dcR\u00dcN\u00dcM\u00dcZDEN 100 ADET VE \u00dcZER\u0130 ALINACAK \u0130SE Fatih Kaydan<span class=\"Apple-converted-space\">\u00a0 <\/span>\u0130ND\u0130R\u0130ML\u0130 F\u0130YAT TALEP ETMELISINIZ<\/span><\/p>\n","protected":false},"excerpt":{"rendered":"<p>https:\/\/youtube.com\/shorts\/VznpSd8UUD0?si=9SSRLF5AX2TTrIdI<\/p>\n","protected":false},"featured_media":5300,"template":"","meta":{"_joinchat":[]},"product_brand":[],"product_cat":[1392],"product_tag":[1127],"class_list":{"0":"post-5351","1":"product","2":"type-product","3":"status-publish","4":"has-post-thumbnail","6":"product_cat-kalpli-hediye-kutu","7":"product_tag-kalpli-hediye-kutusu","9":"first","10":"instock","11":"taxable","12":"shipping-taxable","13":"product-type-simple"},"_links":{"self":[{"href":"https:\/\/toptanhediyekutu.com\/index.php?rest_route=\/wp\/v2\/product\/5351","targetHints":{"allow":["GET"]}}],"collection":[{"href":"https:\/\/toptanhediyekutu.com\/index.php?rest_route=\/wp\/v2\/product"}],"about":[{"href":"https:\/\/toptanhediyekutu.com\/index.php?rest_route=\/wp\/v2\/types\/product"}],"version-history":[{"count":5,"href":"https:\/\/toptanhediyekutu.com\/index.php?rest_route=\/wp\/v2\/product\/5351\/revisions"}],"predecessor-version":[{"id":6206,"href":"https:\/\/toptanhediyekutu.com\/index.php?rest_route=\/wp\/v2\/product\/5351\/revisions\/6206"}],"wp:featuredmedia":[{"embeddable":true,"href":"https:\/\/toptanhediyekutu.com\/index.php?rest_route=\/wp\/v2\/media\/5300"}],"wp:attachment":[{"href":"https:\/\/toptanhediyekutu.com\/index.php?rest_route=%2Fwp%2Fv2%2Fmedia&parent=5351"}],"wp:term":[{"taxonomy":"product_brand","embeddable":true,"href":"https:\/\/toptanhediyekutu.com\/index.php?rest_route=%2Fwp%2Fv2%2Fproduct_brand&post=5351"},{"taxonomy":"product_cat","embeddable":true,"href":"https:\/\/toptanhediyekutu.com\/index.php?rest_route=%2Fwp%2Fv2%2Fproduct_cat&post=5351"},{"taxonomy":"product_tag","embeddable":true,"href":"https:\/\/toptanhediyekutu.com\/index.php?rest_route=%2Fwp%2Fv2%2Fproduct_tag&post=5351"}],"curies":[{"name":"wp","href":"https:\/\/api.w.org\/{rel}","templated":true}]}}