{"id":5328,"date":"2023-11-18T20:50:08","date_gmt":"2023-11-18T17:50:08","guid":{"rendered":"https:\/\/lavenderblush-sheep-125930.hostingersite.com\/?post_type=product&#038;p=5328"},"modified":"2026-01-28T20:57:51","modified_gmt":"2026-01-28T17:57:51","slug":"buyuk-boy-kalpli-hediye-kutu-ebat28-22-11-cm-kopya","status":"publish","type":"product","link":"https:\/\/toptanhediyekutu.com\/?product=buyuk-boy-kalpli-hediye-kutu-ebat28-22-11-cm-kopya","title":{"rendered":"Tek Boy Kalpli Hediye Kutu Ebat:28\/22\/11 cm"},"content":{"rendered":"<p class=\"p2\"><span class=\"s1\">B\u00fcy\u00fck Boy Kalpli Hediye Kutu Ebat:28\/22\/11 cm<\/span><\/p>\n<p class=\"p2\"><span class=\"s1\">B\u00fcy\u00fck Boy Kalpli Hediye Kutu Bo\u015f Ag\u0131rl\u0131k : 315 gr<\/span><\/p>\n","protected":false},"excerpt":{"rendered":"<p>https:\/\/youtube.com\/shorts\/B_arnKZevgc?si=xlkqgrxaARpaWf2N<\/p>\n","protected":false},"featured_media":5301,"template":"","meta":{"_joinchat":[]},"product_brand":[],"product_cat":[1392],"product_tag":[86,83,87,1143,1144,115,553],"class_list":{"0":"post-5328","1":"product","2":"type-product","3":"status-publish","4":"has-post-thumbnail","6":"product_cat-kalpli-hediye-kutu","7":"product_tag-hediye-kutu","8":"product_tag-hediye-kutulari","9":"product_tag-hediye-kutusu","10":"product_tag-hediye-kutusu-cesitleri","11":"product_tag-hediye-kutusu-fiyatlari","12":"product_tag-hediye-paketi","13":"product_tag-toptan-set-kutu","15":"first","16":"instock","17":"taxable","18":"shipping-taxable","19":"product-type-simple"},"_links":{"self":[{"href":"https:\/\/toptanhediyekutu.com\/index.php?rest_route=\/wp\/v2\/product\/5328","targetHints":{"allow":["GET"]}}],"collection":[{"href":"https:\/\/toptanhediyekutu.com\/index.php?rest_route=\/wp\/v2\/product"}],"about":[{"href":"https:\/\/toptanhediyekutu.com\/index.php?rest_route=\/wp\/v2\/types\/product"}],"version-history":[{"count":2,"href":"https:\/\/toptanhediyekutu.com\/index.php?rest_route=\/wp\/v2\/product\/5328\/revisions"}],"predecessor-version":[{"id":6210,"href":"https:\/\/toptanhediyekutu.com\/index.php?rest_route=\/wp\/v2\/product\/5328\/revisions\/6210"}],"wp:featuredmedia":[{"embeddable":true,"href":"https:\/\/toptanhediyekutu.com\/index.php?rest_route=\/wp\/v2\/media\/5301"}],"wp:attachment":[{"href":"https:\/\/toptanhediyekutu.com\/index.php?rest_route=%2Fwp%2Fv2%2Fmedia&parent=5328"}],"wp:term":[{"taxonomy":"product_brand","embeddable":true,"href":"https:\/\/toptanhediyekutu.com\/index.php?rest_route=%2Fwp%2Fv2%2Fproduct_brand&post=5328"},{"taxonomy":"product_cat","embeddable":true,"href":"https:\/\/toptanhediyekutu.com\/index.php?rest_route=%2Fwp%2Fv2%2Fproduct_cat&post=5328"},{"taxonomy":"product_tag","embeddable":true,"href":"https:\/\/toptanhediyekutu.com\/index.php?rest_route=%2Fwp%2Fv2%2Fproduct_tag&post=5328"}],"curies":[{"name":"wp","href":"https:\/\/api.w.org\/{rel}","templated":true}]}}