{"id":5327,"date":"2023-11-18T20:48:20","date_gmt":"2023-11-18T17:48:20","guid":{"rendered":"https:\/\/lavenderblush-sheep-125930.hostingersite.com\/?post_type=product&#038;p=5327"},"modified":"2026-01-28T20:57:59","modified_gmt":"2026-01-28T17:57:59","slug":"buyuk-boy-kalpli-hediye-kutu-ebat28-22-11-cm-9","status":"publish","type":"product","link":"https:\/\/toptanhediyekutu.com\/?product=buyuk-boy-kalpli-hediye-kutu-ebat28-22-11-cm-9","title":{"rendered":"Tek Boy Kalpli Hediye Kutu Ebat:28\/22\/11 cm"},"content":{"rendered":"<p class=\"p2\"><span class=\"s1\">B\u00fcy\u00fck Boy Kalpli Hediye Kutu Ebat:28\/22\/11 cm<\/span><\/p>\n<p class=\"p2\"><span class=\"s1\">B\u00fcy\u00fck Boy Kalpli Hediye Kutu Bo\u015f Ag\u0131rl\u0131k : 315 gr<\/span><\/p>\n","protected":false},"excerpt":{"rendered":"<p>https:\/\/youtube.com\/shorts\/B_arnKZevgc?si=xlkqgrxaARpaWf2N<\/p>\n","protected":false},"featured_media":5302,"template":"","meta":{"_joinchat":[]},"product_brand":[],"product_cat":[1392],"product_tag":[552,77,75,79,554,99,553],"class_list":{"0":"post-5327","1":"product","2":"type-product","3":"status-publish","4":"has-post-thumbnail","6":"product_cat-kalpli-hediye-kutu","7":"product_tag-toptan-10lu-kutu","8":"product_tag-toptan-hediye-kutusu","9":"product_tag-toptan-hediyelik","10":"product_tag-toptan-hediyelik-esya","11":"product_tag-toptan-hediyelik-kutular","12":"product_tag-toptan-kutu","13":"product_tag-toptan-set-kutu","15":"first","16":"outofstock","17":"taxable","18":"shipping-taxable","19":"product-type-simple"},"_links":{"self":[{"href":"https:\/\/toptanhediyekutu.com\/index.php?rest_route=\/wp\/v2\/product\/5327","targetHints":{"allow":["GET"]}}],"collection":[{"href":"https:\/\/toptanhediyekutu.com\/index.php?rest_route=\/wp\/v2\/product"}],"about":[{"href":"https:\/\/toptanhediyekutu.com\/index.php?rest_route=\/wp\/v2\/types\/product"}],"version-history":[{"count":2,"href":"https:\/\/toptanhediyekutu.com\/index.php?rest_route=\/wp\/v2\/product\/5327\/revisions"}],"predecessor-version":[{"id":6148,"href":"https:\/\/toptanhediyekutu.com\/index.php?rest_route=\/wp\/v2\/product\/5327\/revisions\/6148"}],"wp:featuredmedia":[{"embeddable":true,"href":"https:\/\/toptanhediyekutu.com\/index.php?rest_route=\/wp\/v2\/media\/5302"}],"wp:attachment":[{"href":"https:\/\/toptanhediyekutu.com\/index.php?rest_route=%2Fwp%2Fv2%2Fmedia&parent=5327"}],"wp:term":[{"taxonomy":"product_brand","embeddable":true,"href":"https:\/\/toptanhediyekutu.com\/index.php?rest_route=%2Fwp%2Fv2%2Fproduct_brand&post=5327"},{"taxonomy":"product_cat","embeddable":true,"href":"https:\/\/toptanhediyekutu.com\/index.php?rest_route=%2Fwp%2Fv2%2Fproduct_cat&post=5327"},{"taxonomy":"product_tag","embeddable":true,"href":"https:\/\/toptanhediyekutu.com\/index.php?rest_route=%2Fwp%2Fv2%2Fproduct_tag&post=5327"}],"curies":[{"name":"wp","href":"https:\/\/api.w.org\/{rel}","templated":true}]}}