{"id":5318,"date":"2023-11-18T20:25:14","date_gmt":"2023-11-18T17:25:14","guid":{"rendered":"https:\/\/lavenderblush-sheep-125930.hostingersite.com\/?post_type=product&#038;p=5318"},"modified":"2026-01-28T20:58:27","modified_gmt":"2026-01-28T17:58:27","slug":"buyuk-boy-kalpli-hediye-kutu-ebat28-22-11-cm-5","status":"publish","type":"product","link":"https:\/\/toptanhediyekutu.com\/?product=buyuk-boy-kalpli-hediye-kutu-ebat28-22-11-cm-5","title":{"rendered":"Tek Boy Kalpli Hediye Kutu Ebat:28\/22\/11 cm"},"content":{"rendered":"<p><iframe title=\"Hediye Kutu ,Kalpli Hediye Kutusu Ebat 28\/22\/\/Derinlik 11 cm\" width=\"1140\" height=\"641\" src=\"https:\/\/www.youtube.com\/embed\/j09k2C0ktlM?feature=oembed\" frameborder=\"0\" allow=\"accelerometer; autoplay; clipboard-write; encrypted-media; gyroscope; picture-in-picture; web-share\" allowfullscreen><\/iframe> <\/p>\n<p class=\"p2\"><span class=\"s1\">B\u00fcy\u00fck Boy Kalpli Hediye Kutu Ebat:28\/22\/11 cm<\/span><\/p>\n<p class=\"p2\"><span class=\"s1\">B\u00fcy\u00fck Boy Kalpli Hediye Kutu Bo\u015f Ag\u0131rl\u0131k : 315 gr<\/span><\/p>\n","protected":false},"excerpt":{"rendered":"<p>https:\/\/youtube.com\/shorts\/j09k2C0ktlM?si=sCPXm2EHCZCAaPpw<\/p>\n","protected":false},"featured_media":5305,"template":"","meta":{"_joinchat":[]},"product_brand":[],"product_cat":[1392],"product_tag":[551,549,74,79,548,99,408,547,550],"class_list":{"0":"post-5318","1":"product","2":"type-product","3":"status-publish","4":"has-post-thumbnail","6":"product_cat-kalpli-hediye-kutu","7":"product_tag-toptan","8":"product_tag-toptan-3lu-hediye-kutusu","9":"product_tag-toptan-hediye","10":"product_tag-toptan-hediyelik-esya","11":"product_tag-toptan-hediyelik-esya-cesitleri","12":"product_tag-toptan-kutu","13":"product_tag-toptan-kutu-cesitleri","14":"product_tag-toptan-kutu-modelleri","15":"product_tag-toptan-tasarim-3lu-hediye-kutusu","17":"first","18":"outofstock","19":"taxable","20":"shipping-taxable","21":"product-type-simple"},"_links":{"self":[{"href":"https:\/\/toptanhediyekutu.com\/index.php?rest_route=\/wp\/v2\/product\/5318","targetHints":{"allow":["GET"]}}],"collection":[{"href":"https:\/\/toptanhediyekutu.com\/index.php?rest_route=\/wp\/v2\/product"}],"about":[{"href":"https:\/\/toptanhediyekutu.com\/index.php?rest_route=\/wp\/v2\/types\/product"}],"version-history":[{"count":5,"href":"https:\/\/toptanhediyekutu.com\/index.php?rest_route=\/wp\/v2\/product\/5318\/revisions"}],"predecessor-version":[{"id":6159,"href":"https:\/\/toptanhediyekutu.com\/index.php?rest_route=\/wp\/v2\/product\/5318\/revisions\/6159"}],"wp:featuredmedia":[{"embeddable":true,"href":"https:\/\/toptanhediyekutu.com\/index.php?rest_route=\/wp\/v2\/media\/5305"}],"wp:attachment":[{"href":"https:\/\/toptanhediyekutu.com\/index.php?rest_route=%2Fwp%2Fv2%2Fmedia&parent=5318"}],"wp:term":[{"taxonomy":"product_brand","embeddable":true,"href":"https:\/\/toptanhediyekutu.com\/index.php?rest_route=%2Fwp%2Fv2%2Fproduct_brand&post=5318"},{"taxonomy":"product_cat","embeddable":true,"href":"https:\/\/toptanhediyekutu.com\/index.php?rest_route=%2Fwp%2Fv2%2Fproduct_cat&post=5318"},{"taxonomy":"product_tag","embeddable":true,"href":"https:\/\/toptanhediyekutu.com\/index.php?rest_route=%2Fwp%2Fv2%2Fproduct_tag&post=5318"}],"curies":[{"name":"wp","href":"https:\/\/api.w.org\/{rel}","templated":true}]}}