{"id":5219,"date":"2023-10-12T15:43:03","date_gmt":"2023-10-12T12:43:03","guid":{"rendered":"https:\/\/lavenderblush-sheep-125930.hostingersite.com\/?post_type=product&#038;p=5219"},"modified":"2026-03-15T18:16:12","modified_gmt":"2026-03-15T15:16:12","slug":"silindir-hediye-kutu-3-lu-set-11","status":"publish","type":"product","link":"https:\/\/toptanhediyekutu.com\/?product=silindir-hediye-kutu-3-lu-set-11","title":{"rendered":"Silindir Hediye Kutusu 3\u2019L\u00fc Set"},"content":{"rendered":"<p class=\"p1\"><span class=\"s1\">Silindir Hediye Kutu 3 L\u00fc Set <\/span><\/p>\n<p class=\"p1\"><span class=\"s1\">Silindir Hediye Kutu Ebatllar\u0131 <\/span><\/p>\n<p class=\"p1\"><span class=\"s1\">B\u00fcy\u00fck Boy : \u00c7ap 20 cm Y\u00fckseklik 20 cm <\/span><\/p>\n<p class=\"p1\"><span class=\"s1\">Orta Boy : \u00c7ap 17 cm Y\u00fcksekl\u0131k 19 cm <\/span><\/p>\n<p class=\"p1\"><span class=\"s1\">K\u00fc\u00e7\u00fck Boy : \u00c7ap 15 cm Y\u00fckseklik 18 cm <\/span><\/p>\n<p class=\"p1\"><span class=\"s1\">Silindir Hediye Kutu Bo\u015f Ag\u0131rl\u0131k :730 GR <\/span><\/p>\n","protected":false},"excerpt":{"rendered":"<p>Silindir Hediye Kutu 3 L\u00fc Set Silindir Hediye Kutu Ebatllar\u0131 B\u00fcy\u00fck Boy : \u00c7ap 20 cm Y\u00fckseklik 20 cm Orta Boy : \u00c7ap 17 cm Y\u00fcksekl\u0131k 19 cm K\u00fc\u00e7\u00fck Boy [&hellip;]<\/p>\n","protected":false},"featured_media":5190,"template":"","meta":{"_joinchat":[]},"product_brand":[],"product_cat":[1397,1517,595],"product_tag":[83,88,89,1801,78,77,79,94],"class_list":{"0":"post-5219","1":"product","2":"type-product","3":"status-publish","4":"has-post-thumbnail","6":"product_cat-cicek-kutusu","7":"product_cat-kutu-atolyeniz","8":"product_cat-silindir-hediye-kutulari","9":"product_tag-hediye-kutulari","10":"product_tag-hediyelik-esya","11":"product_tag-hediyelik-esya-kutusu","12":"product_tag-silindir-hediye-kutusu-3-lu-set","13":"product_tag-toptan-hediye-kutulari","14":"product_tag-toptan-hediye-kutusu","15":"product_tag-toptan-hediyelik-esya","16":"product_tag-toptan-hediyelik-esya-kutusu","18":"first","19":"instock","20":"taxable","21":"shipping-taxable","22":"product-type-simple"},"_links":{"self":[{"href":"https:\/\/toptanhediyekutu.com\/index.php?rest_route=\/wp\/v2\/product\/5219","targetHints":{"allow":["GET"]}}],"collection":[{"href":"https:\/\/toptanhediyekutu.com\/index.php?rest_route=\/wp\/v2\/product"}],"about":[{"href":"https:\/\/toptanhediyekutu.com\/index.php?rest_route=\/wp\/v2\/types\/product"}],"version-history":[{"count":2,"href":"https:\/\/toptanhediyekutu.com\/index.php?rest_route=\/wp\/v2\/product\/5219\/revisions"}],"predecessor-version":[{"id":6511,"href":"https:\/\/toptanhediyekutu.com\/index.php?rest_route=\/wp\/v2\/product\/5219\/revisions\/6511"}],"wp:featuredmedia":[{"embeddable":true,"href":"https:\/\/toptanhediyekutu.com\/index.php?rest_route=\/wp\/v2\/media\/5190"}],"wp:attachment":[{"href":"https:\/\/toptanhediyekutu.com\/index.php?rest_route=%2Fwp%2Fv2%2Fmedia&parent=5219"}],"wp:term":[{"taxonomy":"product_brand","embeddable":true,"href":"https:\/\/toptanhediyekutu.com\/index.php?rest_route=%2Fwp%2Fv2%2Fproduct_brand&post=5219"},{"taxonomy":"product_cat","embeddable":true,"href":"https:\/\/toptanhediyekutu.com\/index.php?rest_route=%2Fwp%2Fv2%2Fproduct_cat&post=5219"},{"taxonomy":"product_tag","embeddable":true,"href":"https:\/\/toptanhediyekutu.com\/index.php?rest_route=%2Fwp%2Fv2%2Fproduct_tag&post=5219"}],"curies":[{"name":"wp","href":"https:\/\/api.w.org\/{rel}","templated":true}]}}