{"id":5215,"date":"2023-10-12T15:35:47","date_gmt":"2023-10-12T12:35:47","guid":{"rendered":"https:\/\/lavenderblush-sheep-125930.hostingersite.com\/?post_type=product&#038;p=5215"},"modified":"2026-03-15T18:13:41","modified_gmt":"2026-03-15T15:13:41","slug":"silindir-hediye-kutu-3-lu-set-7","status":"publish","type":"product","link":"https:\/\/toptanhediyekutu.com\/?product=silindir-hediye-kutu-3-lu-set-7","title":{"rendered":"Silindir Hediye Kutusu 3\u2019L\u00fc Set"},"content":{"rendered":"<p class=\"p1\"><span class=\"s1\">Silindir Hediye Kutu 3 L\u00fc Set <\/span><\/p>\n<p class=\"p1\"><span class=\"s1\">Silindir Hediye Kutu Ebatllar\u0131 <\/span><\/p>\n<p class=\"p1\"><span class=\"s1\">B\u00fcy\u00fck Boy : \u00c7ap 20 cm Y\u00fckseklik 20 cm <\/span><\/p>\n<p class=\"p1\"><span class=\"s1\">Orta Boy : \u00c7ap 17 cm Y\u00fcksekl\u0131k 19 cm <\/span><\/p>\n<p class=\"p1\"><span class=\"s1\">K\u00fc\u00e7\u00fck Boy : \u00c7ap 15 cm Y\u00fckseklik 18 cm <\/span><\/p>\n<p class=\"p1\"><span class=\"s1\">Silindir Hediye Kutu Bo\u015f Ag\u0131rl\u0131k :730 GR <\/span><\/p>\n","protected":false},"excerpt":{"rendered":"<p>Silindir Hediye Kutu 3 L\u00fc Set Silindir Hediye Kutu Ebatllar\u0131 B\u00fcy\u00fck Boy : \u00c7ap 20 cm Y\u00fckseklik 20 cm Orta Boy : \u00c7ap 17 cm Y\u00fcksekl\u0131k 19 cm K\u00fc\u00e7\u00fck Boy [&hellip;]<\/p>\n","protected":false},"featured_media":5194,"template":"","meta":{"_joinchat":[]},"product_brand":[],"product_cat":[1397,1517,595],"product_tag":[77,79,94],"class_list":{"0":"post-5215","1":"product","2":"type-product","3":"status-publish","4":"has-post-thumbnail","6":"product_cat-cicek-kutusu","7":"product_cat-kutu-atolyeniz","8":"product_cat-silindir-hediye-kutulari","9":"product_tag-toptan-hediye-kutusu","10":"product_tag-toptan-hediyelik-esya","11":"product_tag-toptan-hediyelik-esya-kutusu","13":"first","14":"instock","15":"taxable","16":"shipping-taxable","17":"product-type-simple"},"_links":{"self":[{"href":"https:\/\/toptanhediyekutu.com\/index.php?rest_route=\/wp\/v2\/product\/5215","targetHints":{"allow":["GET"]}}],"collection":[{"href":"https:\/\/toptanhediyekutu.com\/index.php?rest_route=\/wp\/v2\/product"}],"about":[{"href":"https:\/\/toptanhediyekutu.com\/index.php?rest_route=\/wp\/v2\/types\/product"}],"version-history":[{"count":2,"href":"https:\/\/toptanhediyekutu.com\/index.php?rest_route=\/wp\/v2\/product\/5215\/revisions"}],"predecessor-version":[{"id":6515,"href":"https:\/\/toptanhediyekutu.com\/index.php?rest_route=\/wp\/v2\/product\/5215\/revisions\/6515"}],"wp:featuredmedia":[{"embeddable":true,"href":"https:\/\/toptanhediyekutu.com\/index.php?rest_route=\/wp\/v2\/media\/5194"}],"wp:attachment":[{"href":"https:\/\/toptanhediyekutu.com\/index.php?rest_route=%2Fwp%2Fv2%2Fmedia&parent=5215"}],"wp:term":[{"taxonomy":"product_brand","embeddable":true,"href":"https:\/\/toptanhediyekutu.com\/index.php?rest_route=%2Fwp%2Fv2%2Fproduct_brand&post=5215"},{"taxonomy":"product_cat","embeddable":true,"href":"https:\/\/toptanhediyekutu.com\/index.php?rest_route=%2Fwp%2Fv2%2Fproduct_cat&post=5215"},{"taxonomy":"product_tag","embeddable":true,"href":"https:\/\/toptanhediyekutu.com\/index.php?rest_route=%2Fwp%2Fv2%2Fproduct_tag&post=5215"}],"curies":[{"name":"wp","href":"https:\/\/api.w.org\/{rel}","templated":true}]}}