{"id":5211,"date":"2023-10-12T15:17:28","date_gmt":"2023-10-12T12:17:28","guid":{"rendered":"https:\/\/lavenderblush-sheep-125930.hostingersite.com\/?post_type=product&#038;p=5211"},"modified":"2026-03-15T01:18:51","modified_gmt":"2026-03-14T22:18:51","slug":"silindir-hediye-kutu-3-lu-set-4","status":"publish","type":"product","link":"https:\/\/toptanhediyekutu.com\/?product=silindir-hediye-kutu-3-lu-set-4","title":{"rendered":"Silindir Hediye Kutusu 3\u2019L\u00fc Set"},"content":{"rendered":"<p>Silindir Hediye Kutu 3 L\u00fc Set<\/p>\n<p>&nbsp;<\/p>\n<p class=\"p1\"><span class=\"s1\">30 SET Ve \u00dczeri Al\u0131mlarda <\/span><\/p>\n<p class=\"p1\"><span class=\"s1\">Magza 0 212 531 70 58 <\/span><\/p>\n<p class=\"p1\"><span class=\"s1\">Toptan Fiyat \u0130steml\u0131s\u0131n\u0131z<\/span><\/p>\n","protected":false},"excerpt":{"rendered":"<p>Silindir Hediye Kutu 3 L\u00fc Set &nbsp; 30 SET Ve \u00dczeri Al\u0131mlarda Magza 0 212 531 70 58 Toptan Fiyat \u0130steml\u0131s\u0131n\u0131z<\/p>\n","protected":false},"featured_media":5198,"template":"","meta":{"_joinchat":[]},"product_brand":[],"product_cat":[1397,1517,595],"product_tag":[1801,79],"class_list":{"0":"post-5211","1":"product","2":"type-product","3":"status-publish","4":"has-post-thumbnail","6":"product_cat-cicek-kutusu","7":"product_cat-kutu-atolyeniz","8":"product_cat-silindir-hediye-kutulari","9":"product_tag-silindir-hediye-kutusu-3-lu-set","10":"product_tag-toptan-hediyelik-esya","12":"first","13":"instock","14":"taxable","15":"shipping-taxable","16":"product-type-simple"},"_links":{"self":[{"href":"https:\/\/toptanhediyekutu.com\/index.php?rest_route=\/wp\/v2\/product\/5211","targetHints":{"allow":["GET"]}}],"collection":[{"href":"https:\/\/toptanhediyekutu.com\/index.php?rest_route=\/wp\/v2\/product"}],"about":[{"href":"https:\/\/toptanhediyekutu.com\/index.php?rest_route=\/wp\/v2\/types\/product"}],"version-history":[{"count":4,"href":"https:\/\/toptanhediyekutu.com\/index.php?rest_route=\/wp\/v2\/product\/5211\/revisions"}],"predecessor-version":[{"id":33723,"href":"https:\/\/toptanhediyekutu.com\/index.php?rest_route=\/wp\/v2\/product\/5211\/revisions\/33723"}],"wp:featuredmedia":[{"embeddable":true,"href":"https:\/\/toptanhediyekutu.com\/index.php?rest_route=\/wp\/v2\/media\/5198"}],"wp:attachment":[{"href":"https:\/\/toptanhediyekutu.com\/index.php?rest_route=%2Fwp%2Fv2%2Fmedia&parent=5211"}],"wp:term":[{"taxonomy":"product_brand","embeddable":true,"href":"https:\/\/toptanhediyekutu.com\/index.php?rest_route=%2Fwp%2Fv2%2Fproduct_brand&post=5211"},{"taxonomy":"product_cat","embeddable":true,"href":"https:\/\/toptanhediyekutu.com\/index.php?rest_route=%2Fwp%2Fv2%2Fproduct_cat&post=5211"},{"taxonomy":"product_tag","embeddable":true,"href":"https:\/\/toptanhediyekutu.com\/index.php?rest_route=%2Fwp%2Fv2%2Fproduct_tag&post=5211"}],"curies":[{"name":"wp","href":"https:\/\/api.w.org\/{rel}","templated":true}]}}