{"id":5210,"date":"2023-10-12T14:50:49","date_gmt":"2023-10-12T11:50:49","guid":{"rendered":"https:\/\/lavenderblush-sheep-125930.hostingersite.com\/?post_type=product&#038;p=5210"},"modified":"2026-03-15T18:17:51","modified_gmt":"2026-03-15T15:17:51","slug":"silindir-hediye-kutu-3-lu-set-3","status":"publish","type":"product","link":"https:\/\/toptanhediyekutu.com\/?product=silindir-hediye-kutu-3-lu-set-3","title":{"rendered":"Silindir Hediye Kutusu 3\u2019L\u00fc Set"},"content":{"rendered":"<p class=\"p1\"><span class=\"s1\">Silindir Hediye Kutu 3 L\u00fc Set <\/span><\/p>\n<p class=\"p1\"><span class=\"s1\">Silindir Hediye Kutu Ebatllar\u0131 <\/span><\/p>\n<p class=\"p1\"><span class=\"s1\">B\u00fcy\u00fck Boy : \u00c7ap 20 cm Y\u00fckseklik 20 cm <\/span><\/p>\n<p class=\"p1\"><span class=\"s1\">Orta Boy : \u00c7ap 17 cm Y\u00fcksekl\u0131k 19 cm <\/span><\/p>\n<p class=\"p1\"><span class=\"s1\">K\u00fc\u00e7\u00fck Boy : \u00c7ap 15 cm Y\u00fckseklik 18 cm <\/span><\/p>\n<p class=\"p1\"><span class=\"s1\">Silindir Hediye Kutu Bo\u015f Ag\u0131rl\u0131k :730 GR,,<\/span><\/p>\n<p class=\"p1\"><span class=\"s1\">30 SET Ve \u00dczeri Al\u0131mlarda <\/span><\/p>\n<p class=\"p1\"><span class=\"s1\">Magza 0 212 531 70 58 <\/span><\/p>\n<p class=\"p1\"><span class=\"s1\">Toptan Fiyat \u0130steml\u0131s\u0131n\u0131z<\/span><\/p>\n","protected":false},"excerpt":{"rendered":"<p>Silindir Hediye Kutu 3 L\u00fc Set Silindir Hediye Kutu Ebatllar\u0131 B\u00fcy\u00fck Boy : \u00c7ap 20 cm Y\u00fckseklik 20 cm Orta Boy : \u00c7ap 17 cm Y\u00fcksekl\u0131k 19 cm K\u00fc\u00e7\u00fck Boy [&hellip;]<\/p>\n","protected":false},"featured_media":5199,"template":"","meta":{"_joinchat":[]},"product_brand":[],"product_cat":[595],"product_tag":[1802],"class_list":{"0":"post-5210","1":"product","2":"type-product","3":"status-publish","4":"has-post-thumbnail","6":"product_cat-silindir-hediye-kutulari","7":"product_tag-3-lu-set-bos-hediye-kutu","9":"first","10":"outofstock","11":"taxable","12":"shipping-taxable","13":"product-type-simple"},"_links":{"self":[{"href":"https:\/\/toptanhediyekutu.com\/index.php?rest_route=\/wp\/v2\/product\/5210","targetHints":{"allow":["GET"]}}],"collection":[{"href":"https:\/\/toptanhediyekutu.com\/index.php?rest_route=\/wp\/v2\/product"}],"about":[{"href":"https:\/\/toptanhediyekutu.com\/index.php?rest_route=\/wp\/v2\/types\/product"}],"version-history":[{"count":3,"href":"https:\/\/toptanhediyekutu.com\/index.php?rest_route=\/wp\/v2\/product\/5210\/revisions"}],"predecessor-version":[{"id":33725,"href":"https:\/\/toptanhediyekutu.com\/index.php?rest_route=\/wp\/v2\/product\/5210\/revisions\/33725"}],"wp:featuredmedia":[{"embeddable":true,"href":"https:\/\/toptanhediyekutu.com\/index.php?rest_route=\/wp\/v2\/media\/5199"}],"wp:attachment":[{"href":"https:\/\/toptanhediyekutu.com\/index.php?rest_route=%2Fwp%2Fv2%2Fmedia&parent=5210"}],"wp:term":[{"taxonomy":"product_brand","embeddable":true,"href":"https:\/\/toptanhediyekutu.com\/index.php?rest_route=%2Fwp%2Fv2%2Fproduct_brand&post=5210"},{"taxonomy":"product_cat","embeddable":true,"href":"https:\/\/toptanhediyekutu.com\/index.php?rest_route=%2Fwp%2Fv2%2Fproduct_cat&post=5210"},{"taxonomy":"product_tag","embeddable":true,"href":"https:\/\/toptanhediyekutu.com\/index.php?rest_route=%2Fwp%2Fv2%2Fproduct_tag&post=5210"}],"curies":[{"name":"wp","href":"https:\/\/api.w.org\/{rel}","templated":true}]}}