{"id":5187,"date":"2023-10-12T14:49:43","date_gmt":"2023-10-12T11:49:43","guid":{"rendered":"https:\/\/lavenderblush-sheep-125930.hostingersite.com\/?post_type=product&#038;p=5187"},"modified":"2026-03-15T18:17:34","modified_gmt":"2026-03-15T15:17:34","slug":"silindir-hediye-kutu-3-lu-set-2","status":"publish","type":"product","link":"https:\/\/toptanhediyekutu.com\/?product=silindir-hediye-kutu-3-lu-set-2","title":{"rendered":"Silindir Hediye Kutusu 3\u2019L\u00fc Set"},"content":{"rendered":"<p class=\"p1\"><span class=\"s1\">Silindir Hediye Kutu 3 L\u00fc Set <\/span><\/p>\n<p class=\"p1\"><span class=\"s1\">Silindir Hediye Kutu Ebatllar\u0131 <\/span><\/p>\n<p class=\"p1\"><span class=\"s1\">B\u00fcy\u00fck Boy : \u00c7ap 20 cm Y\u00fckseklik 20 cm <\/span><\/p>\n<p class=\"p1\"><span class=\"s1\">Orta Boy : \u00c7ap 17 cm Y\u00fcksekl\u0131k 19 cm <\/span><\/p>\n<p class=\"p1\"><span class=\"s1\">K\u00fc\u00e7\u00fck Boy : \u00c7ap 15 cm Y\u00fckseklik 18 cm <\/span><\/p>\n<p class=\"p1\"><span class=\"s1\">Silindir Hediye Kutu Bo\u015f Ag\u0131rl\u0131k :730 GR<\/span><\/p>\n<p>&nbsp;<\/p>\n<p class=\"p1\"><span class=\"s1\">30 SET Ve \u00dczeri Al\u0131mlarda <\/span><\/p>\n<p class=\"p1\"><span class=\"s1\">Magza 0 212 531 70 58 <\/span><\/p>\n<p class=\"p1\"><span class=\"s1\">Toptan Fiyat \u0130steml\u0131s\u0131n\u0131z<\/span><\/p>\n","protected":false},"excerpt":{"rendered":"<p>Silindir Hediye Kutu 3 L\u00fc Set Silindir Hediye Kutu Ebatllar\u0131 B\u00fcy\u00fck Boy : \u00c7ap 20 cm Y\u00fckseklik 20 cm Orta Boy : \u00c7ap 17 cm Y\u00fcksekl\u0131k 19 cm K\u00fc\u00e7\u00fck Boy [&hellip;]<\/p>\n","protected":false},"featured_media":5200,"template":"","meta":{"_joinchat":[]},"product_brand":[],"product_cat":[595],"product_tag":[1801,71],"class_list":{"0":"post-5187","1":"product","2":"type-product","3":"status-publish","4":"has-post-thumbnail","6":"product_cat-silindir-hediye-kutulari","7":"product_tag-silindir-hediye-kutusu-3-lu-set","8":"product_tag-toptan-bos-hediye-kutu","10":"first","11":"outofstock","12":"taxable","13":"shipping-taxable","14":"product-type-simple"},"_links":{"self":[{"href":"https:\/\/toptanhediyekutu.com\/index.php?rest_route=\/wp\/v2\/product\/5187","targetHints":{"allow":["GET"]}}],"collection":[{"href":"https:\/\/toptanhediyekutu.com\/index.php?rest_route=\/wp\/v2\/product"}],"about":[{"href":"https:\/\/toptanhediyekutu.com\/index.php?rest_route=\/wp\/v2\/types\/product"}],"version-history":[{"count":3,"href":"https:\/\/toptanhediyekutu.com\/index.php?rest_route=\/wp\/v2\/product\/5187\/revisions"}],"predecessor-version":[{"id":33726,"href":"https:\/\/toptanhediyekutu.com\/index.php?rest_route=\/wp\/v2\/product\/5187\/revisions\/33726"}],"wp:featuredmedia":[{"embeddable":true,"href":"https:\/\/toptanhediyekutu.com\/index.php?rest_route=\/wp\/v2\/media\/5200"}],"wp:attachment":[{"href":"https:\/\/toptanhediyekutu.com\/index.php?rest_route=%2Fwp%2Fv2%2Fmedia&parent=5187"}],"wp:term":[{"taxonomy":"product_brand","embeddable":true,"href":"https:\/\/toptanhediyekutu.com\/index.php?rest_route=%2Fwp%2Fv2%2Fproduct_brand&post=5187"},{"taxonomy":"product_cat","embeddable":true,"href":"https:\/\/toptanhediyekutu.com\/index.php?rest_route=%2Fwp%2Fv2%2Fproduct_cat&post=5187"},{"taxonomy":"product_tag","embeddable":true,"href":"https:\/\/toptanhediyekutu.com\/index.php?rest_route=%2Fwp%2Fv2%2Fproduct_tag&post=5187"}],"curies":[{"name":"wp","href":"https:\/\/api.w.org\/{rel}","templated":true}]}}