{"id":5171,"date":"2023-06-14T01:07:41","date_gmt":"2023-06-13T22:07:41","guid":{"rendered":"https:\/\/lavenderblush-sheep-125930.hostingersite.com\/?post_type=product&#038;p=5171"},"modified":"2026-01-16T14:10:50","modified_gmt":"2026-01-16T11:10:50","slug":"hediye-kutu-buyuk-boy-5li-set-3","status":"publish","type":"product","link":"https:\/\/toptanhediyekutu.com\/?product=hediye-kutu-buyuk-boy-5li-set-3","title":{"rendered":"Hediye Kutu B\u00fcy\u00fck Boy 5&#8217;Li Set"},"content":{"rendered":"<p><iframe title=\"Jumbo B\u00fcy\u00fck B\u0131y Hediye Kutular\u0131\" width=\"1140\" height=\"641\" src=\"https:\/\/www.youtube.com\/embed\/ZkIEjqD-w_4?feature=oembed\" frameborder=\"0\" allow=\"accelerometer; autoplay; clipboard-write; encrypted-media; gyroscope; picture-in-picture; web-share\" referrerpolicy=\"strict-origin-when-cross-origin\" allowfullscreen><\/iframe><\/p>\n<p class=\"p1\"><span class=\"s1\">Hediye Kutu B\u00fcy\u00fck Boy 5&#8217;Li Set<\/span><\/p>\n<p class=\"p1\"><span class=\"s1\">Hediye Kutu 5 Li Set Ebatlar<\/span><\/p>\n<p class=\"p1\"><span class=\"s1\">Jumbo B\u00fcy\u00fck<span class=\"Apple-converted-space\">\u00a0 <\/span>Boylar <\/span><\/p>\n<p class=\"p1\"><span class=\"s1\">Ebat : 43\/35\/21 cm <\/span><\/p>\n<p class=\"p1\"><span class=\"s1\">Ebat : 40\/32\/18 cm <\/span><\/p>\n<p class=\"p1\"><span class=\"s1\">Ebat : 37\/28:16 cm <\/span><\/p>\n<p class=\"p1\"><span class=\"s1\">Ebat : 35:26\/15 cm <\/span><\/p>\n<p class=\"p1\"><span class=\"s1\">Ebat :33\/25\/14 cm<\/span><\/p>\n<p class=\"p1\"><span class=\"s1\">\u015eat\u0131\u015f\u0131n\u0131 Yapt\u0131g\u0131n\u0131z \u00dcr\u00fcnleri Daha G\u00fczel Daha Lux Daha Kaliteli \u015eekilde M\u00fc\u015fterilerinize \u00dcr\u00fcnlerinizi <\/span><\/p>\n<p class=\"p1\"><span class=\"s1\">Sunmak \u0130stermisiniz <\/span><\/p>\n<p class=\"p1\"><span class=\"s1\">Magzan\u0131za Gelen M\u00fcsterilerinize Farkl\u0131 Renklerde Degi\u015fik Ebatlarda Bo\u015f Hediye Kutusunu<\/span><\/p>\n<p class=\"p1\"><span class=\"s1\">Sunarak Ek Kazan\u00e7 Saglamak \u0130stermisiniz <\/span><\/p>\n<p class=\"p1\"><span class=\"s1\">\u0130stanbul F\u0131nd\u0131kzade de ki Magzam\u0131zdan \u015eipari\u015fleriniz Tesl\u0131m Alabilir Ald\u0131rab\u0131l\u0131rs\u0131n\u0131z <\/span><\/p>\n<p class=\"p1\"><span class=\"s1\">Yada Adresinize Kargo \u0130le G\u00f6nderebiliriz Kargo \u00dc\u00e7reti Al\u0131c\u0131ya Aittir <\/span><\/p>\n<p class=\"p1\"><span class=\"s1\">\u015eipari\u015fleri WhatApp \u0130le G\u00f6rse Atarak \u015eipari\u015flerinizi Online Olarak Verebilirsiniz <\/span><\/p>\n<p class=\"p1\"><span class=\"s1\">WhatApp +90 536 431 72 02 <\/span><\/p>\n","protected":false},"excerpt":{"rendered":"<p>Hediye Kutu B\u00fcy\u00fck Boy 5&#8217;Li Set Hediye Kutu 5 Li Set Ebatlar Jumbo B\u00fcy\u00fck\u00a0 Boylar Ebat : 43\/35\/21 cm Ebat : 40\/32\/18 cm Ebat : 37\/28:16 cm Ebat : 35:26\/15 [&hellip;]<\/p>\n","protected":false},"featured_media":4110,"template":"","meta":{"_joinchat":[]},"product_brand":[],"product_cat":[594,1517],"product_tag":[81,97,417,1492,72,77,1491,1493,99,408,547,1494,100],"class_list":{"0":"post-5171","1":"product","2":"type-product","3":"status-publish","4":"has-post-thumbnail","6":"product_cat-dikdortgen-hediye-kutulari","7":"product_cat-kutu-atolyeniz","8":"product_tag-bos-hediye-kutusu","9":"product_tag-hediyelik-kutu","10":"product_tag-kutu","11":"product_tag-kutu-cesitleri","12":"product_tag-toptan-bos-hediye-kutusu","13":"product_tag-toptan-hediye-kutusu","14":"product_tag-toptan-hediye-paketi","15":"product_tag-toptan-hediyelik-kutu","16":"product_tag-toptan-kutu","17":"product_tag-toptan-kutu-cesitleri","18":"product_tag-toptan-kutu-modelleri","19":"product_tag-toptan-taki-kutusu","20":"product_tag-toptan-ucuz-kutu","22":"first","23":"outofstock","24":"taxable","25":"shipping-taxable","26":"product-type-simple"},"_links":{"self":[{"href":"https:\/\/toptanhediyekutu.com\/index.php?rest_route=\/wp\/v2\/product\/5171","targetHints":{"allow":["GET"]}}],"collection":[{"href":"https:\/\/toptanhediyekutu.com\/index.php?rest_route=\/wp\/v2\/product"}],"about":[{"href":"https:\/\/toptanhediyekutu.com\/index.php?rest_route=\/wp\/v2\/types\/product"}],"version-history":[{"count":1,"href":"https:\/\/toptanhediyekutu.com\/index.php?rest_route=\/wp\/v2\/product\/5171\/revisions"}],"predecessor-version":[{"id":5859,"href":"https:\/\/toptanhediyekutu.com\/index.php?rest_route=\/wp\/v2\/product\/5171\/revisions\/5859"}],"wp:featuredmedia":[{"embeddable":true,"href":"https:\/\/toptanhediyekutu.com\/index.php?rest_route=\/wp\/v2\/media\/4110"}],"wp:attachment":[{"href":"https:\/\/toptanhediyekutu.com\/index.php?rest_route=%2Fwp%2Fv2%2Fmedia&parent=5171"}],"wp:term":[{"taxonomy":"product_brand","embeddable":true,"href":"https:\/\/toptanhediyekutu.com\/index.php?rest_route=%2Fwp%2Fv2%2Fproduct_brand&post=5171"},{"taxonomy":"product_cat","embeddable":true,"href":"https:\/\/toptanhediyekutu.com\/index.php?rest_route=%2Fwp%2Fv2%2Fproduct_cat&post=5171"},{"taxonomy":"product_tag","embeddable":true,"href":"https:\/\/toptanhediyekutu.com\/index.php?rest_route=%2Fwp%2Fv2%2Fproduct_tag&post=5171"}],"curies":[{"name":"wp","href":"https:\/\/api.w.org\/{rel}","templated":true}]}}