{"id":5166,"date":"2023-06-13T19:07:39","date_gmt":"2023-06-13T16:07:39","guid":{"rendered":"https:\/\/lavenderblush-sheep-125930.hostingersite.com\/?post_type=product&#038;p=5166"},"modified":"2025-07-02T17:32:01","modified_gmt":"2025-07-02T14:32:01","slug":"hediye-kutu-10-lu-set-10","status":"publish","type":"product","link":"https:\/\/toptanhediyekutu.com\/?product=hediye-kutu-10-lu-set-10","title":{"rendered":"Hediye Kutu 10 Lu Set"},"content":{"rendered":"<p><iframe title=\"Hediye Kutusu 10 Lu Set\" width=\"1140\" height=\"641\" src=\"https:\/\/www.youtube.com\/embed\/vbb1Mozqbn0?feature=oembed\" frameborder=\"0\" allow=\"accelerometer; autoplay; clipboard-write; encrypted-media; gyroscope; picture-in-picture; web-share\" allowfullscreen><\/iframe><\/p>\n<p class=\"p1\"><span class=\"s1\">Hediye Kutu 10 Lu Set<\/span><\/p>\n<p class=\"p1\"><span class=\"s1\">Hediye Kutu 10 Lu Set \u00d6l\u00e7\u00fcleri <\/span><\/p>\n<p class=\"p1\"><span class=\"s1\">21\/14\/7 cm <\/span><\/p>\n<p class=\"p1\"><span class=\"s1\">22\/15\/8 cm <\/span><\/p>\n<p class=\"p1\"><span class=\"s1\">24\/17\/9 cm <\/span><\/p>\n<p class=\"p1\"><span class=\"s1\">25\/18\/10 cm<\/span><\/p>\n<p class=\"p1\"><span class=\"s1\">27\/20\/11 cm <\/span><\/p>\n<p class=\"p1\"><span class=\"s1\">29\/21\/12 cm <\/span><\/p>\n<p class=\"p1\"><span class=\"s1\">31\/23\/13 cm <\/span><\/p>\n<p class=\"p1\"><span class=\"s1\">33\/24\/14 cm <\/span><\/p>\n<p class=\"p1\"><span class=\"s1\">35\/26\/15 cm <\/span><\/p>\n<p class=\"p1\"><span class=\"s1\">36\/28\/16 cm<\/span><\/p>\n<p class=\"p1\"><span class=\"s1\">\u015eat\u0131\u015f\u0131n\u0131 Yapt\u0131g\u0131n\u0131z \u00dcr\u00fcnleri Daha G\u00fczel Daha Lux Daha Kaliteli \u015eekilde M\u00fc\u015fterilerinize \u00dcr\u00fcnlerinizi <\/span><\/p>\n<p class=\"p1\"><span class=\"s1\">Sunmak \u0130stermisiniz <\/span><\/p>\n<p class=\"p1\"><span class=\"s1\">Magzan\u0131za Gelen M\u00fcsterilerinize Farkl\u0131 Renklerde Degi\u015fik Ebatlarda Bo\u015f Hediye Kutusunu<\/span><\/p>\n<p class=\"p1\"><span class=\"s1\">Sunarak Ek Kazan\u00e7 Saglamak \u0130stermisiniz <\/span><\/p>\n<p class=\"p1\"><span class=\"s1\">\u0130stanbul F\u0131nd\u0131kzade de ki Magzam\u0131zdan \u015eipari\u015fleriniz Tesl\u0131m Alabilir Ald\u0131rab\u0131l\u0131rs\u0131n\u0131z <\/span><\/p>\n<p class=\"p1\"><span class=\"s1\">Yada Adresinize Kargo \u0130le G\u00f6nderebiliriz Kargo \u00dc\u00e7reti Al\u0131c\u0131ya Aittir <\/span><\/p>\n<p class=\"p1\"><span class=\"s1\">\u015eipari\u015fleri WhatApp \u0130le G\u00f6rse Atarak \u015eipari\u015flerinizi Online Olarak Verebilirsiniz <\/span><\/p>\n<p class=\"p1\"><span class=\"s1\">WhatApp +90 536 431 72 02 <\/span><\/p>\n","protected":false},"excerpt":{"rendered":"<p>Hediye Kutu 10 Lu Set Hediye Kutu 10 Lu Set \u00d6l\u00e7\u00fcleri 21\/14\/7 cm 22\/15\/8 cm 24\/17\/9 cm 25\/18\/10 cm 27\/20\/11 cm 29\/21\/12 cm 31\/23\/13 cm 33\/24\/14 cm 35\/26\/15 cm 36\/28\/16 [&hellip;]<\/p>\n","protected":false},"featured_media":5156,"template":"","meta":{"_joinchat":[]},"product_brand":[],"product_cat":[594,1517],"product_tag":[1482,1475,1478,1476,1479,1477],"class_list":{"0":"post-5166","1":"product","2":"type-product","3":"status-publish","4":"has-post-thumbnail","6":"product_cat-dikdortgen-hediye-kutulari","7":"product_cat-kutu-atolyeniz","8":"product_tag-10lu-kraft-hediye-kutusu","9":"product_tag-toptan-10-lu-kalp-hediye-kutusu-buyuk","10":"product_tag-toptan-10-lu-kare-kirmizi-siyah-hediye-kutusu","11":"product_tag-toptan-buyuk-boy-10-lu-kalp-hediye-kutulari","12":"product_tag-toptan-kare-kraft-hediye-kutusu-10-lu","13":"product_tag-toptan-silindir-hediye-kutusu-3lu-set","15":"first","16":"instock","17":"taxable","18":"shipping-taxable","19":"product-type-simple"},"_links":{"self":[{"href":"https:\/\/toptanhediyekutu.com\/index.php?rest_route=\/wp\/v2\/product\/5166","targetHints":{"allow":["GET"]}}],"collection":[{"href":"https:\/\/toptanhediyekutu.com\/index.php?rest_route=\/wp\/v2\/product"}],"about":[{"href":"https:\/\/toptanhediyekutu.com\/index.php?rest_route=\/wp\/v2\/types\/product"}],"version-history":[{"count":1,"href":"https:\/\/toptanhediyekutu.com\/index.php?rest_route=\/wp\/v2\/product\/5166\/revisions"}],"predecessor-version":[{"id":5819,"href":"https:\/\/toptanhediyekutu.com\/index.php?rest_route=\/wp\/v2\/product\/5166\/revisions\/5819"}],"wp:featuredmedia":[{"embeddable":true,"href":"https:\/\/toptanhediyekutu.com\/index.php?rest_route=\/wp\/v2\/media\/5156"}],"wp:attachment":[{"href":"https:\/\/toptanhediyekutu.com\/index.php?rest_route=%2Fwp%2Fv2%2Fmedia&parent=5166"}],"wp:term":[{"taxonomy":"product_brand","embeddable":true,"href":"https:\/\/toptanhediyekutu.com\/index.php?rest_route=%2Fwp%2Fv2%2Fproduct_brand&post=5166"},{"taxonomy":"product_cat","embeddable":true,"href":"https:\/\/toptanhediyekutu.com\/index.php?rest_route=%2Fwp%2Fv2%2Fproduct_cat&post=5166"},{"taxonomy":"product_tag","embeddable":true,"href":"https:\/\/toptanhediyekutu.com\/index.php?rest_route=%2Fwp%2Fv2%2Fproduct_tag&post=5166"}],"curies":[{"name":"wp","href":"https:\/\/api.w.org\/{rel}","templated":true}]}}