{"id":5076,"date":"2023-06-12T17:32:10","date_gmt":"2023-06-12T14:32:10","guid":{"rendered":"https:\/\/lavenderblush-sheep-125930.hostingersite.com\/?post_type=product&#038;p=5076"},"modified":"2026-03-15T18:22:44","modified_gmt":"2026-03-15T15:22:44","slug":"silindir-hediye-kutu-cap-28-cm-derinlik-21-cm-3","status":"publish","type":"product","link":"https:\/\/toptanhediyekutu.com\/?product=silindir-hediye-kutu-cap-28-cm-derinlik-21-cm-3","title":{"rendered":"Silindir Hediye Kutu \u00c7ap 28 cm Derinlik 21 cm"},"content":{"rendered":"<p>&nbsp;<\/p>\n<p>&nbsp;<\/p>\n<p class=\"p1\"><span class=\"s1\">Silindir Hediye Kutu \u00c7ap 28 cm Derinlik 21 cm<\/span><\/p>\n<p class=\"p1\"><span class=\"s1\">Silindir Hediye Kutu<span class=\"Apple-converted-space\">\u00a0 <\/span>Bo\u015f Ag\u0131rl\u0131k : 490 GR<\/span><\/p>\n<p>&nbsp;<\/p>\n<p class=\"p1\"><span class=\"s1\">50 Adet Ve \u00dczeri Al\u0131mlarda <\/span><\/p>\n<p class=\"p1\"><span class=\"s1\">Magza 0 212 531 70 58 <\/span><\/p>\n<p class=\"p1\"><span class=\"s1\">Toptan Fiyat \u0130steml\u0131s\u0131n\u0131z <\/span><\/p>\n","protected":false},"excerpt":{"rendered":"<p>https:\/\/youtube.com\/shorts\/jxLthAVbd5Q?feature=share<\/p>\n","protected":false},"featured_media":5066,"template":"","meta":{"_joinchat":[]},"product_brand":[],"product_cat":[1397,595],"product_tag":[1403,1405,1402,1398,1400,1401,1404,1399],"class_list":{"0":"post-5076","1":"product","2":"type-product","3":"status-publish","4":"has-post-thumbnail","6":"product_cat-cicek-kutusu","7":"product_cat-silindir-hediye-kutulari","8":"product_tag-baskili-silindir-kutu","9":"product_tag-kapakli-silindir-kutu","10":"product_tag-metal-silindir-kutu","11":"product_tag-silindir-hediye-kutusu-toptan","12":"product_tag-silindir-hediye-kutusu-yapimi","13":"product_tag-silindir-karton-kutu","14":"product_tag-silindir-kutu-fiyatlari","15":"product_tag-silindir-kutu-toptan","17":"first","18":"outofstock","19":"taxable","20":"shipping-taxable","21":"product-type-simple"},"_links":{"self":[{"href":"https:\/\/toptanhediyekutu.com\/index.php?rest_route=\/wp\/v2\/product\/5076","targetHints":{"allow":["GET"]}}],"collection":[{"href":"https:\/\/toptanhediyekutu.com\/index.php?rest_route=\/wp\/v2\/product"}],"about":[{"href":"https:\/\/toptanhediyekutu.com\/index.php?rest_route=\/wp\/v2\/types\/product"}],"version-history":[{"count":3,"href":"https:\/\/toptanhediyekutu.com\/index.php?rest_route=\/wp\/v2\/product\/5076\/revisions"}],"predecessor-version":[{"id":33732,"href":"https:\/\/toptanhediyekutu.com\/index.php?rest_route=\/wp\/v2\/product\/5076\/revisions\/33732"}],"wp:featuredmedia":[{"embeddable":true,"href":"https:\/\/toptanhediyekutu.com\/index.php?rest_route=\/wp\/v2\/media\/5066"}],"wp:attachment":[{"href":"https:\/\/toptanhediyekutu.com\/index.php?rest_route=%2Fwp%2Fv2%2Fmedia&parent=5076"}],"wp:term":[{"taxonomy":"product_brand","embeddable":true,"href":"https:\/\/toptanhediyekutu.com\/index.php?rest_route=%2Fwp%2Fv2%2Fproduct_brand&post=5076"},{"taxonomy":"product_cat","embeddable":true,"href":"https:\/\/toptanhediyekutu.com\/index.php?rest_route=%2Fwp%2Fv2%2Fproduct_cat&post=5076"},{"taxonomy":"product_tag","embeddable":true,"href":"https:\/\/toptanhediyekutu.com\/index.php?rest_route=%2Fwp%2Fv2%2Fproduct_tag&post=5076"}],"curies":[{"name":"wp","href":"https:\/\/api.w.org\/{rel}","templated":true}]}}