{"id":4894,"date":"2023-05-21T17:56:25","date_gmt":"2023-05-21T14:56:25","guid":{"rendered":"https:\/\/lavenderblush-sheep-125930.hostingersite.com\/?post_type=product&#038;p=4894"},"modified":"2025-01-21T00:12:06","modified_gmt":"2025-01-20T21:12:06","slug":"buyuk-boy-kalpli-hediye-kutu-ebat46-38-14-cm","status":"publish","type":"product","link":"https:\/\/toptanhediyekutu.com\/?product=buyuk-boy-kalpli-hediye-kutu-ebat46-38-14-cm","title":{"rendered":"B\u00fcy\u00fck Boy Jumbo Kalpli Hediye Kutu 3 L\u00fc Seti"},"content":{"rendered":"<p class=\"p1\"><span class=\"s1\">B\u00fcy\u00fck Boy Jumbo Kalpli Hediye Kutu 3 L\u00fc Seti<\/span><\/p>\n","protected":false},"excerpt":{"rendered":"<p>https:\/\/youtube.com\/shorts\/SPaJbH1b3no?si=HLbJaIVCZsca1K8U<\/p>\n","protected":false},"featured_media":5331,"template":"","meta":{"_joinchat":[]},"product_brand":[],"product_cat":[1392],"product_tag":[1380,84,86,83,87,1022,1386,1387,1385,409,1233,1381,76,78,77,99],"class_list":{"0":"post-4894","1":"product","2":"type-product","3":"status-publish","4":"has-post-thumbnail","6":"product_cat-kalpli-hediye-kutu","7":"product_tag-cekmeceli-kalpli-hediye-kutusu","8":"product_tag-hediye","9":"product_tag-hediye-kutu","10":"product_tag-hediye-kutulari","11":"product_tag-hediye-kutusu","12":"product_tag-hediye-paketi-kutusu","13":"product_tag-kalpli-bos-hediye-kutusu","14":"product_tag-kalpli-hediye-kutusu-nasil-yapilir","15":"product_tag-kalpli-hediye-kutusu-yapimi","16":"product_tag-kutucu","17":"product_tag-termoslu-hediye-kutusu","18":"product_tag-toptan-al-hediye-kutu","19":"product_tag-toptan-hediye-kutu","20":"product_tag-toptan-hediye-kutulari","21":"product_tag-toptan-hediye-kutusu","22":"product_tag-toptan-kutu","24":"first","25":"instock","26":"taxable","27":"shipping-taxable","28":"product-type-simple"},"_links":{"self":[{"href":"https:\/\/toptanhediyekutu.com\/index.php?rest_route=\/wp\/v2\/product\/4894","targetHints":{"allow":["GET"]}}],"collection":[{"href":"https:\/\/toptanhediyekutu.com\/index.php?rest_route=\/wp\/v2\/product"}],"about":[{"href":"https:\/\/toptanhediyekutu.com\/index.php?rest_route=\/wp\/v2\/types\/product"}],"version-history":[{"count":2,"href":"https:\/\/toptanhediyekutu.com\/index.php?rest_route=\/wp\/v2\/product\/4894\/revisions"}],"predecessor-version":[{"id":6168,"href":"https:\/\/toptanhediyekutu.com\/index.php?rest_route=\/wp\/v2\/product\/4894\/revisions\/6168"}],"wp:featuredmedia":[{"embeddable":true,"href":"https:\/\/toptanhediyekutu.com\/index.php?rest_route=\/wp\/v2\/media\/5331"}],"wp:attachment":[{"href":"https:\/\/toptanhediyekutu.com\/index.php?rest_route=%2Fwp%2Fv2%2Fmedia&parent=4894"}],"wp:term":[{"taxonomy":"product_brand","embeddable":true,"href":"https:\/\/toptanhediyekutu.com\/index.php?rest_route=%2Fwp%2Fv2%2Fproduct_brand&post=4894"},{"taxonomy":"product_cat","embeddable":true,"href":"https:\/\/toptanhediyekutu.com\/index.php?rest_route=%2Fwp%2Fv2%2Fproduct_cat&post=4894"},{"taxonomy":"product_tag","embeddable":true,"href":"https:\/\/toptanhediyekutu.com\/index.php?rest_route=%2Fwp%2Fv2%2Fproduct_tag&post=4894"}],"curies":[{"name":"wp","href":"https:\/\/api.w.org\/{rel}","templated":true}]}}