{"id":4883,"date":"2023-04-17T02:05:28","date_gmt":"2023-04-16T23:05:28","guid":{"rendered":"https:\/\/lavenderblush-sheep-125930.hostingersite.com\/?post_type=product&#038;p=4883"},"modified":"2025-07-02T17:50:22","modified_gmt":"2025-07-02T14:50:22","slug":"kalpli-hediye-kutu-3lu-set-3","status":"publish","type":"product","link":"https:\/\/toptanhediyekutu.com\/?product=kalpli-hediye-kutu-3lu-set-3","title":{"rendered":"Kalpli Hediye Kutu 3\u2019L\u00fc Set"},"content":{"rendered":"<p>Kalpli Hediye Kutu 3\u2019L\u00fc Set<\/p>\n<p>Kalpli Hediye Kutusu K\u00fc\u00e7\u00fck Boy : 15\/12\/6 cm<br \/>\nKalpli Hediye Kutusu Orta Boy : 18\/14\/7 cm<br \/>\nKalpli Hediye Kutusu Boy Boy : 21\/18\/9 cm<\/p>\n<p>Hediyelik E\u015fyalar\u0131n\u0131z\u0131 Ve \u00dcr\u00fcnlerinizi<br \/>\nDaha G\u00fczel \u015eekilde Hediye Kutular\u0131nda Sunmak \u0130stermisiniz<br \/>\n\u00dcretim Sat\u0131\u015f \u015eipari\u015f Online Bilgi<br \/>\nWhatsApp +90 536 431 72 02<br \/>\nShowrom : 0 212 531 70 58<\/p>\n","protected":false},"excerpt":{"rendered":"<p>Kalpli Hediye Kutu 3\u2019L\u00fc Set Kalpli Hediye Kutusu K\u00fc\u00e7\u00fck Boy : 15\/12\/6 cm Kalpli Hediye Kutusu Orta Boy : 18\/14\/7 cm Kalpli Hediye Kutusu Boy Boy : 21\/18\/9 cm Hediyelik [&hellip;]<\/p>\n","protected":false},"featured_media":4879,"template":"","meta":{"_joinchat":[]},"product_brand":[],"product_cat":[1517,1392],"product_tag":[1226,1350,1285,1221,1348,1143,1349,1144,1147,404,1375,1376,1202,735,1280,1377],"class_list":{"0":"post-4883","1":"product","2":"type-product","3":"status-publish","4":"has-post-thumbnail","6":"product_cat-kutu-atolyeniz","7":"product_cat-kalpli-hediye-kutu","8":"product_tag-ajanda","9":"product_tag-bos-hediye-kutusu-fikirleri","10":"product_tag-cicek","11":"product_tag-fular","12":"product_tag-hediye-hediye-kutusu-onerileri","13":"product_tag-hediye-kutusu-cesitleri","14":"product_tag-hediye-kutusu-fikirleri","15":"product_tag-hediye-kutusu-fiyatlari","16":"product_tag-hediye-kutusu-modelleri","17":"product_tag-hediye-kutusu-nereden-alinir","18":"product_tag-hediye-kutusu-olculeri-25-18-10-cm-hediye-kutusu-nereden-bulunur-hediye-fikirleri","19":"product_tag-hediye-kutusu-secenekleri","20":"product_tag-kahve","21":"product_tag-kalem","22":"product_tag-kravat","23":"product_tag-luxury-gift-box","25":"first","26":"instock","27":"taxable","28":"shipping-taxable","29":"product-type-simple"},"_links":{"self":[{"href":"https:\/\/toptanhediyekutu.com\/index.php?rest_route=\/wp\/v2\/product\/4883","targetHints":{"allow":["GET"]}}],"collection":[{"href":"https:\/\/toptanhediyekutu.com\/index.php?rest_route=\/wp\/v2\/product"}],"about":[{"href":"https:\/\/toptanhediyekutu.com\/index.php?rest_route=\/wp\/v2\/types\/product"}],"version-history":[{"count":2,"href":"https:\/\/toptanhediyekutu.com\/index.php?rest_route=\/wp\/v2\/product\/4883\/revisions"}],"predecessor-version":[{"id":6132,"href":"https:\/\/toptanhediyekutu.com\/index.php?rest_route=\/wp\/v2\/product\/4883\/revisions\/6132"}],"wp:featuredmedia":[{"embeddable":true,"href":"https:\/\/toptanhediyekutu.com\/index.php?rest_route=\/wp\/v2\/media\/4879"}],"wp:attachment":[{"href":"https:\/\/toptanhediyekutu.com\/index.php?rest_route=%2Fwp%2Fv2%2Fmedia&parent=4883"}],"wp:term":[{"taxonomy":"product_brand","embeddable":true,"href":"https:\/\/toptanhediyekutu.com\/index.php?rest_route=%2Fwp%2Fv2%2Fproduct_brand&post=4883"},{"taxonomy":"product_cat","embeddable":true,"href":"https:\/\/toptanhediyekutu.com\/index.php?rest_route=%2Fwp%2Fv2%2Fproduct_cat&post=4883"},{"taxonomy":"product_tag","embeddable":true,"href":"https:\/\/toptanhediyekutu.com\/index.php?rest_route=%2Fwp%2Fv2%2Fproduct_tag&post=4883"}],"curies":[{"name":"wp","href":"https:\/\/api.w.org\/{rel}","templated":true}]}}