{"id":4882,"date":"2023-04-17T02:03:11","date_gmt":"2023-04-16T23:03:11","guid":{"rendered":"https:\/\/lavenderblush-sheep-125930.hostingersite.com\/?post_type=product&#038;p=4882"},"modified":"2025-07-02T17:50:47","modified_gmt":"2025-07-02T14:50:47","slug":"kalpli-hediye-kutu-3lu-set-2","status":"publish","type":"product","link":"https:\/\/toptanhediyekutu.com\/?product=kalpli-hediye-kutu-3lu-set-2","title":{"rendered":"Kalpli Hediye Kutu 3\u2019L\u00fc Set"},"content":{"rendered":"<p>-Kalpli Hediye Kutu 3\u2019L\u00fc Set<\/p>\n<p>Kalpli Hediye Kutusu K\u00fc\u00e7\u00fck Boy : 15\/12\/6 cm<br \/>\nKalpli Hediye Kutusu Orta Boy : 18\/14\/7 cm<br \/>\nKalpli Hediye Kutusu Boy Boy : 21\/18\/9 cm<\/p>\n<p>Hediyelik E\u015fyalar\u0131n\u0131z\u0131 Ve \u00dcr\u00fcnlerinizi<br \/>\nDaha G\u00fczel \u015eekilde Hediye Kutular\u0131nda Sunmak \u0130stermisiniz<br \/>\n\u00dcretim Sat\u0131\u015f \u015eipari\u015f Online Bilgi<br \/>\nWhatsApp +90 536 431 72 02<br \/>\nShowrom : 0 212 531 70 58<\/p>\n","protected":false},"excerpt":{"rendered":"<p>-Kalpli Hediye Kutu 3\u2019L\u00fc Set Kalpli Hediye Kutusu K\u00fc\u00e7\u00fck Boy : 15\/12\/6 cm Kalpli Hediye Kutusu Orta Boy : 18\/14\/7 cm Kalpli Hediye Kutusu Boy Boy : 21\/18\/9 cm Hediyelik [&hellip;]<\/p>\n","protected":false},"featured_media":4880,"template":"","meta":{"_joinchat":[]},"product_brand":[],"product_cat":[1517,1392],"product_tag":[1351,450,1357,1358,1359,1353,1025,1354,1356,1123,1352],"class_list":{"0":"post-4882","1":"product","2":"type-product","3":"status-publish","4":"has-post-thumbnail","6":"product_cat-kutu-atolyeniz","7":"product_cat-kalpli-hediye-kutu","8":"product_tag-bos-kutu","9":"product_tag-cicek-sepeti-kalpli-kutu","10":"product_tag-kalpli-hediye-kutu-fiyatlari","11":"product_tag-kalpli-kutu","12":"product_tag-kalpli-kutu-bos","13":"product_tag-kalpli-kutu-cikolata","14":"product_tag-kalpli-kutu-fiyatlari","15":"product_tag-kalpli-kutu-gul","16":"product_tag-kalpli-kutu-hediye","17":"product_tag-kalpli-kutu-ici-bos","18":"product_tag-kalpli-kutu-toptan","20":"first","21":"instock","22":"taxable","23":"shipping-taxable","24":"product-type-simple"},"_links":{"self":[{"href":"https:\/\/toptanhediyekutu.com\/index.php?rest_route=\/wp\/v2\/product\/4882","targetHints":{"allow":["GET"]}}],"collection":[{"href":"https:\/\/toptanhediyekutu.com\/index.php?rest_route=\/wp\/v2\/product"}],"about":[{"href":"https:\/\/toptanhediyekutu.com\/index.php?rest_route=\/wp\/v2\/types\/product"}],"version-history":[{"count":2,"href":"https:\/\/toptanhediyekutu.com\/index.php?rest_route=\/wp\/v2\/product\/4882\/revisions"}],"predecessor-version":[{"id":6134,"href":"https:\/\/toptanhediyekutu.com\/index.php?rest_route=\/wp\/v2\/product\/4882\/revisions\/6134"}],"wp:featuredmedia":[{"embeddable":true,"href":"https:\/\/toptanhediyekutu.com\/index.php?rest_route=\/wp\/v2\/media\/4880"}],"wp:attachment":[{"href":"https:\/\/toptanhediyekutu.com\/index.php?rest_route=%2Fwp%2Fv2%2Fmedia&parent=4882"}],"wp:term":[{"taxonomy":"product_brand","embeddable":true,"href":"https:\/\/toptanhediyekutu.com\/index.php?rest_route=%2Fwp%2Fv2%2Fproduct_brand&post=4882"},{"taxonomy":"product_cat","embeddable":true,"href":"https:\/\/toptanhediyekutu.com\/index.php?rest_route=%2Fwp%2Fv2%2Fproduct_cat&post=4882"},{"taxonomy":"product_tag","embeddable":true,"href":"https:\/\/toptanhediyekutu.com\/index.php?rest_route=%2Fwp%2Fv2%2Fproduct_tag&post=4882"}],"curies":[{"name":"wp","href":"https:\/\/api.w.org\/{rel}","templated":true}]}}