{"id":4865,"date":"2023-04-17T01:41:34","date_gmt":"2023-04-16T22:41:34","guid":{"rendered":"https:\/\/lavenderblush-sheep-125930.hostingersite.com\/?post_type=product&#038;p=4865"},"modified":"2025-02-21T19:56:54","modified_gmt":"2025-02-21T16:56:54","slug":"kalpli-hediye-kutu-ebat-21-18-9-cm-7","status":"publish","type":"product","link":"https:\/\/toptanhediyekutu.com\/?product=kalpli-hediye-kutu-ebat-21-18-9-cm-7","title":{"rendered":"Tek Boy Kalpli Hediye Kutu Ebat : 21\/18\/9 cm"},"content":{"rendered":"<p>-Kalpli Hediye Kutu Ebat : 21\/18\/9 cm<\/p>\n<p>Hediyelik E\u015fyalar\u0131n\u0131z\u0131 Ve \u00dcr\u00fcnlerinizi<br \/>\nDaha G\u00fczel \u015eekilde Hediye Kutular\u0131nda Sunmak \u0130stermisiniz<br \/>\n\u00dcretim Sat\u0131\u015f \u015eipari\u015f Online Bilgi<br \/>\nWhatsApp +90 536 431 72 02<br \/>\nShowrom : 0 212 531 70 58<\/p>\n","protected":false},"excerpt":{"rendered":"<p>-Kalpli Hediye Kutu Ebat : 21\/18\/9 cm Hediyelik E\u015fyalar\u0131n\u0131z\u0131 Ve \u00dcr\u00fcnlerinizi Daha G\u00fczel \u015eekilde Hediye Kutular\u0131nda Sunmak \u0130stermisiniz \u00dcretim Sat\u0131\u015f \u015eipari\u015f Online Bilgi WhatsApp +90 536 431 72 02 Showrom [&hellip;]<\/p>\n","protected":false},"featured_media":4855,"template":"","meta":{"_joinchat":[]},"product_brand":[],"product_cat":[1392],"product_tag":[450,1371,1357,1358,1359,1353,1025,1356,1352,1373,1370],"class_list":{"0":"post-4865","1":"product","2":"type-product","3":"status-publish","4":"has-post-thumbnail","6":"product_cat-kalpli-hediye-kutu","7":"product_tag-cicek-sepeti-kalpli-kutu","8":"product_tag-kalpli-hediye","9":"product_tag-kalpli-hediye-kutu-fiyatlari","10":"product_tag-kalpli-kutu","11":"product_tag-kalpli-kutu-bos","12":"product_tag-kalpli-kutu-cikolata","13":"product_tag-kalpli-kutu-fiyatlari","14":"product_tag-kalpli-kutu-hediye","15":"product_tag-kalpli-kutu-toptan","16":"product_tag-kutu-hediye-hazirlama","17":"product_tag-sevgiliye-hediye-kalpli-kutu","19":"first","20":"instock","21":"taxable","22":"shipping-taxable","23":"product-type-simple"},"_links":{"self":[{"href":"https:\/\/toptanhediyekutu.com\/index.php?rest_route=\/wp\/v2\/product\/4865","targetHints":{"allow":["GET"]}}],"collection":[{"href":"https:\/\/toptanhediyekutu.com\/index.php?rest_route=\/wp\/v2\/product"}],"about":[{"href":"https:\/\/toptanhediyekutu.com\/index.php?rest_route=\/wp\/v2\/types\/product"}],"version-history":[{"count":2,"href":"https:\/\/toptanhediyekutu.com\/index.php?rest_route=\/wp\/v2\/product\/4865\/revisions"}],"predecessor-version":[{"id":6183,"href":"https:\/\/toptanhediyekutu.com\/index.php?rest_route=\/wp\/v2\/product\/4865\/revisions\/6183"}],"wp:featuredmedia":[{"embeddable":true,"href":"https:\/\/toptanhediyekutu.com\/index.php?rest_route=\/wp\/v2\/media\/4855"}],"wp:attachment":[{"href":"https:\/\/toptanhediyekutu.com\/index.php?rest_route=%2Fwp%2Fv2%2Fmedia&parent=4865"}],"wp:term":[{"taxonomy":"product_brand","embeddable":true,"href":"https:\/\/toptanhediyekutu.com\/index.php?rest_route=%2Fwp%2Fv2%2Fproduct_brand&post=4865"},{"taxonomy":"product_cat","embeddable":true,"href":"https:\/\/toptanhediyekutu.com\/index.php?rest_route=%2Fwp%2Fv2%2Fproduct_cat&post=4865"},{"taxonomy":"product_tag","embeddable":true,"href":"https:\/\/toptanhediyekutu.com\/index.php?rest_route=%2Fwp%2Fv2%2Fproduct_tag&post=4865"}],"curies":[{"name":"wp","href":"https:\/\/api.w.org\/{rel}","templated":true}]}}