{"id":4861,"date":"2023-04-17T01:34:24","date_gmt":"2023-04-16T22:34:24","guid":{"rendered":"https:\/\/lavenderblush-sheep-125930.hostingersite.com\/?post_type=product&#038;p=4861"},"modified":"2025-02-21T19:57:27","modified_gmt":"2025-02-21T16:57:27","slug":"kalpli-hediye-kutu-ebat-21-18-9-cm-4","status":"publish","type":"product","link":"https:\/\/toptanhediyekutu.com\/?product=kalpli-hediye-kutu-ebat-21-18-9-cm-4","title":{"rendered":"Tek Boy Kalpli Hediye Kutu Ebat : 21\/18\/9 cm"},"content":{"rendered":"<p>-Kalpli Hediye Kutu Ebat : 21\/18\/9 cm<\/p>\n<p>Hediyelik E\u015fyalar\u0131n\u0131z\u0131 Ve \u00dcr\u00fcnlerinizi<br \/>\nDaha G\u00fczel \u015eekilde Hediye Kutular\u0131nda Sunmak \u0130stermisiniz<br \/>\n\u00dcretim Sat\u0131\u015f \u015eipari\u015f Online Bilgi<br \/>\nWhatsApp +90 536 431 72 02<br \/>\nShowrom : 0 212 531 70 58<\/p>\n","protected":false},"excerpt":{"rendered":"<p>-Kalpli Hediye Kutu Ebat : 21\/18\/9 cm Hediyelik E\u015fyalar\u0131n\u0131z\u0131 Ve \u00dcr\u00fcnlerinizi Daha G\u00fczel \u015eekilde Hediye Kutular\u0131nda Sunmak \u0130stermisiniz \u00dcretim Sat\u0131\u015f \u015eipari\u015f Online Bilgi WhatsApp +90 536 431 72 02 Showrom [&hellip;]<\/p>\n","protected":false},"featured_media":4850,"template":"","meta":{"_joinchat":[]},"product_brand":[],"product_cat":[1392],"product_tag":[1371,1357,1358,1353,1025,1356,1369,1370,1368],"class_list":{"0":"post-4861","1":"product","2":"type-product","3":"status-publish","4":"has-post-thumbnail","6":"product_cat-kalpli-hediye-kutu","7":"product_tag-kalpli-hediye","8":"product_tag-kalpli-hediye-kutu-fiyatlari","9":"product_tag-kalpli-kutu","10":"product_tag-kalpli-kutu-cikolata","11":"product_tag-kalpli-kutu-fiyatlari","12":"product_tag-kalpli-kutu-hediye","13":"product_tag-kalpli-kutu-hediye-hazirlama","14":"product_tag-sevgiliye-hediye-kalpli-kutu","15":"product_tag-sevgiliye-hediye-kalpli-kutu-cikolata","17":"first","18":"instock","19":"taxable","20":"shipping-taxable","21":"product-type-simple"},"_links":{"self":[{"href":"https:\/\/toptanhediyekutu.com\/index.php?rest_route=\/wp\/v2\/product\/4861","targetHints":{"allow":["GET"]}}],"collection":[{"href":"https:\/\/toptanhediyekutu.com\/index.php?rest_route=\/wp\/v2\/product"}],"about":[{"href":"https:\/\/toptanhediyekutu.com\/index.php?rest_route=\/wp\/v2\/types\/product"}],"version-history":[{"count":2,"href":"https:\/\/toptanhediyekutu.com\/index.php?rest_route=\/wp\/v2\/product\/4861\/revisions"}],"predecessor-version":[{"id":6189,"href":"https:\/\/toptanhediyekutu.com\/index.php?rest_route=\/wp\/v2\/product\/4861\/revisions\/6189"}],"wp:featuredmedia":[{"embeddable":true,"href":"https:\/\/toptanhediyekutu.com\/index.php?rest_route=\/wp\/v2\/media\/4850"}],"wp:attachment":[{"href":"https:\/\/toptanhediyekutu.com\/index.php?rest_route=%2Fwp%2Fv2%2Fmedia&parent=4861"}],"wp:term":[{"taxonomy":"product_brand","embeddable":true,"href":"https:\/\/toptanhediyekutu.com\/index.php?rest_route=%2Fwp%2Fv2%2Fproduct_brand&post=4861"},{"taxonomy":"product_cat","embeddable":true,"href":"https:\/\/toptanhediyekutu.com\/index.php?rest_route=%2Fwp%2Fv2%2Fproduct_cat&post=4861"},{"taxonomy":"product_tag","embeddable":true,"href":"https:\/\/toptanhediyekutu.com\/index.php?rest_route=%2Fwp%2Fv2%2Fproduct_tag&post=4861"}],"curies":[{"name":"wp","href":"https:\/\/api.w.org\/{rel}","templated":true}]}}