{"id":4860,"date":"2023-04-17T01:31:44","date_gmt":"2023-04-16T22:31:44","guid":{"rendered":"https:\/\/lavenderblush-sheep-125930.hostingersite.com\/?post_type=product&#038;p=4860"},"modified":"2025-02-21T19:57:47","modified_gmt":"2025-02-21T16:57:47","slug":"kalpli-hediye-kutu-ebat-21-18-9-cm-3","status":"publish","type":"product","link":"https:\/\/toptanhediyekutu.com\/?product=kalpli-hediye-kutu-ebat-21-18-9-cm-3","title":{"rendered":"Tek Boy Kalpli Hediye Kutu Ebat : 21\/18\/9 cm"},"content":{"rendered":"<p>-Kalpli Hediye Kutu Ebat : 21\/18\/9 cm<\/p>\n<p>Hediyelik E\u015fyalar\u0131n\u0131z\u0131 Ve \u00dcr\u00fcnlerinizi<br \/>\nDaha G\u00fczel \u015eekilde Hediye Kutular\u0131nda Sunmak \u0130stermisiniz<br \/>\n\u00dcretim Sat\u0131\u015f \u015eipari\u015f Online Bilgi<br \/>\nWhatsApp +90 536 431 72 02<br \/>\nShowrom : 0 212 531 70 58<\/p>\n<p>&nbsp;<\/p>\n","protected":false},"excerpt":{"rendered":"<p>-Kalpli Hediye Kutu Ebat : 21\/18\/9 cm Hediyelik E\u015fyalar\u0131n\u0131z\u0131 Ve \u00dcr\u00fcnlerinizi Daha G\u00fczel \u015eekilde Hediye Kutular\u0131nda Sunmak \u0130stermisiniz \u00dcretim Sat\u0131\u015f \u015eipari\u015f Online Bilgi WhatsApp +90 536 431 72 02 Showrom [&hellip;]<\/p>\n","protected":false},"featured_media":4851,"template":"","meta":{"_joinchat":[]},"product_brand":[],"product_cat":[1392],"product_tag":[450,1025,1355,1352,1367,1361,1365,1366,1362,1363,1360,1364],"class_list":{"0":"post-4860","1":"product","2":"type-product","3":"status-publish","4":"has-post-thumbnail","6":"product_cat-kalpli-hediye-kutu","7":"product_tag-cicek-sepeti-kalpli-kutu","8":"product_tag-kalpli-kutu-fiyatlari","9":"product_tag-kalpli-kutu-icinde-cikolata","10":"product_tag-kalpli-kutu-toptan","11":"product_tag-metal-kalpli-kutu","12":"product_tag-toptan-bos-kutu","13":"product_tag-toptan-kalpli-bos-kutu","14":"product_tag-toptan-kalpli-kutu","15":"product_tag-toptan-kalpli-kutu-cikolata","16":"product_tag-toptan-kalpli-kutu-gul","17":"product_tag-toptan-kalpli-kutu-ici-bos","18":"product_tag-toptan-kalpli-kutu-icinde-cikolata","20":"first","21":"instock","22":"taxable","23":"shipping-taxable","24":"product-type-simple"},"_links":{"self":[{"href":"https:\/\/toptanhediyekutu.com\/index.php?rest_route=\/wp\/v2\/product\/4860","targetHints":{"allow":["GET"]}}],"collection":[{"href":"https:\/\/toptanhediyekutu.com\/index.php?rest_route=\/wp\/v2\/product"}],"about":[{"href":"https:\/\/toptanhediyekutu.com\/index.php?rest_route=\/wp\/v2\/types\/product"}],"version-history":[{"count":2,"href":"https:\/\/toptanhediyekutu.com\/index.php?rest_route=\/wp\/v2\/product\/4860\/revisions"}],"predecessor-version":[{"id":6191,"href":"https:\/\/toptanhediyekutu.com\/index.php?rest_route=\/wp\/v2\/product\/4860\/revisions\/6191"}],"wp:featuredmedia":[{"embeddable":true,"href":"https:\/\/toptanhediyekutu.com\/index.php?rest_route=\/wp\/v2\/media\/4851"}],"wp:attachment":[{"href":"https:\/\/toptanhediyekutu.com\/index.php?rest_route=%2Fwp%2Fv2%2Fmedia&parent=4860"}],"wp:term":[{"taxonomy":"product_brand","embeddable":true,"href":"https:\/\/toptanhediyekutu.com\/index.php?rest_route=%2Fwp%2Fv2%2Fproduct_brand&post=4860"},{"taxonomy":"product_cat","embeddable":true,"href":"https:\/\/toptanhediyekutu.com\/index.php?rest_route=%2Fwp%2Fv2%2Fproduct_cat&post=4860"},{"taxonomy":"product_tag","embeddable":true,"href":"https:\/\/toptanhediyekutu.com\/index.php?rest_route=%2Fwp%2Fv2%2Fproduct_tag&post=4860"}],"curies":[{"name":"wp","href":"https:\/\/api.w.org\/{rel}","templated":true}]}}