{"id":4843,"date":"2023-04-08T19:11:10","date_gmt":"2023-04-08T16:11:10","guid":{"rendered":"https:\/\/lavenderblush-sheep-125930.hostingersite.com\/?post_type=product&#038;p=4843"},"modified":"2025-02-15T23:37:46","modified_gmt":"2025-02-15T20:37:46","slug":"hediye-kutu-olculeri-30-20-9-5-cm-2","status":"publish","type":"product","link":"https:\/\/toptanhediyekutu.com\/?product=hediye-kutu-olculeri-30-20-9-5-cm-2","title":{"rendered":"Hediye Kutu \u00d6l\u00e7\u00fcleri 30\/20\/9.5 cm"},"content":{"rendered":"<p>Hediye Kutu \u00d6l\u00e7\u00fcleri 30\/20\/9.5 cm<\/p>\n","protected":false},"excerpt":{"rendered":"<p>Hediye Kutu \u00d6l\u00e7\u00fcleri 30\/20\/9.5 cm<\/p>\n","protected":false},"featured_media":4828,"template":"","meta":{"_joinchat":[]},"product_brand":[],"product_cat":[594,1394],"product_tag":[],"class_list":{"0":"post-4843","1":"product","2":"type-product","3":"status-publish","4":"has-post-thumbnail","6":"product_cat-dikdortgen-hediye-kutulari","7":"product_cat-pvc-hediye-kutulari","9":"first","10":"instock","11":"taxable","12":"shipping-taxable","13":"product-type-simple"},"_links":{"self":[{"href":"https:\/\/toptanhediyekutu.com\/index.php?rest_route=\/wp\/v2\/product\/4843","targetHints":{"allow":["GET"]}}],"collection":[{"href":"https:\/\/toptanhediyekutu.com\/index.php?rest_route=\/wp\/v2\/product"}],"about":[{"href":"https:\/\/toptanhediyekutu.com\/index.php?rest_route=\/wp\/v2\/types\/product"}],"version-history":[{"count":1,"href":"https:\/\/toptanhediyekutu.com\/index.php?rest_route=\/wp\/v2\/product\/4843\/revisions"}],"predecessor-version":[{"id":6852,"href":"https:\/\/toptanhediyekutu.com\/index.php?rest_route=\/wp\/v2\/product\/4843\/revisions\/6852"}],"wp:featuredmedia":[{"embeddable":true,"href":"https:\/\/toptanhediyekutu.com\/index.php?rest_route=\/wp\/v2\/media\/4828"}],"wp:attachment":[{"href":"https:\/\/toptanhediyekutu.com\/index.php?rest_route=%2Fwp%2Fv2%2Fmedia&parent=4843"}],"wp:term":[{"taxonomy":"product_brand","embeddable":true,"href":"https:\/\/toptanhediyekutu.com\/index.php?rest_route=%2Fwp%2Fv2%2Fproduct_brand&post=4843"},{"taxonomy":"product_cat","embeddable":true,"href":"https:\/\/toptanhediyekutu.com\/index.php?rest_route=%2Fwp%2Fv2%2Fproduct_cat&post=4843"},{"taxonomy":"product_tag","embeddable":true,"href":"https:\/\/toptanhediyekutu.com\/index.php?rest_route=%2Fwp%2Fv2%2Fproduct_tag&post=4843"}],"curies":[{"name":"wp","href":"https:\/\/api.w.org\/{rel}","templated":true}]}}