{"id":4817,"date":"2023-04-07T00:17:21","date_gmt":"2023-04-06T21:17:21","guid":{"rendered":"https:\/\/lavenderblush-sheep-125930.hostingersite.com\/?post_type=product&#038;p=4817"},"modified":"2026-03-12T15:44:10","modified_gmt":"2026-03-12T12:44:10","slug":"hediye-kutusu-40-30-12-7-cm","status":"publish","type":"product","link":"https:\/\/toptanhediyekutu.com\/?product=hediye-kutusu-40-30-12-7-cm","title":{"rendered":"Hediye Kutusu 40\/30\/12.7 cm"},"content":{"rendered":"<p class=\"p1\"><span class=\"s1\">Hediye Kutusu 40\/30\/12.7 cm<\/span><\/p>\n<p class=\"p1\"><span class=\"s1\">Yada <\/span><\/p>\n<p class=\"p1\"><span class=\"s1\">Sizin Projenize Uygun Size \u00d6zel \u0130stenen Farkl\u0131 Ebatlarda Ve \u015ee\u00e7tiginiiz <\/span><\/p>\n<p class=\"p1\"><span class=\"s1\">RENKLERDE \u00dcRET\u0130L\u0130R <\/span><\/p>\n<p class=\"p1\"><span class=\"s1\"> Hediyelerinizi Yada \u00dcr\u00fcnlerinizin <\/span><\/p>\n<p class=\"p1\"><span class=\"s1\">Sunumunlar\u0131na<span class=\"Apple-converted-space\">\u00a0 <\/span>Deger \u00dcst\u00fcne Deger Katman\u0131z\u0131 Saglayacak Profesyonel Lux Hediye Kutular\u0131<\/span><\/p>\n<p class=\"p1\"><span class=\"s1\">Hediye Kutusu \u0130le Hediyelerinizi<span class=\"Apple-converted-space\">\u00a0 <\/span>\u00d6zelle\u015ftirin G\u00fczelle\u015ftirin<\/span><\/p>\n<p class=\"p1\"><span class=\"s1\">Hediyelerinize G\u00fczellik Katan Hediye Kutular\u0131<\/span><\/p>\n<p class=\"p1\"><span class=\"s1\"> Hediyeleri \u00d6zel Hediye Kutular\u0131ndan Sunmaya Ne Dersiniz<\/span><\/p>\n<p class=\"p1\"><span class=\"s1\">\u00dcretimde Kullan\u0131lan Malzeme : 2 mm Sert<span class=\"Apple-converted-space\">\u00a0 <\/span>Kal\u0131n Premium Lux Mukavava + 140 Gr Fantazi Lux Kag\u0131t<\/span><\/p>\n<p class=\"p1\"><span class=\"s1\">\u00dcretim A\u015famas\u0131 :<span class=\"Apple-converted-space\">\u00a0 <\/span>2 mm Sert Lux Mukavava<span class=\"Apple-converted-space\">\u00a0 <\/span>\u00dczeri<span class=\"Apple-converted-space\">\u00a0 <\/span>Fantazi Lux Kag\u0131t S\u0131vama Usulu \u0130le El \u0130\u015f\u00e7igigi \u0130le \u00dcretilmi\u015ftir <\/span><\/p>\n<p class=\"p1\"><span class=\"s1\">(Tamam\u0131 \u0130le Yerli \u00dcretim : Madde \u0130n T\u00fcrkiye )<\/span><\/p>\n<p class=\"p1\"><span class=\"s1\">Teslimat \u015eekli : <\/span><\/p>\n<p class=\"p1\"><span class=\"s1\">\u00dcretilen \u00d6zel \u015eipari\u015fler \u0130stanbul \u0130\u00e7i Nakl\u0131ye \u0130le Teslim Edilir ( Nakl\u0131ye \u00dc\u00e7reti Al\u0131c\u0131ya Aittir ) <\/span><\/p>\n<p class=\"p1\"><span class=\"s1\">Yada <\/span><\/p>\n<p class=\"p1\"><span class=\"s1\">Anlasmal\u0131 Oldugumuz Surat Kargo \u0130le Adresinize Tesl\u0131m Edilir ( Kargo \u00dc\u00e7ret\u0131 Al\u0131c\u0131ya Aittir ) <\/span><\/p>\n<p class=\"p1\"><span class=\"s1\">G\u00fcn \u0130\u00e7inde Tesl\u0131m Olmas\u0131 \u0130stenen \u015eipari\u015flerinizi Kurye G\u00f6ndererek D\u00fckkan\u0131m\u0131zdan Ald\u0131rabilirsiniz Kurye \u00dc\u00e7reti Al\u0131c\u0131ya Aittir <\/span><\/p>\n<p class=\"p1\"><span class=\"s1\">Not 1 : 30 Adet Ve Dahada Fazla Al\u0131m Yap\u0131lacak \u0130se Toptan Fiyat Talep Etmelisiniz<\/span><\/p>\n<p class=\"p1\"><span class=\"s1\">Not 2 : 150 Adet Ve \u00dczeri \u015eipari\u015fler Logo Bask\u0131l\u0131 \u00dcretim Yap\u0131l\u0131r ( Toptan Fiyat \u0130steyebilirsiniz )<\/span><\/p>\n<p class=\"p1\"><span class=\"s1\">Not 3 : \u0130stenen Farkl\u0131 Ebatlarda \u00dcRET\u0130L\u0130R <\/span><\/p>\n<p class=\"p1\"><span class=\"s1\">Not 4 : Sizin Talep Ettiginiz Renklerde \u00dcRET\u0130LEB\u0130L\u0130R <\/span><\/p>\n<p class=\"p1\"><span class=\"s1\">NOT 5 : En H\u0131zl\u0131 Satan Modellerden Stok Olab\u0131l\u0131r Bilgi Almal\u0131s\u0131n\u0131z<\/span><\/p>\n<p class=\"p1\"><span class=\"s1\">Elbette Size \u00d6zel Hediye Projelerinize Sizin Belirlediginiz Ebatlarda Sizin \u0130stediginiz Renklerde Hediye Kutusu \u00dcRETEL\u0130M M\u0130<\/span><\/p>\n<p class=\"p1\"><span class=\"s1\">Kullan\u0131lan Malzeme : 2 MM L\u00fcx Sert Kal\u0131n Mukavva \u00dczeri Taslama Usul\u00fc \u00dczeri L\u00fcx Fantazi Kag\u0131t S\u0131vama Kaplama )<\/span><\/p>\n<p class=\"p1\"><span class=\"s1\">(Tamam\u0131 \u0130le Yerli \u00dcretim : Madde \u0130n T\u00fcrkiye )<\/span><\/p>\n<p class=\"p1\"><span class=\"s1\">NOT 6 : En H\u0131zl\u0131 Satan Modellerden Stok Olab\u0131l\u0131r Bilgi Almal\u0131s\u0131n\u0131z<\/span><\/p>\n<p class=\"p1\"><span class=\"s1\">NOT 7 : Size \u00d6zel Ebatlarda Da Hediye Kutu \u00dcretelim mi ?<\/span><\/p>\n<p class=\"p1\"><span class=\"s1\">\u015eat\u0131\u015f\u0131n\u0131 Yapt\u0131g\u0131n\u0131z \u00dcr\u00fcnleri Daha G\u00fczel Daha Lux Daha Kaliteli \u015eekilde M\u00fc\u015fterilerinize \u00dcr\u00fcnlerinizi<\/span><\/p>\n<p class=\"p1\"><span class=\"s1\">Sunmak \u0130stermisiniz<\/span><\/p>\n<p class=\"p1\"><span class=\"s1\">Magzan\u0131za Gelen M\u00fcsterilerinize Farkl\u0131 Renklerde Degi\u015fik Ebatlarda Bo\u015f Hediye Kutusunu<\/span><\/p>\n<p class=\"p1\"><span class=\"s1\">Sunarak Kazan\u00e7 Saglamak \u0130stermisiniz<\/span><\/p>\n<p class=\"p1\"><span class=\"s1\">D\u00fckkan Telefon Numaram\u0131z : 0 212 531 70 58<\/span><\/p>\n<p class=\"p1\"><span class=\"s1\">\u0130stanbul F\u0131nd\u0131kzade de ki Magzam\u0131zdan \u015eipari\u015fleriniz Tesl\u0131m Alabilir Yada Ald\u0131rab\u0131l\u0131rs\u0131n\u0131z<\/span><\/p>\n<p class=\"p1\"><span class=\"s1\">Yada Adresinize Kargo \u0130le G\u00f6nderebiliriz<\/span><\/p>\n<p class=\"p1\"><span class=\"s1\">\u00dcr\u00fcnlerinizi Dahada G\u00fczel Sunmaya Ne Dersiniz<\/span><\/p>\n<p class=\"p1\"><span class=\"s1\">Hediyelerinize \u00d6zel Hediye Kutular\u0131<\/span><\/p>\n<p class=\"p1\"><span class=\"s1\">Not Avrupan\u0131n Her Yerine Kargo \u0130le G\u00f6nderiyoruz Kargo \u00dc\u00e7reti Al\u0131c\u0131ya Aittir<\/span><\/p>\n<p class=\"p1\"><span class=\"s1\">Hediye Kutu Teslimat : Kargo \u0130le Yada D\u00fckkan\u0131m\u0131zdan Tesl\u0131m Alabilirsiniz Kargo \u00dc\u00e7reti Al\u0131c\u0131ya Aittir<\/span><\/p>\n<p class=\"p1\"><span class=\"s1\">Toptan \u015eipari\u015fleriniz Ara\u00e7 Kurye \u0130le G\u00f6nderilir Ara\u00e7 Nakliye \u00dc\u00e7reti Al\u0131c\u0131ya Aittir<\/span><\/p>\n<p class=\"p1\"><span class=\"s1\">\u0130stanbul \u0130\u00e7i Motor Kurye Yonlendiriseniz Sipari\u015finiz Motor Kuryeye Teslim Edilerek Sipari\u015finiz Size Ulas\u0131r Kurye \u00dc\u00e7reti Al\u0131c\u0131ya Aittir Bilginize<\/span><\/p>\n<p class=\"p1\"><span class=\"s1\">Sipari\u015fleriniz Fatih Kaya \u0130le WhatsApp Tan Online Bilgi Alab\u0131l\u0131rs\u0131n\u0131z<\/span><\/p>\n<p class=\"p1\"><span class=\"s1\">Farkl\u0131 Projelerinizde Kullanmak \u0130steyeceg\u0131n\u0131z \u00d6zel L\u00fcx Hediye Kutular\u0131<\/span><\/p>\n<p class=\"p1\"><span class=\"s1\">\u2014\u2014\u2014\u2014\u2014\u2014\u2014\u2014\u2014 <\/span><\/p>\n<p class=\"p1\"><span class=\"s1\">Toptan Fiyat Teklif \u0130stemelisiniz<\/span><\/p>\n<p class=\"p1\"><span class=\"s1\">\u2014\u2014\u2014\u2014\u2014\u2014\u2014\u2014\u2014 <\/span><\/p>\n<p class=\"p1\"><span class=\"s1\">30 Adet Teklif<\/span><\/p>\n<p class=\"p1\"><span class=\"s1\">\u2014\u2014\u2014\u2014\u2014\u2014\u2014\u2014\u2014-<\/span><\/p>\n<p class=\"p1\"><span class=\"s1\">\u2014\u2014\u2014\u2014\u2014\u2014\u2014\u2014\u2014 <\/span><\/p>\n<p class=\"p1\"><span class=\"s1\">50 Adet Teklif<\/span><\/p>\n<p class=\"p1\"><span class=\"s1\">\u2014\u2014\u2014\u2014\u2014\u2014\u2014\u2014\u2014-<\/span><\/p>\n<p class=\"p1\"><span class=\"s1\">\u2014\u2014\u2014\u2014\u2014\u2014\u2014\u2014\u2014 <\/span><\/p>\n<p class=\"p1\"><span class=\"s1\">100 Adet Teklif<\/span><\/p>\n<p class=\"p1\"><span class=\"s1\">\u2014\u2014\u2014\u2014\u2014\u2014\u2014\u2014\u2014-<\/span><\/p>\n<p class=\"p1\"><span class=\"s1\">\u2014\u2014\u2014\u2014\u2014\u2014\u2014\u2014\u2014 <\/span><\/p>\n<p class=\"p1\"><span class=\"s1\">250 Adet Teklif<\/span><\/p>\n<p class=\"p1\"><span class=\"s1\">\u2014\u2014\u2014\u2014\u2014\u2014\u2014\u2014\u2014-<\/span><\/p>\n<p class=\"p1\"><span class=\"s1\">\u2014\u2014\u2014\u2014\u2014\u2014\u2014\u2014\u2014 <\/span><\/p>\n<p class=\"p1\"><span class=\"s1\">500 Adet Teklif<\/span><\/p>\n<p class=\"p1\"><span class=\"s1\">\u2014\u2014\u2014\u2014\u2014\u2014\u2014\u2014\u2014-<\/span><\/p>\n<p class=\"p1\"><span class=\"s1\">\u2014\u2014\u2014\u2014\u2014\u2014\u2014\u2014\u2014 <\/span><\/p>\n<p class=\"p1\"><span class=\"s1\">1000 Adet Teklif<\/span><\/p>\n<p class=\"p1\"><span class=\"s1\">\u2014\u2014\u2014\u2014\u2014\u2014\u2014\u2014\u2014-<\/span><\/p>\n","protected":false},"excerpt":{"rendered":"<p>Hediye Kutusu 40\/30\/12.7 cm Yada Sizin Projenize Uygun Size \u00d6zel \u0130stenen Farkl\u0131 Ebatlarda Ve \u015ee\u00e7tiginiiz RENKLERDE \u00dcRET\u0130L\u0130R Hediyelerinizi Yada \u00dcr\u00fcnlerinizin Sunumunlar\u0131na\u00a0 Deger \u00dcst\u00fcne Deger Katman\u0131z\u0131 Saglayacak Profesyonel Lux Hediye Kutular\u0131 [&hellip;]<\/p>\n","protected":false},"featured_media":4826,"template":"","meta":{"_joinchat":[]},"product_brand":[],"product_cat":[594],"product_tag":[1289,390,438,1193,1192,1305,1306],"class_list":{"0":"post-4817","1":"product","2":"type-product","3":"status-publish","4":"has-post-thumbnail","6":"product_cat-dikdortgen-hediye-kutulari","7":"product_tag-calisanlara-hediye","8":"product_tag-kurumsal-hediye-katalogu","9":"product_tag-kurumsal-hediyeler","10":"product_tag-luks-kurumsal-hediyeler","11":"product_tag-musterilere-verilebilecek-hediyeler","12":"product_tag-personele-hediye","13":"product_tag-tesekkur-hediye-fikirleri-fincan-takimi","15":"first","16":"instock","17":"taxable","18":"shipping-taxable","19":"product-type-simple"},"_links":{"self":[{"href":"https:\/\/toptanhediyekutu.com\/index.php?rest_route=\/wp\/v2\/product\/4817","targetHints":{"allow":["GET"]}}],"collection":[{"href":"https:\/\/toptanhediyekutu.com\/index.php?rest_route=\/wp\/v2\/product"}],"about":[{"href":"https:\/\/toptanhediyekutu.com\/index.php?rest_route=\/wp\/v2\/types\/product"}],"version-history":[{"count":1,"href":"https:\/\/toptanhediyekutu.com\/index.php?rest_route=\/wp\/v2\/product\/4817\/revisions"}],"predecessor-version":[{"id":5911,"href":"https:\/\/toptanhediyekutu.com\/index.php?rest_route=\/wp\/v2\/product\/4817\/revisions\/5911"}],"wp:featuredmedia":[{"embeddable":true,"href":"https:\/\/toptanhediyekutu.com\/index.php?rest_route=\/wp\/v2\/media\/4826"}],"wp:attachment":[{"href":"https:\/\/toptanhediyekutu.com\/index.php?rest_route=%2Fwp%2Fv2%2Fmedia&parent=4817"}],"wp:term":[{"taxonomy":"product_brand","embeddable":true,"href":"https:\/\/toptanhediyekutu.com\/index.php?rest_route=%2Fwp%2Fv2%2Fproduct_brand&post=4817"},{"taxonomy":"product_cat","embeddable":true,"href":"https:\/\/toptanhediyekutu.com\/index.php?rest_route=%2Fwp%2Fv2%2Fproduct_cat&post=4817"},{"taxonomy":"product_tag","embeddable":true,"href":"https:\/\/toptanhediyekutu.com\/index.php?rest_route=%2Fwp%2Fv2%2Fproduct_tag&post=4817"}],"curies":[{"name":"wp","href":"https:\/\/api.w.org\/{rel}","templated":true}]}}