{"id":4787,"date":"2023-04-04T22:43:32","date_gmt":"2023-04-04T19:43:32","guid":{"rendered":"https:\/\/lavenderblush-sheep-125930.hostingersite.com\/?post_type=product&#038;p=4787"},"modified":"2025-02-15T23:35:57","modified_gmt":"2025-02-15T20:35:57","slug":"hediye-kutusu-ebat-29-21-7-cm-7","status":"publish","type":"product","link":"https:\/\/toptanhediyekutu.com\/?product=hediye-kutusu-ebat-29-21-7-cm-7","title":{"rendered":"Hediye Kutusu Ebat:29\/21\/7 cm"},"content":{"rendered":"<p class=\"p1\"><span class=\"s1\">Hediye Kutusu Ebat : 29\/21\/7 cm <\/span><\/p>\n<p class=\"p1\"><span class=\"s1\">\u015eat\u0131\u015f\u0131n\u0131 Yapt\u0131g\u0131n\u0131z Yapmay\u0131 D\u00fcs\u00fcnd\u00fcg\u00fcn\u00fcz \u00dcr\u00fcnleri Daha G\u00fczel Daha Lux Daha Kaliteli \u015eekilde M\u00fc\u015fterilerinize \u00dcr\u00fcnlerinizi<span class=\"Apple-converted-space\">\u00a0 <\/span>Sunmak \u0130stermisiniz<\/span><\/p>\n<p class=\"p1\"><span class=\"s1\">Magzan\u0131za Gelen M\u00fcsterilerinize Farkl\u0131 Renklerde Degi\u015fik Ebatlarda Bo\u015f Hediye Kutusunu<\/span><\/p>\n<p class=\"p1\"><span class=\"s1\">Sunarak Ek Kazan\u00e7 Saglayabilirsiniz<\/span><\/p>\n<p class=\"p1\"><span class=\"s1\">Kullan\u0131lan Malzeme : 1.8 MM L\u00fcx Sert Kal\u0131n Mukavva \u00dczeri Taslama Usul\u00fc \u00dczeri L\u00fcx Fantazi Kag\u0131t S\u0131vama Kaplama )<\/span><\/p>\n<p class=\"p1\"><span class=\"s1\">\u00dcretim A\u015famas\u0131 : Mukavva \u00dczeri Fantazi Lux Kag\u0131t S\u0131vama Usulu \u0130le El \u0130\u015f\u00e7igigi \u0130le \u00dcretilmi\u015ftir<\/span><\/p>\n<p class=\"p1\"><span class=\"s1\">(Tamam\u0131 \u0130le Yerli \u00dcretim : Madde \u0130n T\u00fcrkiye )<\/span><\/p>\n<p class=\"p1\"><span class=\"s1\">Teslimat \u015eekli :<\/span><\/p>\n<p class=\"p1\"><span class=\"s1\">Not 1 : \u00dcretilen \u00d6zel \u015eipari\u015fler \u0130stanbul \u0130\u00e7i Nakl\u0131ye \u0130le Teslim Edilir ( Nakl\u0131ye \u00dc\u00e7reti Al\u0131c\u0131ya Aittir )<\/span><\/p>\n<p class=\"p1\"><span class=\"s1\">Yada<\/span><\/p>\n<p class=\"p1\"><span class=\"s1\">Not 2 : Anlasmal\u0131 Oldugumuz Surat Kargo \u0130le Adresinize Tesl\u0131m Edilir ( Kargo \u00dc\u00e7ret\u0131 Al\u0131c\u0131ya Aittir )<\/span><\/p>\n<p class=\"p1\"><span class=\"s1\">Not 3 : G\u00fcn \u0130\u00e7inde Tesl\u0131m Olmas\u0131 \u0130stenen \u015eipari\u015flerinizi Kurye G\u00f6ndererek D\u00fckkan\u0131m\u0131zdan Ald\u0131rabilirsiniz Kurye \u00dc\u00e7reti Al\u0131c\u0131ya Aittir<\/span><\/p>\n<p class=\"p1\"><span class=\"s1\">Not 4 : 30 Adet Ve Dahada Fazla Al\u0131m Yap\u0131lacak \u0130se Toptan Fiyat Talep Etmelisiniz<\/span><\/p>\n<p class=\"p1\"><span class=\"s1\">\u00dcr\u00fcnlerinizi Dahada G\u00fczel Sunmaya Ne Dersiniz<\/span><\/p>\n<p class=\"p1\"><span class=\"s1\">Hediyelerinize \u00d6zel Hediye Kutular\u0131<\/span><\/p>\n<p class=\"p1\"><span class=\"s1\">Sat\u0131\u015f\u0131n\u0131 Yapt\u0131\u011f\u0131n\u0131z \u00dcr\u00fcnleri L\u00fcx Hediye Kutular\u0131 Sunabilir Sat\u0131\u015flar\u0131n\u0131z\u0131 Art\u0131rabilirsiniz <\/span><\/p>\n<p class=\"p1\"><span class=\"s1\">\u2014\u2014\u2014\u2014\u2014\u2014\u2014\u2014\u2014\u2014\u2014\u2014\u2014-<\/span><\/p>\n<p class=\"p1\"><span class=\"s1\">Online Bilgi <\/span><\/p>\n<p class=\"p1\"><span class=\"s1\">\u2014\u2014\u2014\u2014\u2014\u2014\u2014\u2014\u2014\u2014\u2014\u2014\u2014-<\/span><\/p>\n<p class=\"p1\"><span class=\"s1\">Gsm 0 536 431 72 02 \u2014\u2014\u2014\u2014\u2014\u2014\u2014\u2014\u2014\u2014\u2014\u2014\u2014-<\/span><\/p>\n<p class=\"p1\"><span class=\"s1\">Hediye Kutu At\u00f6lyesi<span class=\"Apple-converted-space\">\u00a0 <\/span>: <\/span><\/p>\n<p class=\"p1\"><span class=\"s1\">Showrom: 0 212 531 70 58 <\/span><\/p>\n<p class=\"p1\"><span class=\"s1\">\u2014\u2014\u2014\u2014\u2014\u2014\u2014\u2014\u2014\u2014\u2014\u2014\u2014-<\/span><\/p>\n<p class=\"p1\"><span class=\"s1\">Gsm<span class=\"Apple-converted-space\">\u00a0 <\/span>0 536 431 72 02 <\/span><\/p>\n<p class=\"p1\"><span class=\"s1\">\u2014\u2014\u2014\u2014\u2014\u2014\u2014\u2014\u2014\u2014\u2014\u2014\u2014-<\/span><\/p>\n<p class=\"p1\"><span class=\"s1\">www.hediyekutu.com<\/span><\/p>\n<p class=\"p1\"><span class=\"s1\">50 Adet \u0130\u00e7in Adet Teklif <\/span><\/p>\n<p class=\"p1\"><span class=\"s1\">\u2014\u2014\u2014\u2014\u2014\u2014\u2014\u2014\u2014\u2014\u2014\u2014\u2014-<\/span><\/p>\n<p class=\"p1\"><span class=\"s1\">100 Adet<span class=\"Apple-converted-space\">\u00a0 <\/span>\u0130\u00e7in Adet Teklif <\/span><\/p>\n<p class=\"p1\"><span class=\"s1\">\u2014\u2014\u2014\u2014\u2014\u2014\u2014\u2014\u2014\u2014\u2014\u2014\u2014-<\/span><\/p>\n<p class=\"p1\"><span class=\"s1\">250 Adet \u0130\u00e7in Adet Teklif <\/span><\/p>\n<p class=\"p1\"><span class=\"s1\">\u2014\u2014\u2014\u2014\u2014\u2014\u2014\u2014\u2014\u2014\u2014\u2014\u2014-<\/span><\/p>\n<p class=\"p1\"><span class=\"s1\">500 Adet<span class=\"Apple-converted-space\">\u00a0 <\/span>\u0130\u00e7in Adet Teklif <\/span><\/p>\n<p class=\"p1\"><span class=\"s1\">\u2014\u2014\u2014\u2014\u2014\u2014\u2014\u2014\u2014\u2014\u2014\u2014\u2014- <\/span><\/p>\n","protected":false},"excerpt":{"rendered":"<p>Hediye Kutusu Ebat : 29\/21\/7 cm \u015eat\u0131\u015f\u0131n\u0131 Yapt\u0131g\u0131n\u0131z Yapmay\u0131 D\u00fcs\u00fcnd\u00fcg\u00fcn\u00fcz \u00dcr\u00fcnleri Daha G\u00fczel Daha Lux Daha Kaliteli \u015eekilde M\u00fc\u015fterilerinize \u00dcr\u00fcnlerinizi\u00a0 Sunmak \u0130stermisiniz Magzan\u0131za Gelen M\u00fcsterilerinize Farkl\u0131 Renklerde Degi\u015fik Ebatlarda Bo\u015f [&hellip;]<\/p>\n","protected":false},"featured_media":4775,"template":"","meta":{"_joinchat":[]},"product_brand":[],"product_cat":[594],"product_tag":[1206,1205,1285,1286,406,1221,1284,1283,1202,1204,1203,735,1208,1207,1280,1282,1281],"class_list":{"0":"post-4787","1":"product","2":"type-product","3":"status-publish","4":"has-post-thumbnail","6":"product_cat-dikdortgen-hediye-kutulari","7":"product_tag-ajanda-hediye-kutusu","8":"product_tag-ajanda-kutusu","9":"product_tag-cicek","10":"product_tag-cicek-hediye-kutusu","11":"product_tag-cicek-kutusu","12":"product_tag-fular","13":"product_tag-fular-hediye-kutusu","14":"product_tag-fular-kutusu","15":"product_tag-kahve","16":"product_tag-kahve-hediye-kutusu","17":"product_tag-kahve-kutusu","18":"product_tag-kalem","19":"product_tag-kalem-hediye-kutusu","20":"product_tag-kalem-kutusu","21":"product_tag-kravat","22":"product_tag-kravat-hediye-kutusu","23":"product_tag-kravat-kutusu","25":"first","26":"instock","27":"taxable","28":"shipping-taxable","29":"product-type-simple"},"_links":{"self":[{"href":"https:\/\/toptanhediyekutu.com\/index.php?rest_route=\/wp\/v2\/product\/4787","targetHints":{"allow":["GET"]}}],"collection":[{"href":"https:\/\/toptanhediyekutu.com\/index.php?rest_route=\/wp\/v2\/product"}],"about":[{"href":"https:\/\/toptanhediyekutu.com\/index.php?rest_route=\/wp\/v2\/types\/product"}],"version-history":[{"count":1,"href":"https:\/\/toptanhediyekutu.com\/index.php?rest_route=\/wp\/v2\/product\/4787\/revisions"}],"predecessor-version":[{"id":6531,"href":"https:\/\/toptanhediyekutu.com\/index.php?rest_route=\/wp\/v2\/product\/4787\/revisions\/6531"}],"wp:featuredmedia":[{"embeddable":true,"href":"https:\/\/toptanhediyekutu.com\/index.php?rest_route=\/wp\/v2\/media\/4775"}],"wp:attachment":[{"href":"https:\/\/toptanhediyekutu.com\/index.php?rest_route=%2Fwp%2Fv2%2Fmedia&parent=4787"}],"wp:term":[{"taxonomy":"product_brand","embeddable":true,"href":"https:\/\/toptanhediyekutu.com\/index.php?rest_route=%2Fwp%2Fv2%2Fproduct_brand&post=4787"},{"taxonomy":"product_cat","embeddable":true,"href":"https:\/\/toptanhediyekutu.com\/index.php?rest_route=%2Fwp%2Fv2%2Fproduct_cat&post=4787"},{"taxonomy":"product_tag","embeddable":true,"href":"https:\/\/toptanhediyekutu.com\/index.php?rest_route=%2Fwp%2Fv2%2Fproduct_tag&post=4787"}],"curies":[{"name":"wp","href":"https:\/\/api.w.org\/{rel}","templated":true}]}}