{"id":4717,"date":"2023-03-14T02:00:01","date_gmt":"2023-03-13T23:00:01","guid":{"rendered":"https:\/\/lavenderblush-sheep-125930.hostingersite.com\/?post_type=product&#038;p=4717"},"modified":"2025-10-19T16:59:05","modified_gmt":"2025-10-19T13:59:05","slug":"hediye-kutusu-ebat-31-23-13-cm-8","status":"publish","type":"product","link":"https:\/\/toptanhediyekutu.com\/?product=hediye-kutusu-ebat-31-23-13-cm-8","title":{"rendered":"Hediye Kutusu Ebat : 30.50\/23\/13\u00a0 cm"},"content":{"rendered":"<p>Hediye Kutusu Ebat 30.50\/23\/13 cm<\/p>\n<p>Kullan\u0131lan Malzeme : 1.8 MM L\u00fcx Sert Kal\u0131n Mukavva \u00dczeri Taslama Usul\u00fc \u00dczeri L\u00fcx Fantazi Kag\u0131t S\u0131vama Kaplama )<\/p>\n","protected":false},"excerpt":{"rendered":"<p>https:\/\/youtube.com\/shorts\/3XwEIEJm4LY?si=vv7oH4l0p6Kjwm82<\/p>\n<p>Kullan\u0131lan Malzeme : 1.8 MM L\u00fcx Sert Kal\u0131n Mukavva \u00dczeri Taslama Usul\u00fc \u00dczeri L\u00fcx Fantazi Kag\u0131t S\u0131vama Kaplama )<\/p>\n","protected":false},"featured_media":4708,"template":"","meta":{"_joinchat":[]},"product_brand":[],"product_cat":[594],"product_tag":[1189,1187,87,1185,544,181,1182,1181,1186,91,1188,1183,75],"class_list":{"0":"post-4717","1":"product","2":"type-product","3":"status-publish","4":"has-post-thumbnail","6":"product_cat-dikdortgen-hediye-kutulari","7":"product_tag-dudak","8":"product_tag-en-cok-satilan-urunler","9":"product_tag-hediye-kutusu","10":"product_tag-hediyelik-bagis","11":"product_tag-hediyelik-bos-kutu","12":"product_tag-hediyelik-cikolata","13":"product_tag-hediyelik-kahve","14":"product_tag-hediyelik-lokum","15":"product_tag-keskin-hediyelik","16":"product_tag-kurumsal-hediyelik","17":"product_tag-makyaj","18":"product_tag-otantik-hediyelik","19":"product_tag-toptan-hediyelik","21":"first","22":"instock","23":"taxable","24":"shipping-taxable","25":"product-type-simple"},"_links":{"self":[{"href":"https:\/\/toptanhediyekutu.com\/index.php?rest_route=\/wp\/v2\/product\/4717","targetHints":{"allow":["GET"]}}],"collection":[{"href":"https:\/\/toptanhediyekutu.com\/index.php?rest_route=\/wp\/v2\/product"}],"about":[{"href":"https:\/\/toptanhediyekutu.com\/index.php?rest_route=\/wp\/v2\/types\/product"}],"version-history":[{"count":4,"href":"https:\/\/toptanhediyekutu.com\/index.php?rest_route=\/wp\/v2\/product\/4717\/revisions"}],"predecessor-version":[{"id":5559,"href":"https:\/\/toptanhediyekutu.com\/index.php?rest_route=\/wp\/v2\/product\/4717\/revisions\/5559"}],"wp:featuredmedia":[{"embeddable":true,"href":"https:\/\/toptanhediyekutu.com\/index.php?rest_route=\/wp\/v2\/media\/4708"}],"wp:attachment":[{"href":"https:\/\/toptanhediyekutu.com\/index.php?rest_route=%2Fwp%2Fv2%2Fmedia&parent=4717"}],"wp:term":[{"taxonomy":"product_brand","embeddable":true,"href":"https:\/\/toptanhediyekutu.com\/index.php?rest_route=%2Fwp%2Fv2%2Fproduct_brand&post=4717"},{"taxonomy":"product_cat","embeddable":true,"href":"https:\/\/toptanhediyekutu.com\/index.php?rest_route=%2Fwp%2Fv2%2Fproduct_cat&post=4717"},{"taxonomy":"product_tag","embeddable":true,"href":"https:\/\/toptanhediyekutu.com\/index.php?rest_route=%2Fwp%2Fv2%2Fproduct_tag&post=4717"}],"curies":[{"name":"wp","href":"https:\/\/api.w.org\/{rel}","templated":true}]}}