{"id":4714,"date":"2023-03-14T01:55:13","date_gmt":"2023-03-13T22:55:13","guid":{"rendered":"https:\/\/lavenderblush-sheep-125930.hostingersite.com\/?post_type=product&#038;p=4714"},"modified":"2025-10-19T16:59:10","modified_gmt":"2025-10-19T13:59:10","slug":"hediye-kutusu-ebat-31-23-13-cm-6","status":"publish","type":"product","link":"https:\/\/toptanhediyekutu.com\/?product=hediye-kutusu-ebat-31-23-13-cm-6","title":{"rendered":"Hediye Kutusu Ebat:30.5\/23\/13 cm"},"content":{"rendered":"<p>Hediye Kutusu Ebat 30.50\/23\/13 cm<\/p>\n<p>Kullan\u0131lan Malzeme : 1.8 MM L\u00fcx Sert Kal\u0131n Mukavva \u00dczeri Taslama Usul\u00fc \u00dczeri L\u00fcx Fantazi Kag\u0131t S\u0131vama Kaplama )<\/p>\n","protected":false},"excerpt":{"rendered":"<p>https:\/\/youtube.com\/shorts\/3XwEIEJm4LY?si=vv7oH4l0p6Kjwm82<\/p>\n<p>Kullan\u0131lan Malzeme : 1.8 MM L\u00fcx Sert Kal\u0131n Mukavva \u00dczeri Taslama Usul\u00fc \u00dczeri L\u00fcx Fantazi Kag\u0131t S\u0131vama Kaplama )<\/p>\n","protected":false},"featured_media":4705,"template":"","meta":{"_joinchat":[]},"product_brand":[],"product_cat":[594],"product_tag":[1173,1172,1180,1178,1174,1177,87,544,1171,1179,1176,1175],"class_list":{"0":"post-4714","1":"product","2":"type-product","3":"status-publish","4":"has-post-thumbnail","6":"product_cat-dikdortgen-hediye-kutulari","7":"product_tag-akilli-bileklik","8":"product_tag-akilli-saat","9":"product_tag-ceket-hediye-kutusu","10":"product_tag-esofman-hediye-kutusu","11":"product_tag-giyim-hediye-kutusu","12":"product_tag-gomlek-hediye-kutusu","13":"product_tag-hediye-kutusu","14":"product_tag-hediyelik-bos-kutu","15":"product_tag-kilifi","16":"product_tag-pantolon-hediye-kutusu","17":"product_tag-sort-hediye-kutusu","18":"product_tag-tisort-hediye-kutusu","20":"first","21":"instock","22":"taxable","23":"shipping-taxable","24":"product-type-simple"},"_links":{"self":[{"href":"https:\/\/toptanhediyekutu.com\/index.php?rest_route=\/wp\/v2\/product\/4714","targetHints":{"allow":["GET"]}}],"collection":[{"href":"https:\/\/toptanhediyekutu.com\/index.php?rest_route=\/wp\/v2\/product"}],"about":[{"href":"https:\/\/toptanhediyekutu.com\/index.php?rest_route=\/wp\/v2\/types\/product"}],"version-history":[{"count":5,"href":"https:\/\/toptanhediyekutu.com\/index.php?rest_route=\/wp\/v2\/product\/4714\/revisions"}],"predecessor-version":[{"id":6619,"href":"https:\/\/toptanhediyekutu.com\/index.php?rest_route=\/wp\/v2\/product\/4714\/revisions\/6619"}],"wp:featuredmedia":[{"embeddable":true,"href":"https:\/\/toptanhediyekutu.com\/index.php?rest_route=\/wp\/v2\/media\/4705"}],"wp:attachment":[{"href":"https:\/\/toptanhediyekutu.com\/index.php?rest_route=%2Fwp%2Fv2%2Fmedia&parent=4714"}],"wp:term":[{"taxonomy":"product_brand","embeddable":true,"href":"https:\/\/toptanhediyekutu.com\/index.php?rest_route=%2Fwp%2Fv2%2Fproduct_brand&post=4714"},{"taxonomy":"product_cat","embeddable":true,"href":"https:\/\/toptanhediyekutu.com\/index.php?rest_route=%2Fwp%2Fv2%2Fproduct_cat&post=4714"},{"taxonomy":"product_tag","embeddable":true,"href":"https:\/\/toptanhediyekutu.com\/index.php?rest_route=%2Fwp%2Fv2%2Fproduct_tag&post=4714"}],"curies":[{"name":"wp","href":"https:\/\/api.w.org\/{rel}","templated":true}]}}