{"id":4713,"date":"2023-03-14T01:51:48","date_gmt":"2023-03-13T22:51:48","guid":{"rendered":"https:\/\/lavenderblush-sheep-125930.hostingersite.com\/?post_type=product&#038;p=4713"},"modified":"2025-10-19T16:59:15","modified_gmt":"2025-10-19T13:59:15","slug":"hediye-kutusu-ebat-31-23-13-cm-5","status":"publish","type":"product","link":"https:\/\/toptanhediyekutu.com\/?product=hediye-kutusu-ebat-31-23-13-cm-5","title":{"rendered":"Hediye Kutusu Ebat:30.5\/23\/13 cm"},"content":{"rendered":"<p>Hediye Kutusu Ebat 30.50\/23\/13 cm<\/p>\n<p>Kullan\u0131lan Malzeme : 1.8 MM L\u00fcx Sert Kal\u0131n Mukavva \u00dczeri Taslama Usul\u00fc \u00dczeri L\u00fcx Fantazi Kag\u0131t S\u0131vama Kaplama )<\/p>\n","protected":false},"excerpt":{"rendered":"<p>https:\/\/youtube.com\/shorts\/3XwEIEJm4LY?si=vv7oH4l0p6Kjwm82<\/p>\n<p>&nbsp;<\/p>\n<p>Kullan\u0131lan Malzeme : 1.8 MM L\u00fcx Sert Kal\u0131n Mukavva \u00dczeri Taslama Usul\u00fc \u00dczeri L\u00fcx Fantazi Kag\u0131t S\u0131vama Kaplama )<\/p>\n","protected":false},"featured_media":4702,"template":"","meta":{"_joinchat":[]},"product_brand":[],"product_cat":[594],"product_tag":[1165,1168,1166,1167,1169,1164,1170,401],"class_list":{"0":"post-4713","1":"product","2":"type-product","3":"status-publish","4":"has-post-thumbnail","6":"product_cat-dikdortgen-hediye-kutulari","7":"product_tag-100-adet-toptan-hediye-kutusu-nasil-alinir","8":"product_tag-15-adet-toptan-bos-hediye-kutusu-nereden-alinir","9":"product_tag-150-adet-toptan-hediye-kutulari-nasil-alinir","10":"product_tag-25-adet-toptan-toptan-hediyelik-bos-kutu","11":"product_tag-35-adet-toptan-toptan-hediye-kutusu","12":"product_tag-50-adet-toptan-hediye-kutu-nasil-alinir","13":"product_tag-cikolata-hediye-kutulari","14":"product_tag-cikolata-kutulari","16":"first","17":"instock","18":"taxable","19":"shipping-taxable","20":"product-type-simple"},"_links":{"self":[{"href":"https:\/\/toptanhediyekutu.com\/index.php?rest_route=\/wp\/v2\/product\/4713","targetHints":{"allow":["GET"]}}],"collection":[{"href":"https:\/\/toptanhediyekutu.com\/index.php?rest_route=\/wp\/v2\/product"}],"about":[{"href":"https:\/\/toptanhediyekutu.com\/index.php?rest_route=\/wp\/v2\/types\/product"}],"version-history":[{"count":5,"href":"https:\/\/toptanhediyekutu.com\/index.php?rest_route=\/wp\/v2\/product\/4713\/revisions"}],"predecessor-version":[{"id":6620,"href":"https:\/\/toptanhediyekutu.com\/index.php?rest_route=\/wp\/v2\/product\/4713\/revisions\/6620"}],"wp:featuredmedia":[{"embeddable":true,"href":"https:\/\/toptanhediyekutu.com\/index.php?rest_route=\/wp\/v2\/media\/4702"}],"wp:attachment":[{"href":"https:\/\/toptanhediyekutu.com\/index.php?rest_route=%2Fwp%2Fv2%2Fmedia&parent=4713"}],"wp:term":[{"taxonomy":"product_brand","embeddable":true,"href":"https:\/\/toptanhediyekutu.com\/index.php?rest_route=%2Fwp%2Fv2%2Fproduct_brand&post=4713"},{"taxonomy":"product_cat","embeddable":true,"href":"https:\/\/toptanhediyekutu.com\/index.php?rest_route=%2Fwp%2Fv2%2Fproduct_cat&post=4713"},{"taxonomy":"product_tag","embeddable":true,"href":"https:\/\/toptanhediyekutu.com\/index.php?rest_route=%2Fwp%2Fv2%2Fproduct_tag&post=4713"}],"curies":[{"name":"wp","href":"https:\/\/api.w.org\/{rel}","templated":true}]}}