{"id":4710,"date":"2023-03-14T01:45:02","date_gmt":"2023-03-13T22:45:02","guid":{"rendered":"https:\/\/lavenderblush-sheep-125930.hostingersite.com\/?post_type=product&#038;p=4710"},"modified":"2024-11-21T18:48:58","modified_gmt":"2024-11-21T15:48:58","slug":"hediye-kutusu-ebat-31-23-13-cm-2","status":"publish","type":"product","link":"https:\/\/toptanhediyekutu.com\/?product=hediye-kutusu-ebat-31-23-13-cm-2","title":{"rendered":"Hediye Kutusu Ebat:30.5\/23\/13 cm"},"content":{"rendered":"<p><iframe title=\"Kurdelal\u0131 Hediye Kutusu Ebat 30.50\/23\/13 cm\" width=\"1140\" height=\"641\" src=\"https:\/\/www.youtube.com\/embed\/50xoNNMUKCI?feature=oembed\" frameborder=\"0\" allow=\"accelerometer; autoplay; clipboard-write; encrypted-media; gyroscope; picture-in-picture; web-share\" allowfullscreen><\/iframe><\/p>\n<p>&nbsp;<\/p>\n<p>&nbsp;<\/p>\n<p>Kullan\u0131lan Malzeme : 1.8 MM L\u00fcx Sert Kal\u0131n Mukavva \u00dczeri Taslama Usul\u00fc \u00dczeri L\u00fcx Fantazi Kag\u0131t S\u0131vama Kaplama )<\/p>\n","protected":false},"excerpt":{"rendered":"<p>Hediye Kutusu Ebat 31\/23\/13 cm<\/p>\n<p>Kullan\u0131lan Malzeme : 1.8 MM L\u00fcx Sert Kal\u0131n Mukavva \u00dczeri Taslama Usul\u00fc \u00dczeri L\u00fcx Fantazi Kag\u0131t S\u0131vama Kaplama )<\/p>\n","protected":false},"featured_media":4707,"template":"","meta":{"_joinchat":[]},"product_brand":[],"product_cat":[594],"product_tag":[1155,121,1154,1150,1151,1152,84,1149,1153],"class_list":{"0":"post-4710","1":"product","2":"type-product","3":"status-publish","4":"has-post-thumbnail","6":"product_cat-dikdortgen-hediye-kutulari","7":"product_tag-anneye-hediye","8":"product_tag-arkadasa-hediye","9":"product_tag-bayanlara-hediye","10":"product_tag-best-of-gift-box","11":"product_tag-best-of-gift-boxes","12":"product_tag-erkeklere-hediye","13":"product_tag-hediye","14":"product_tag-pretty-gift-box","15":"product_tag-sevgiliye-hediye","17":"first","18":"instock","19":"taxable","20":"shipping-taxable","21":"product-type-simple"},"_links":{"self":[{"href":"https:\/\/toptanhediyekutu.com\/index.php?rest_route=\/wp\/v2\/product\/4710","targetHints":{"allow":["GET"]}}],"collection":[{"href":"https:\/\/toptanhediyekutu.com\/index.php?rest_route=\/wp\/v2\/product"}],"about":[{"href":"https:\/\/toptanhediyekutu.com\/index.php?rest_route=\/wp\/v2\/types\/product"}],"version-history":[{"count":4,"href":"https:\/\/toptanhediyekutu.com\/index.php?rest_route=\/wp\/v2\/product\/4710\/revisions"}],"predecessor-version":[{"id":6622,"href":"https:\/\/toptanhediyekutu.com\/index.php?rest_route=\/wp\/v2\/product\/4710\/revisions\/6622"}],"wp:featuredmedia":[{"embeddable":true,"href":"https:\/\/toptanhediyekutu.com\/index.php?rest_route=\/wp\/v2\/media\/4707"}],"wp:attachment":[{"href":"https:\/\/toptanhediyekutu.com\/index.php?rest_route=%2Fwp%2Fv2%2Fmedia&parent=4710"}],"wp:term":[{"taxonomy":"product_brand","embeddable":true,"href":"https:\/\/toptanhediyekutu.com\/index.php?rest_route=%2Fwp%2Fv2%2Fproduct_brand&post=4710"},{"taxonomy":"product_cat","embeddable":true,"href":"https:\/\/toptanhediyekutu.com\/index.php?rest_route=%2Fwp%2Fv2%2Fproduct_cat&post=4710"},{"taxonomy":"product_tag","embeddable":true,"href":"https:\/\/toptanhediyekutu.com\/index.php?rest_route=%2Fwp%2Fv2%2Fproduct_tag&post=4710"}],"curies":[{"name":"wp","href":"https:\/\/api.w.org\/{rel}","templated":true}]}}