{"id":4699,"date":"2023-03-05T23:46:55","date_gmt":"2023-03-05T20:46:55","guid":{"rendered":"https:\/\/lavenderblush-sheep-125930.hostingersite.com\/?post_type=product&#038;p=4699"},"modified":"2025-02-21T19:59:21","modified_gmt":"2025-02-21T16:59:21","slug":"3-lu-set-kalpli-hediye-kutusu-seti-2","status":"publish","type":"product","link":"https:\/\/toptanhediyekutu.com\/?product=3-lu-set-kalpli-hediye-kutusu-seti-2","title":{"rendered":"Tek Boy Kalpli Hediye Kutu Tek Boy 17\/13.50\/5 cm"},"content":{"rendered":"<p class=\"p1\"><span class=\"s1\">K\u00fc\u00e7\u00fck Boy Kalpli Hediye Kutu Tek Boy 17\/13.50\/5 cm<\/span><\/p>\n<p class=\"p1\"><strong><span class=\"s1\">Elbette 150 Adet Ve \u00dczeri Al\u0131mlarda Logo Bask\u0131l\u0131 \u00fcretim yap\u0131lmaktad\u0131r<\/span><\/strong><\/p>\n<p class=\"p1\"><strong><span class=\"s1\">vE\u00a0Bask\u0131l\u0131 Fiyat Fatih Kayadan \u00d6grenebilirsiniz <\/span><\/strong><\/p>\n<p class=\"p1\"><strong><span class=\"s1\">Bu \u00dcR\u00dcN\u00dcM\u00dcZDEN 100 ADET VE \u00dcZER\u0130 ALINACAK \u0130SE Fatih Kaydan<span class=\"Apple-converted-space\">\u00a0 <\/span>\u0130ND\u0130R\u0130ML\u0130 F\u0130YAT TALEP ETMELISINIZ<\/span><\/strong><\/p>\n","protected":false},"excerpt":{"rendered":"<p>https:\/\/youtube.com\/shorts\/ID0Se0EHqUY?si=i9c3PanM0-arGHkC<\/p>\n","protected":false},"featured_media":5313,"template":"","meta":{"_joinchat":[]},"product_brand":[],"product_cat":[1392],"product_tag":[1140,1142,1127,1129,1128,1124,1130,1125,1123,1141,1126,767],"class_list":{"0":"post-4699","1":"product","2":"type-product","3":"status-publish","4":"has-post-thumbnail","6":"product_cat-kalpli-hediye-kutu","7":"product_tag-hediye-kutusu-icine-ne-koyabilirim","8":"product_tag-kalpli-hediye-kutu-5li","9":"product_tag-kalpli-hediye-kutusu","10":"product_tag-kalpli-hediye-kutusu-fiyatlari","11":"product_tag-kalpli-hediye-kutusu-icine-ne-konur","12":"product_tag-kalpli-kutu-3lu","13":"product_tag-kalpli-kutu-buyuk-boy","14":"product_tag-kalpli-kutu-hazirlama","15":"product_tag-kalpli-kutu-ici-bos","16":"product_tag-kalpli-kutu-yapimi-kolay","17":"product_tag-kalpli-kutular","18":"product_tag-sevgiliye-kutu-hazirlama-icine-ne-konulur","20":"first","21":"instock","22":"taxable","23":"shipping-taxable","24":"product-type-simple"},"_links":{"self":[{"href":"https:\/\/toptanhediyekutu.com\/index.php?rest_route=\/wp\/v2\/product\/4699","targetHints":{"allow":["GET"]}}],"collection":[{"href":"https:\/\/toptanhediyekutu.com\/index.php?rest_route=\/wp\/v2\/product"}],"about":[{"href":"https:\/\/toptanhediyekutu.com\/index.php?rest_route=\/wp\/v2\/types\/product"}],"version-history":[{"count":2,"href":"https:\/\/toptanhediyekutu.com\/index.php?rest_route=\/wp\/v2\/product\/4699\/revisions"}],"predecessor-version":[{"id":6196,"href":"https:\/\/toptanhediyekutu.com\/index.php?rest_route=\/wp\/v2\/product\/4699\/revisions\/6196"}],"wp:featuredmedia":[{"embeddable":true,"href":"https:\/\/toptanhediyekutu.com\/index.php?rest_route=\/wp\/v2\/media\/5313"}],"wp:attachment":[{"href":"https:\/\/toptanhediyekutu.com\/index.php?rest_route=%2Fwp%2Fv2%2Fmedia&parent=4699"}],"wp:term":[{"taxonomy":"product_brand","embeddable":true,"href":"https:\/\/toptanhediyekutu.com\/index.php?rest_route=%2Fwp%2Fv2%2Fproduct_brand&post=4699"},{"taxonomy":"product_cat","embeddable":true,"href":"https:\/\/toptanhediyekutu.com\/index.php?rest_route=%2Fwp%2Fv2%2Fproduct_cat&post=4699"},{"taxonomy":"product_tag","embeddable":true,"href":"https:\/\/toptanhediyekutu.com\/index.php?rest_route=%2Fwp%2Fv2%2Fproduct_tag&post=4699"}],"curies":[{"name":"wp","href":"https:\/\/api.w.org\/{rel}","templated":true}]}}