{"id":4696,"date":"2023-03-05T23:29:16","date_gmt":"2023-03-05T20:29:16","guid":{"rendered":"https:\/\/lavenderblush-sheep-125930.hostingersite.com\/?post_type=product&#038;p=4696"},"modified":"2025-02-21T19:58:51","modified_gmt":"2025-02-21T16:58:51","slug":"kalpli-hediye-kutusu-seti-3-lu-seti","status":"publish","type":"product","link":"https:\/\/toptanhediyekutu.com\/?product=kalpli-hediye-kutusu-seti-3-lu-seti","title":{"rendered":"Tek Boy Kalpli Hediye Kutu Tek Boy 17\/13.50\/5 cm"},"content":{"rendered":"<p>K\u00fc\u00e7\u00fck Boy Kalpli Hediye Kutu Tek Boy 17\/13.50\/5 cm<\/p>\n","protected":false},"excerpt":{"rendered":"<p>https:\/\/youtube.com\/shorts\/ID0Se0EHqUY?si=i9c3PanM0-arGHkC<\/p>\n","protected":false},"featured_media":5315,"template":"","meta":{"_joinchat":[]},"product_brand":[],"product_cat":[1392],"product_tag":[1127,1129,1128,1124,1130,1125,1123,1126],"class_list":{"0":"post-4696","1":"product","2":"type-product","3":"status-publish","4":"has-post-thumbnail","6":"product_cat-kalpli-hediye-kutu","7":"product_tag-kalpli-hediye-kutusu","8":"product_tag-kalpli-hediye-kutusu-fiyatlari","9":"product_tag-kalpli-hediye-kutusu-icine-ne-konur","10":"product_tag-kalpli-kutu-3lu","11":"product_tag-kalpli-kutu-buyuk-boy","12":"product_tag-kalpli-kutu-hazirlama","13":"product_tag-kalpli-kutu-ici-bos","14":"product_tag-kalpli-kutular","16":"first","17":"instock","18":"taxable","19":"shipping-taxable","20":"product-type-simple"},"_links":{"self":[{"href":"https:\/\/toptanhediyekutu.com\/index.php?rest_route=\/wp\/v2\/product\/4696","targetHints":{"allow":["GET"]}}],"collection":[{"href":"https:\/\/toptanhediyekutu.com\/index.php?rest_route=\/wp\/v2\/product"}],"about":[{"href":"https:\/\/toptanhediyekutu.com\/index.php?rest_route=\/wp\/v2\/types\/product"}],"version-history":[{"count":1,"href":"https:\/\/toptanhediyekutu.com\/index.php?rest_route=\/wp\/v2\/product\/4696\/revisions"}],"predecessor-version":[{"id":6198,"href":"https:\/\/toptanhediyekutu.com\/index.php?rest_route=\/wp\/v2\/product\/4696\/revisions\/6198"}],"wp:featuredmedia":[{"embeddable":true,"href":"https:\/\/toptanhediyekutu.com\/index.php?rest_route=\/wp\/v2\/media\/5315"}],"wp:attachment":[{"href":"https:\/\/toptanhediyekutu.com\/index.php?rest_route=%2Fwp%2Fv2%2Fmedia&parent=4696"}],"wp:term":[{"taxonomy":"product_brand","embeddable":true,"href":"https:\/\/toptanhediyekutu.com\/index.php?rest_route=%2Fwp%2Fv2%2Fproduct_brand&post=4696"},{"taxonomy":"product_cat","embeddable":true,"href":"https:\/\/toptanhediyekutu.com\/index.php?rest_route=%2Fwp%2Fv2%2Fproduct_cat&post=4696"},{"taxonomy":"product_tag","embeddable":true,"href":"https:\/\/toptanhediyekutu.com\/index.php?rest_route=%2Fwp%2Fv2%2Fproduct_tag&post=4696"}],"curies":[{"name":"wp","href":"https:\/\/api.w.org\/{rel}","templated":true}]}}