{"id":4694,"date":"2023-03-05T23:24:30","date_gmt":"2023-03-05T20:24:30","guid":{"rendered":"https:\/\/lavenderblush-sheep-125930.hostingersite.com\/?post_type=product&#038;p=4694"},"modified":"2025-02-21T19:58:37","modified_gmt":"2025-02-21T16:58:37","slug":"3-lu-kalpli-hediye-kutusu-seti","status":"publish","type":"product","link":"https:\/\/toptanhediyekutu.com\/?product=3-lu-kalpli-hediye-kutusu-seti","title":{"rendered":"Tek Boy Kalpli Hediye Kutu Tek Boy 17\/13.50\/5 cm"},"content":{"rendered":"<p>K\u00fc\u00e7\u00fck Boy Kalpli Hediye Kutu Tek Boy 17\/13.50\/5 cm<\/p>\n<p class=\"p1\"><strong><span class=\"s1\">Elbette 150 Adet Ve \u00dczeri Al\u0131mlarda Logo Bask\u0131l\u0131 \u00fcretim yap\u0131lmaktad\u0131r<\/span><\/strong><\/p>\n<p class=\"p1\"><strong><span class=\"s1\">vE\u00a0Bask\u0131l\u0131 Fiyat Fatih Kayadan \u00d6grenebilirsiniz <\/span><\/strong><\/p>\n<p class=\"p1\"><strong><span class=\"s1\">Bu \u00dcR\u00dcN\u00dcM\u00dcZDEN 100 ADET VE \u00dcZER\u0130 ALINACAK \u0130SE Fatih Kaydan<span class=\"Apple-converted-space\">\u00a0 <\/span>\u0130ND\u0130R\u0130ML\u0130 F\u0130YAT TALEP ETMELISINIZ<\/span><\/strong><\/p>\n","protected":false},"excerpt":{"rendered":"<p>https:\/\/youtube.com\/shorts\/ID0Se0EHqUY?si=i9c3PanM0-arGHkC<\/p>\n","protected":false},"featured_media":5316,"template":"","meta":{"_joinchat":[]},"product_brand":[],"product_cat":[1392],"product_tag":[1118,373,252,822,287,1122,1121,873,870,1119,1120],"class_list":{"0":"post-4694","1":"product","2":"type-product","3":"status-publish","4":"has-post-thumbnail","6":"product_cat-kalpli-hediye-kutu","7":"product_tag-3-lu-kalpli-hediye-kutusu-seti","8":"product_tag-hediye-kutusu-toptan","9":"product_tag-konsept-hediye-kutusu","10":"product_tag-silindir-hediye-kutusu","11":"product_tag-siyah-hediye-kutusu","12":"product_tag-siyah-hediye-kutusu-dikdortgen","13":"product_tag-siyah-hediye-kutusu-gittigidiyor","14":"product_tag-siyah-hediye-kutusu-yapimi","15":"product_tag-siyah-hediye-kutusu-yuvarlak","16":"product_tag-siyah-kalp-hediye-kutusu-buyuk-salon-kose-yapay-cicekleri","17":"product_tag-yapay-cicek-modelleri-ve-fiyatlari","19":"first","20":"instock","21":"taxable","22":"shipping-taxable","23":"product-type-simple"},"_links":{"self":[{"href":"https:\/\/toptanhediyekutu.com\/index.php?rest_route=\/wp\/v2\/product\/4694","targetHints":{"allow":["GET"]}}],"collection":[{"href":"https:\/\/toptanhediyekutu.com\/index.php?rest_route=\/wp\/v2\/product"}],"about":[{"href":"https:\/\/toptanhediyekutu.com\/index.php?rest_route=\/wp\/v2\/types\/product"}],"version-history":[{"count":2,"href":"https:\/\/toptanhediyekutu.com\/index.php?rest_route=\/wp\/v2\/product\/4694\/revisions"}],"predecessor-version":[{"id":6199,"href":"https:\/\/toptanhediyekutu.com\/index.php?rest_route=\/wp\/v2\/product\/4694\/revisions\/6199"}],"wp:featuredmedia":[{"embeddable":true,"href":"https:\/\/toptanhediyekutu.com\/index.php?rest_route=\/wp\/v2\/media\/5316"}],"wp:attachment":[{"href":"https:\/\/toptanhediyekutu.com\/index.php?rest_route=%2Fwp%2Fv2%2Fmedia&parent=4694"}],"wp:term":[{"taxonomy":"product_brand","embeddable":true,"href":"https:\/\/toptanhediyekutu.com\/index.php?rest_route=%2Fwp%2Fv2%2Fproduct_brand&post=4694"},{"taxonomy":"product_cat","embeddable":true,"href":"https:\/\/toptanhediyekutu.com\/index.php?rest_route=%2Fwp%2Fv2%2Fproduct_cat&post=4694"},{"taxonomy":"product_tag","embeddable":true,"href":"https:\/\/toptanhediyekutu.com\/index.php?rest_route=%2Fwp%2Fv2%2Fproduct_tag&post=4694"}],"curies":[{"name":"wp","href":"https:\/\/api.w.org\/{rel}","templated":true}]}}