{"id":4691,"date":"2023-03-05T23:12:03","date_gmt":"2023-03-05T20:12:03","guid":{"rendered":"https:\/\/lavenderblush-sheep-125930.hostingersite.com\/?post_type=product&#038;p=4691"},"modified":"2025-06-30T20:49:02","modified_gmt":"2025-06-30T17:49:02","slug":"3-lu-hediye-kutusu-seti-21","status":"publish","type":"product","link":"https:\/\/toptanhediyekutu.com\/?product=3-lu-hediye-kutusu-seti-21","title":{"rendered":"Hediye Kutusu 3 L\u00fc Set"},"content":{"rendered":"<p>3 L\u00fc Hediye Kutusu Seti<\/p>\n<p>Kare Hediye Kutu 3 L\u00fc Set<\/p>\n<p>B\u00fcy\u00fck Boy : 20\/20\/10 cm<br \/>\nOrta Boy : 18\/18\/8.5 cm<br \/>\nK\u00fc\u00e7\u00fck Boy : 16\/16\/7 cm<\/p>\n<p>Silindir Hediye Kutu Bo\u015f Ag\u0131rl\u0131k :540 GR<\/p>\n<p>Not : Farkl\u0131 Ebatlarda \u00dcretim Yap\u0131lmaktad\u0131r ( En Az \u00dcretim 100 Adet Olmal\u0131 \u00dcretim \u0130\u00e7in )<\/p>\n<p>Hediyenizi Zenginle\u015ftirmek G\u00fczelle\u015ftirmek \u0130stediginizde<br \/>\nHediyelerinize Yak\u0131\u015facak Hediye Kutular\u0131<\/p>\n<p>\u015eat\u0131\u015f\u0131n\u0131 Yapt\u0131g\u0131n\u0131z \u00dcr\u00fcnleri Daha G\u00fczel Daha Lux Daha Kaliteli \u015eekilde M\u00fc\u015fterilerinize \u00dcr\u00fcnlerinizi<br \/>\nSunmak \u0130stermisiniz<\/p>\n<p>Magzan\u0131za Gelen M\u00fcsterilerinize Farkl\u0131 Renklerde Degi\u015fik Ebatlarda Bo\u015f Hediye Kutusunu<br \/>\nSunarak Ek Kazan\u00e7 Saglayabilirsiniz<\/p>\n","protected":false},"excerpt":{"rendered":"<p>3 L\u00fc Hediye Kutusu Seti<\/p>\n<p>Kare Hediye Kutu 3 L\u00fc Set<\/p>\n<p>B\u00fcy\u00fck Boy : 20\/20\/10 cm<br \/>\nOrta Boy : 18\/18\/8.5 cm<br \/>\nK\u00fc\u00e7\u00fck Boy : 16\/16\/7 cm<\/p>\n<p>Silindir Hediye Kutu Bo\u015f Ag\u0131rl\u0131k :540 GR<\/p>\n<p>Not : Farkl\u0131 Ebatlarda \u00dcretim Yap\u0131lmaktad\u0131r ( En Az \u00dcretim 100 Adet Olmal\u0131 \u00dcretim \u0130\u00e7in )<\/p>\n<p>Hediyenizi Zenginle\u015ftirmek G\u00fczelle\u015ftirmek \u0130stediginizde<br \/>\nHediyelerinize Yak\u0131\u015facak Hediye Kutular\u0131<\/p>\n<p>\u015eat\u0131\u015f\u0131n\u0131 Yapt\u0131g\u0131n\u0131z \u00dcr\u00fcnleri Daha G\u00fczel Daha Lux Daha Kaliteli \u015eekilde M\u00fc\u015fterilerinize \u00dcr\u00fcnlerinizi<br \/>\nSunmak \u0130stermisiniz<\/p>\n<p>Magzan\u0131za Gelen M\u00fcsterilerinize Farkl\u0131 Renklerde Degi\u015fik Ebatlarda Bo\u015f Hediye Kutusunu<br \/>\nSunarak Ek Kazan\u00e7 Saglayabilirsiniz<\/p>\n","protected":false},"featured_media":4669,"template":"","meta":{"_joinchat":[]},"product_brand":[],"product_cat":[15],"product_tag":[932,1095,1094,1096,1097,864,1098,934,1105,1103,1106,1104,1100,1102,1101,1099],"class_list":{"0":"post-4691","1":"product","2":"type-product","3":"status-publish","4":"has-post-thumbnail","6":"product_cat-hediye-kutu","7":"product_tag-ahsap-hediye-kutusu","8":"product_tag-canli-cicek-malzemeleri","9":"product_tag-cicek-malzeme-istanbul","10":"product_tag-cicek-susleme-malzemeleri","11":"product_tag-gelin-cicegi-malzemeleri-nelerdir","12":"product_tag-gelin-cicegi-malzemeleri-nerede-satilir","13":"product_tag-gelin-cicegi-malzemeleri-toptan","14":"product_tag-kadife-hediye-kutusu","15":"product_tag-kadife-kare-kutu","16":"product_tag-kadife-kutu-modelleri","17":"product_tag-kadife-kutu-plaket","18":"product_tag-kadife-kutu-toptan","19":"product_tag-kuru-gelin-cicegi-malzemeleri","20":"product_tag-siyah-kadife-kutu","21":"product_tag-siyah-kutu-hediyelik","22":"product_tag-yapay-cicek-yapimi-malzemeleri","24":"first","25":"instock","26":"taxable","27":"shipping-taxable","28":"product-type-simple"},"_links":{"self":[{"href":"https:\/\/toptanhediyekutu.com\/index.php?rest_route=\/wp\/v2\/product\/4691","targetHints":{"allow":["GET"]}}],"collection":[{"href":"https:\/\/toptanhediyekutu.com\/index.php?rest_route=\/wp\/v2\/product"}],"about":[{"href":"https:\/\/toptanhediyekutu.com\/index.php?rest_route=\/wp\/v2\/types\/product"}],"version-history":[{"count":2,"href":"https:\/\/toptanhediyekutu.com\/index.php?rest_route=\/wp\/v2\/product\/4691\/revisions"}],"predecessor-version":[{"id":6305,"href":"https:\/\/toptanhediyekutu.com\/index.php?rest_route=\/wp\/v2\/product\/4691\/revisions\/6305"}],"wp:featuredmedia":[{"embeddable":true,"href":"https:\/\/toptanhediyekutu.com\/index.php?rest_route=\/wp\/v2\/media\/4669"}],"wp:attachment":[{"href":"https:\/\/toptanhediyekutu.com\/index.php?rest_route=%2Fwp%2Fv2%2Fmedia&parent=4691"}],"wp:term":[{"taxonomy":"product_brand","embeddable":true,"href":"https:\/\/toptanhediyekutu.com\/index.php?rest_route=%2Fwp%2Fv2%2Fproduct_brand&post=4691"},{"taxonomy":"product_cat","embeddable":true,"href":"https:\/\/toptanhediyekutu.com\/index.php?rest_route=%2Fwp%2Fv2%2Fproduct_cat&post=4691"},{"taxonomy":"product_tag","embeddable":true,"href":"https:\/\/toptanhediyekutu.com\/index.php?rest_route=%2Fwp%2Fv2%2Fproduct_tag&post=4691"}],"curies":[{"name":"wp","href":"https:\/\/api.w.org\/{rel}","templated":true}]}}