{"id":4681,"date":"2023-03-05T22:42:58","date_gmt":"2023-03-05T19:42:58","guid":{"rendered":"https:\/\/lavenderblush-sheep-125930.hostingersite.com\/?post_type=product&#038;p=4681"},"modified":"2025-06-30T20:50:11","modified_gmt":"2025-06-30T17:50:11","slug":"3-lu-hediye-kutusu-seti-13","status":"publish","type":"product","link":"https:\/\/toptanhediyekutu.com\/?product=3-lu-hediye-kutusu-seti-13","title":{"rendered":"Hediye Kutusu 3 L\u00fc Set"},"content":{"rendered":"<p>3 L\u00fc Hediye Kutusu Seti<\/p>\n<p>Kare Hediye Kutu 3 L\u00fc Set<\/p>\n<p>B\u00fcy\u00fck Boy : 20\/20\/10 cm<br \/>\nOrta Boy : 18\/18\/8.5 cm<br \/>\nK\u00fc\u00e7\u00fck Boy : 16\/16\/7 cm<\/p>\n<p>Silindir Hediye Kutu Bo\u015f Ag\u0131rl\u0131k :540 GR<\/p>\n<p>Not : Farkl\u0131 Ebatlarda \u00dcretim Yap\u0131lmaktad\u0131r ( En Az \u00dcretim 100 Adet Olmal\u0131 \u00dcretim \u0130\u00e7in )<\/p>\n<p>Hediyenizi Zenginle\u015ftirmek G\u00fczelle\u015ftirmek \u0130stediginizde<br \/>\nHediyelerinize Yak\u0131\u015facak Hediye Kutular\u0131<\/p>\n<p>\u015eat\u0131\u015f\u0131n\u0131 Yapt\u0131g\u0131n\u0131z \u00dcr\u00fcnleri Daha G\u00fczel Daha Lux Daha Kaliteli \u015eekilde M\u00fc\u015fterilerinize \u00dcr\u00fcnlerinizi<br \/>\nSunmak \u0130stermisiniz<\/p>\n<p>Magzan\u0131za Gelen M\u00fcsterilerinize Farkl\u0131 Renklerde Degi\u015fik Ebatlarda Bo\u015f Hediye Kutusunu<br \/>\nSunarak Ek Kazan\u00e7 Saglayabilirsiniz<\/p>\n<p>Kullan\u0131lan Malzeme : 2mm Kuka Silindir Mukavva \u00dczeri 140 Gr F 100 Tak\u0131m \u0130\u00e7in Fiyat Teklif<br \/>\nantazi Lux Kag\u0131t Taslama Usulu \u00dcretilir<\/p>\n<p>\u00dcretim A\u015famas\u0131 : Mukavva \u00dczeri Fantazi Lux Kag\u0131t S\u0131vama Usulu \u0130le El \u0130\u015f\u00e7igigi \u0130le \u00dcretilmi\u015ftir<\/p>\n<p>(Tamam\u0131 \u0130le Yerli \u00dcretim : Madde \u0130n T\u00fcrkiye )<br \/>\nTeslimat \u015eekli :<\/p>\n<p>Not 1 : \u00dcretilen \u00d6zel \u015eipari\u015fler \u0130stanbul \u0130\u00e7i Nakl\u0131ye \u0130le Teslim Edilir ( Nakl\u0131ye \u00dc\u00e7reti Al\u0131c\u0131ya Aittir )<br \/>\nYada<\/p>\n<p>Not 2 : Anlasmal\u0131 Oldugumuz Surat Kargo \u0130le Adresinize Tesl\u0131m Edilir ( Kargo \u00dc\u00e7ret\u0131 Al\u0131c\u0131ya Aittir )<\/p>\n<p>Not 3 : G\u00fcn \u0130\u00e7inde Tesl\u0131m Olmas\u0131 \u0130stenen \u015eipari\u015flerinizi Kurye G\u00f6ndererek D\u00fckkan\u0131m\u0131zdan Ald\u0131rabilirsiniz Kurye \u00dc\u00e7reti Al\u0131c\u0131ya Aittir<\/p>\n<p>Not 4 : 30 Adet Ve Dahada Fazla Al\u0131m Yap\u0131lacak \u0130se Toptan Fiyat Talep Etmelisiniz<\/p>\n<p>\u00dcr\u00fcnlerinizi Dahada G\u00fczel Sunmaya Ne Dersiniz<\/p>\n<p>Hediyelerinize \u00d6zel Hediye Kutular\u0131<\/p>\n<p>Online Bilgi WhatsApp 0 536 431 72 02<\/p>\n<p>Hediye Kutu At\u00f6lyesi :<br \/>\nShowrom: 0 212 531 70 58<br \/>\n\u2014\u2014\u2014\u2014\u2014\u2014\u2014\u2014\u2014\u2014\u2014\u2014\u2014-<br \/>\nWhatsApp 0 536 431 72 02<br \/>\nwww.hediyekutu.com<br \/>\n\u2014\u2014\u2014\u2014\u2014\u2014\u2014\u2014\u2014\u2014\u2014\u2014\u2014-<br \/>\n30 Tak\u0131m \u0130\u00e7in Fiyat Teklif<br \/>\n\u2014\u2014\u2014\u2014\u2014\u2014\u2014\u2014\u2014\u2014\u2014\u2014\u2014-<br \/>\n50 Tak\u0131m \u0130\u00e7in Fiyat Teklif<br \/>\n\u2014\u2014\u2014\u2014\u2014\u2014\u2014\u2014\u2014\u2014\u2014\u2014\u2014-<br \/>\n250 Tak\u0131m \u0130\u00e7in Fiyat Teklif<br \/>\n\u2014\u2014\u2014\u2014\u2014\u2014\u2014\u2014\u2014\u2014\u2014\u2014\u2014-<br \/>\n500 Tak\u0131m \u0130\u00e7in Fiyat Teklif<br \/>\n\u2014\u2014\u2014\u2014\u2014\u2014\u2014\u2014\u2014\u2014\u2014\u2014\u2014-<br \/>\n\u2014\u2014\u2014\u2014\u2014\u2014\u2014\u2014\u2014\u2014\u2014\u2014\u2014-<\/p>\n","protected":false},"excerpt":{"rendered":"<p>&nbsp;<\/p>\n<p>3 L\u00fc Hediye Kutusu Seti<\/p>\n<p>Kare Hediye Kutu 3 L\u00fc Set<\/p>\n<p>B\u00fcy\u00fck Boy : 20\/20\/10 cm<br \/>\nOrta Boy : 18\/18\/8.5 cm<br \/>\nK\u00fc\u00e7\u00fck Boy : 16\/16\/7 cm<\/p>\n<p>Silindir Hediye Kutu Bo\u015f Ag\u0131rl\u0131k :540 GR<\/p>\n<p>Not : Farkl\u0131 Ebatlarda \u00dcretim Yap\u0131lmaktad\u0131r ( En Az \u00dcretim 100 Adet Olmal\u0131 \u00dcretim \u0130\u00e7in )<\/p>\n<p>Hediyenizi Zenginle\u015ftirmek G\u00fczelle\u015ftirmek \u0130stediginizde<br \/>\nHediyelerinize Yak\u0131\u015facak Hediye Kutular\u0131<\/p>\n<p>\u015eat\u0131\u015f\u0131n\u0131 Yapt\u0131g\u0131n\u0131z \u00dcr\u00fcnleri Daha G\u00fczel Daha Lux Daha Kaliteli \u015eekilde M\u00fc\u015fterilerinize \u00dcr\u00fcnlerinizi<br \/>\nSunmak \u0130stermisiniz<\/p>\n<p>Magzan\u0131za Gelen M\u00fcsterilerinize Farkl\u0131 Renklerde Degi\u015fik Ebatlarda Bo\u015f Hediye Kutusunu<br \/>\nSunarak Ek Kazan\u00e7 Saglayabilirsiniz<\/p>\n","protected":false},"featured_media":4677,"template":"","meta":{"_joinchat":[]},"product_brand":[],"product_cat":[15],"product_tag":[1060,1059,1054,98,373,1056,1058,1057,727,1055,287],"class_list":{"0":"post-4681","1":"product","2":"type-product","3":"status-publish","4":"has-post-thumbnail","6":"product_cat-hediye-kutu","7":"product_tag-asetat-kutu","8":"product_tag-buyuk-kare-kutu-modelleri","9":"product_tag-cicek-hediye-kutu-atolyesi","10":"product_tag-hediye-kutusu-bos","11":"product_tag-hediye-kutusu-toptan","12":"product_tag-kare-hediye-kutusu-yapimi","13":"product_tag-kare-karton-kutu","14":"product_tag-kare-kutu-fiyatlari","15":"product_tag-kraft-hediye-kutusu","16":"product_tag-kutu-hediyeler","17":"product_tag-siyah-hediye-kutusu","19":"first","20":"instock","21":"taxable","22":"shipping-taxable","23":"product-type-simple"},"_links":{"self":[{"href":"https:\/\/toptanhediyekutu.com\/index.php?rest_route=\/wp\/v2\/product\/4681","targetHints":{"allow":["GET"]}}],"collection":[{"href":"https:\/\/toptanhediyekutu.com\/index.php?rest_route=\/wp\/v2\/product"}],"about":[{"href":"https:\/\/toptanhediyekutu.com\/index.php?rest_route=\/wp\/v2\/types\/product"}],"version-history":[{"count":2,"href":"https:\/\/toptanhediyekutu.com\/index.php?rest_route=\/wp\/v2\/product\/4681\/revisions"}],"predecessor-version":[{"id":6314,"href":"https:\/\/toptanhediyekutu.com\/index.php?rest_route=\/wp\/v2\/product\/4681\/revisions\/6314"}],"wp:featuredmedia":[{"embeddable":true,"href":"https:\/\/toptanhediyekutu.com\/index.php?rest_route=\/wp\/v2\/media\/4677"}],"wp:attachment":[{"href":"https:\/\/toptanhediyekutu.com\/index.php?rest_route=%2Fwp%2Fv2%2Fmedia&parent=4681"}],"wp:term":[{"taxonomy":"product_brand","embeddable":true,"href":"https:\/\/toptanhediyekutu.com\/index.php?rest_route=%2Fwp%2Fv2%2Fproduct_brand&post=4681"},{"taxonomy":"product_cat","embeddable":true,"href":"https:\/\/toptanhediyekutu.com\/index.php?rest_route=%2Fwp%2Fv2%2Fproduct_cat&post=4681"},{"taxonomy":"product_tag","embeddable":true,"href":"https:\/\/toptanhediyekutu.com\/index.php?rest_route=%2Fwp%2Fv2%2Fproduct_tag&post=4681"}],"curies":[{"name":"wp","href":"https:\/\/api.w.org\/{rel}","templated":true}]}}